{"id":155,"date":"2019-03-25T07:24:49","date_gmt":"2019-03-25T07:24:49","guid":{"rendered":"http:\/\/turizamnekretnine.me\/nekretnine\/sr\/?page_id=155"},"modified":"2026-04-02T13:39:35","modified_gmt":"2026-04-02T11:39:35","slug":"o-nama","status":"publish","type":"page","link":"https:\/\/turizamnekretnine.me\/nekretnine\/o-nama\/","title":{"rendered":"O nama"},"content":{"rendered":"<section class=\"wpb-content-wrapper\"><p>[vc_row][vc_column][vc_column_text css=&#8221;.vc_custom_1553500675376{margin-bottom: 0px !important;padding-bottom: 10px !important;}&#8221;]<\/p>\n<h2 style=\"text-align: center;\">KOLA\u0160IN PROPERTY<\/h2>\n<h3 style=\"text-align: center;\">Va\u0161a nekretnina je na pravom mjestu, uz prave partnere &#8211; Kola\u0161in Property<\/h3>\n<p style=\"text-align: center;\">[\/vc_column_text][vc_separator border_width=&#8221;3&#8243; el_width=&#8221;30&#8243; css=&#8221;.vc_custom_1553500661595{margin-top: 0px !important;padding-top: 0px !important;}&#8221;][vc_column_text]<\/p>\n<p style=\"text-align: center;\">Dobro do\u0161li u Kola\u0161in Property, agenciju za nekretnine osnovanu u decembru 2018. godine, specijalizovanu za prodaju i iznajmljivanje nekretnina u Kola\u0161inu i okolini.<\/p>\n<p style=\"text-align: center;\">Kod nas \u0107ete prona\u0107i veliki izbor nekretnina po najpovoljnijim posredni\u010dkim uslovima i cijenama!<\/p>\n<p style=\"text-align: center;\">Bilo da prodajete ili dajete pod zakup zemlji\u0161te, stan, ku\u0107u ili poslovni prostor, na\u0161a agencija nudi profesionalnu uslugu posredovanja uz proviziju od 3 &#8211; 5 % od ukupne cijene nekretnine.<\/p>\n<p style=\"text-align: center;\">\ud83d\udce2 Otvoreni smo za saradnju sa svim agencijama \u2013 nijesmo konkurencija, ve\u0107 partneri!<\/p>\n<p style=\"text-align: center;\">Vjerujemo u zajedni\u010dki uspjeh i radimo na postizanju najboljih rezultata, posve\u0107eni svakom klijentu bez izuzetka.<\/p>\n<p style=\"text-align: center;\">Otkrijete za\u0161to smo iz malog Kola\u0161ina postali prepoznati na velikom tr\u017ei\u0161tu nekretnina.<\/p>\n<p style=\"text-align: center;\">Va\u0161a nekretnina je na pravom mjestu, uz prave partnere \u2013 Kola\u0161in Property<\/p>\n<p style=\"text-align: center;\">\ud83d\udccd Adresa: Ulica 13. jula, Kola\u0161in 81210, Crna Gora<\/p>\n<p style=\"text-align: center;\">\u23f0 Radno vrijeme: 08.00\u201315.00 \u010d.<\/p>\n<p style=\"text-align: center;\">\ud83d\udcde Kontakt tel: +382 67 081 103<\/p>\n<p style=\"text-align: center;\">\ud83d\udce7 Imejl: kolasinproperty@yahoo.com<\/p>\n<p style=\"text-align: center;\">[\/vc_column_text][\/vc_column][\/vc_row]<\/p>\n<\/section>","protected":false},"excerpt":{"rendered":"<p>[vc_row][vc_column][vc_column_text css=&#8221;.vc_custom_1553500675376{margin-bottom: 0px !important;padding-bottom: 10px !important;}&#8221;] KOLA\u0160IN PROPERTY Va\u0161a nekretnina je na pravom mjestu, uz prave partnere &#8211; Kola\u0161in Property [\/vc_column_text][vc_separator border_width=&#8221;3&#8243; el_width=&#8221;30&#8243; css=&#8221;.vc_custom_1553500661595{margin-top: 0px !important;padding-top: 0px !important;}&#8221;][vc_column_text] Dobro do\u0161li u Kola\u0161in Property, agenciju za nekretnine osnovanu u decembru 2018. godine, specijalizovanu za prodaju i iznajmljivanje nekretnina u Kola\u0161inu i okolini. Kod nas \u0107ete prona\u0107i [&hellip;]<\/p>\n","protected":false},"author":1,"featured_media":0,"parent":0,"menu_order":0,"comment_status":"closed","ping_status":"closed","template":"","meta":{"om_disable_all_campaigns":false,"_monsterinsights_skip_tracking":false,"_monsterinsights_sitenote_active":false,"_monsterinsights_sitenote_note":"","_monsterinsights_sitenote_category":0,"_uf_show_specific_survey":0,"_uf_disable_surveys":false,"footnotes":""},"class_list":["post-155","page","type-page","status-publish","hentry"],"acf":[],"yoast_head":"<!-- This site is optimized with the Yoast SEO Premium plugin v26.4 (Yoast SEO v27.4) - https:\/\/yoast.com\/product\/yoast-seo-premium-wordpress\/ -->\n<title>O nama \u2013 Agencija za nekretnine Kola\u0161in Property<\/title>\n<meta name=\"description\" content=\"Kola\u0161in Property je agencija za nekretnine u Kola\u0161inu specijalizovana za prodaju stanova, ku\u0107a i zemlji\u0161ta\" \/>\n<meta name=\"robots\" content=\"index, follow, max-snippet:-1, max-image-preview:large, max-video-preview:-1\" \/>\n<link rel=\"canonical\" href=\"https:\/\/turizamnekretnine.me\/nekretnine\/o-nama\/\" \/>\n<meta property=\"og:locale\" content=\"sr_RS\" \/>\n<meta property=\"og:type\" content=\"article\" \/>\n<meta property=\"og:title\" content=\"O nama \u2013 Agencija za nekretnine Kola\u0161in Property\" \/>\n<meta property=\"og:description\" content=\"Kola\u0161in Property je agencija za nekretnine u Kola\u0161inu specijalizovana za prodaju stanova, ku\u0107a i zemlji\u0161ta\" \/>\n<meta property=\"og:url\" content=\"https:\/\/turizamnekretnine.me\/nekretnine\/o-nama\/\" \/>\n<meta property=\"og:site_name\" content=\"Kola\u0161in Property\" \/>\n<meta property=\"article:publisher\" content=\"https:\/\/www.facebook.com\/nekretnine.kl\/\" \/>\n<meta property=\"article:modified_time\" content=\"2026-04-02T11:39:35+00:00\" \/>\n<meta property=\"og:image\" content=\"https:\/\/turizamnekretnine.me\/nekretnine\/wp-content\/uploads\/2024\/10\/Kolasin-property-nekretnine.jpg\" \/>\n\t<meta property=\"og:image:width\" content=\"1200\" \/>\n\t<meta property=\"og:image:height\" content=\"675\" \/>\n\t<meta property=\"og:image:type\" content=\"image\/jpeg\" \/>\n<meta name=\"twitter:card\" content=\"summary_large_image\" \/>\n<meta name=\"twitter:title\" content=\"O nama\" \/>\n<meta name=\"twitter:label1\" content=\"\u041f\u0440\u043e\u0446\u0435\u045a\u0435\u043d\u043e \u0432\u0440\u0435\u043c\u0435 \u0447\u0438\u0442\u0430\u045a\u0430\" \/>\n\t<meta name=\"twitter:data1\" content=\"1 \u043c\u0438\u043d\u0443\u0442\" \/>\n<script type=\"application\/ld+json\" class=\"yoast-schema-graph\">{\"@context\":\"https:\\\/\\\/schema.org\",\"@graph\":[{\"@type\":\"WebPage\",\"@id\":\"https:\\\/\\\/turizamnekretnine.me\\\/nekretnine\\\/o-nama\\\/\",\"url\":\"https:\\\/\\\/turizamnekretnine.me\\\/nekretnine\\\/o-nama\\\/\",\"name\":\"O nama \u2013 Agencija za nekretnine Kola\u0161in Property\",\"isPartOf\":{\"@id\":\"https:\\\/\\\/turizamnekretnine.me\\\/nekretnine\\\/#website\"},\"datePublished\":\"2019-03-25T07:24:49+00:00\",\"dateModified\":\"2026-04-02T11:39:35+00:00\",\"description\":\"Kola\u0161in Property je agencija za nekretnine u Kola\u0161inu specijalizovana za prodaju stanova, ku\u0107a i zemlji\u0161ta\",\"breadcrumb\":{\"@id\":\"https:\\\/\\\/turizamnekretnine.me\\\/nekretnine\\\/o-nama\\\/#breadcrumb\"},\"inLanguage\":\"sr-RS\",\"potentialAction\":[{\"@type\":\"ReadAction\",\"target\":[\"https:\\\/\\\/turizamnekretnine.me\\\/nekretnine\\\/o-nama\\\/\"]}]},{\"@type\":\"BreadcrumbList\",\"@id\":\"https:\\\/\\\/turizamnekretnine.me\\\/nekretnine\\\/o-nama\\\/#breadcrumb\",\"itemListElement\":[{\"@type\":\"ListItem\",\"position\":1,\"name\":\"\u041f\u043e\u0447\u0435\u0442\u043d\u0430\",\"item\":\"https:\\\/\\\/turizamnekretnine.me\\\/nekretnine\\\/\"},{\"@type\":\"ListItem\",\"position\":2,\"name\":\"O nama\"}]},{\"@type\":\"WebSite\",\"@id\":\"https:\\\/\\\/turizamnekretnine.me\\\/nekretnine\\\/#website\",\"url\":\"https:\\\/\\\/turizamnekretnine.me\\\/nekretnine\\\/\",\"name\":\"Kola\u0161in Property\",\"description\":\"Real Estate in Kolasin &amp; Northern Montenegro\",\"publisher\":{\"@id\":\"https:\\\/\\\/turizamnekretnine.me\\\/nekretnine\\\/#organization\"},\"alternateName\":\"Nekretnine Kola\u0161in\",\"potentialAction\":[{\"@type\":\"SearchAction\",\"target\":{\"@type\":\"EntryPoint\",\"urlTemplate\":\"https:\\\/\\\/turizamnekretnine.me\\\/nekretnine\\\/?s={search_term_string}\"},\"query-input\":{\"@type\":\"PropertyValueSpecification\",\"valueRequired\":true,\"valueName\":\"search_term_string\"}}],\"inLanguage\":\"sr-RS\"},{\"@type\":\"Organization\",\"@id\":\"https:\\\/\\\/turizamnekretnine.me\\\/nekretnine\\\/#organization\",\"name\":\"KUBURA-PROMET\",\"url\":\"https:\\\/\\\/turizamnekretnine.me\\\/nekretnine\\\/\",\"logo\":{\"@type\":\"ImageObject\",\"inLanguage\":\"sr-RS\",\"@id\":\"https:\\\/\\\/turizamnekretnine.me\\\/nekretnine\\\/#\\\/schema\\\/logo\\\/image\\\/\",\"url\":\"https:\\\/\\\/turizamnekretnine.me\\\/nekretnine\\\/wp-content\\\/uploads\\\/2024\\\/10\\\/Logo-firma-short-1.png\",\"contentUrl\":\"https:\\\/\\\/turizamnekretnine.me\\\/nekretnine\\\/wp-content\\\/uploads\\\/2024\\\/10\\\/Logo-firma-short-1.png\",\"width\":696,\"height\":696,\"caption\":\"KUBURA-PROMET\"},\"image\":{\"@id\":\"https:\\\/\\\/turizamnekretnine.me\\\/nekretnine\\\/#\\\/schema\\\/logo\\\/image\\\/\"},\"sameAs\":[\"https:\\\/\\\/www.facebook.com\\\/nekretnine.kl\\\/\",\"https:\\\/\\\/www.facebook.com\\\/ecotravel.me\"]}]}<\/script>\n<!-- \/ Yoast SEO Premium plugin. -->","yoast_head_json":{"title":"O nama \u2013 Agencija za nekretnine Kola\u0161in Property","description":"Kola\u0161in Property je agencija za nekretnine u Kola\u0161inu specijalizovana za prodaju stanova, ku\u0107a i zemlji\u0161ta","robots":{"index":"index","follow":"follow","max-snippet":"max-snippet:-1","max-image-preview":"max-image-preview:large","max-video-preview":"max-video-preview:-1"},"canonical":"https:\/\/turizamnekretnine.me\/nekretnine\/o-nama\/","og_locale":"sr_RS","og_type":"article","og_title":"O nama \u2013 Agencija za nekretnine Kola\u0161in Property","og_description":"Kola\u0161in Property je agencija za nekretnine u Kola\u0161inu specijalizovana za prodaju stanova, ku\u0107a i zemlji\u0161ta","og_url":"https:\/\/turizamnekretnine.me\/nekretnine\/o-nama\/","og_site_name":"Kola\u0161in Property","article_publisher":"https:\/\/www.facebook.com\/nekretnine.kl\/","article_modified_time":"2026-04-02T11:39:35+00:00","og_image":[{"width":1200,"height":675,"url":"https:\/\/turizamnekretnine.me\/nekretnine\/wp-content\/uploads\/2024\/10\/Kolasin-property-nekretnine.jpg","type":"image\/jpeg"}],"twitter_card":"summary_large_image","twitter_title":"O nama","twitter_misc":{"\u041f\u0440\u043e\u0446\u0435\u045a\u0435\u043d\u043e \u0432\u0440\u0435\u043c\u0435 \u0447\u0438\u0442\u0430\u045a\u0430":"1 \u043c\u0438\u043d\u0443\u0442"},"schema":{"@context":"https:\/\/schema.org","@graph":[{"@type":"WebPage","@id":"https:\/\/turizamnekretnine.me\/nekretnine\/o-nama\/","url":"https:\/\/turizamnekretnine.me\/nekretnine\/o-nama\/","name":"O nama \u2013 Agencija za nekretnine Kola\u0161in Property","isPartOf":{"@id":"https:\/\/turizamnekretnine.me\/nekretnine\/#website"},"datePublished":"2019-03-25T07:24:49+00:00","dateModified":"2026-04-02T11:39:35+00:00","description":"Kola\u0161in Property je agencija za nekretnine u Kola\u0161inu specijalizovana za prodaju stanova, ku\u0107a i zemlji\u0161ta","breadcrumb":{"@id":"https:\/\/turizamnekretnine.me\/nekretnine\/o-nama\/#breadcrumb"},"inLanguage":"sr-RS","potentialAction":[{"@type":"ReadAction","target":["https:\/\/turizamnekretnine.me\/nekretnine\/o-nama\/"]}]},{"@type":"BreadcrumbList","@id":"https:\/\/turizamnekretnine.me\/nekretnine\/o-nama\/#breadcrumb","itemListElement":[{"@type":"ListItem","position":1,"name":"\u041f\u043e\u0447\u0435\u0442\u043d\u0430","item":"https:\/\/turizamnekretnine.me\/nekretnine\/"},{"@type":"ListItem","position":2,"name":"O nama"}]},{"@type":"WebSite","@id":"https:\/\/turizamnekretnine.me\/nekretnine\/#website","url":"https:\/\/turizamnekretnine.me\/nekretnine\/","name":"Kola\u0161in Property","description":"Real Estate in Kolasin &amp; Northern Montenegro","publisher":{"@id":"https:\/\/turizamnekretnine.me\/nekretnine\/#organization"},"alternateName":"Nekretnine Kola\u0161in","potentialAction":[{"@type":"SearchAction","target":{"@type":"EntryPoint","urlTemplate":"https:\/\/turizamnekretnine.me\/nekretnine\/?s={search_term_string}"},"query-input":{"@type":"PropertyValueSpecification","valueRequired":true,"valueName":"search_term_string"}}],"inLanguage":"sr-RS"},{"@type":"Organization","@id":"https:\/\/turizamnekretnine.me\/nekretnine\/#organization","name":"KUBURA-PROMET","url":"https:\/\/turizamnekretnine.me\/nekretnine\/","logo":{"@type":"ImageObject","inLanguage":"sr-RS","@id":"https:\/\/turizamnekretnine.me\/nekretnine\/#\/schema\/logo\/image\/","url":"https:\/\/turizamnekretnine.me\/nekretnine\/wp-content\/uploads\/2024\/10\/Logo-firma-short-1.png","contentUrl":"https:\/\/turizamnekretnine.me\/nekretnine\/wp-content\/uploads\/2024\/10\/Logo-firma-short-1.png","width":696,"height":696,"caption":"KUBURA-PROMET"},"image":{"@id":"https:\/\/turizamnekretnine.me\/nekretnine\/#\/schema\/logo\/image\/"},"sameAs":["https:\/\/www.facebook.com\/nekretnine.kl\/","https:\/\/www.facebook.com\/ecotravel.me"]}]}},"_links":{"self":[{"href":"https:\/\/turizamnekretnine.me\/nekretnine\/wp-json\/wp\/v2\/pages\/155","targetHints":{"allow":["GET"]}}],"collection":[{"href":"https:\/\/turizamnekretnine.me\/nekretnine\/wp-json\/wp\/v2\/pages"}],"about":[{"href":"https:\/\/turizamnekretnine.me\/nekretnine\/wp-json\/wp\/v2\/types\/page"}],"author":[{"embeddable":true,"href":"https:\/\/turizamnekretnine.me\/nekretnine\/wp-json\/wp\/v2\/users\/1"}],"replies":[{"embeddable":true,"href":"https:\/\/turizamnekretnine.me\/nekretnine\/wp-json\/wp\/v2\/comments?post=155"}],"version-history":[{"count":30,"href":"https:\/\/turizamnekretnine.me\/nekretnine\/wp-json\/wp\/v2\/pages\/155\/revisions"}],"predecessor-version":[{"id":5386,"href":"https:\/\/turizamnekretnine.me\/nekretnine\/wp-json\/wp\/v2\/pages\/155\/revisions\/5386"}],"wp:attachment":[{"href":"https:\/\/turizamnekretnine.me\/nekretnine\/wp-json\/wp\/v2\/media?parent=155"}],"curies":[{"name":"wp","href":"https:\/\/api.w.org\/{rel}","templated":true}]}}