{"id":156,"date":"2019-03-25T07:24:22","date_gmt":"2019-03-25T07:24:22","guid":{"rendered":"http:\/\/turizamnekretnine.me\/nekretnine\/?page_id=156"},"modified":"2026-04-01T09:14:49","modified_gmt":"2026-04-01T07:14:49","slug":"nekretnine","status":"publish","type":"page","link":"https:\/\/turizamnekretnine.me\/nekretnine\/","title":{"rendered":"Agencija za nekretnine"},"content":{"rendered":"<section class=\"wpb-content-wrapper\"><p>[vc_row][vc_column css=&#8221;.vc_custom_1553500184708{padding-top: 0px !important;padding-bottom: 0px !important;}&#8221;][rev_slider_vc alias=&#8221;slider1&#8243;][\/vc_column][\/vc_row][vc_row][vc_column]\t<div class=\"owl-carousel  owl-carousel--visible-5 owl-carousel--no-auto-play\">\r\n\t\t\t\t\t<div class=\"item\">\r\n\t\t\t\t<div class=\"mh-box__content\">\r\n\t\t\t\t\t<a href=\"https:\/\/turizamnekretnine.me\/nekretnine\/city\/kolasin\/\"\r\n\t\t\t\t\t   title=\"Kola\u0161in\"\r\n\t\t\t\t\t   class=\"mh-box\">\r\n                        <span class=\"mh-box__img-wrapper\">\r\n                            \t\t<img\r\n\t\t\t\t\t\t\tdata-srcset=\"https:\/\/turizamnekretnine.me\/nekretnine\/wp-content\/uploads\/2026\/03\/Nekretnine-Kolasin-120x75.jpg 120w, https:\/\/turizamnekretnine.me\/nekretnine\/wp-content\/uploads\/2026\/03\/Nekretnine-Kolasin-848x530.jpg 848w, https:\/\/turizamnekretnine.me\/nekretnine\/wp-content\/uploads\/2026\/03\/Nekretnine-Kolasin-600x375.jpg 600w, https:\/\/turizamnekretnine.me\/nekretnine\/wp-content\/uploads\/2026\/03\/Nekretnine-Kolasin-400x250.jpg 400w, https:\/\/turizamnekretnine.me\/nekretnine\/wp-content\/uploads\/2026\/03\/Nekretnine-Kolasin-224x140.jpg 224w\"\r\n\t\t\t\tclass=\"lazyload \"\r\n\t\t\t\tdata-sizes=\"auto\"\r\n\t\t\t\t\t\talt=\"Kola\u0161in\"\r\n\t\t>\r\n\t\t                        <\/span>\r\n\t\t\t\t\t\t<div class=\"mh-box__middle\">\r\n\t\t\t\t\t\t\t<h3 class=\"mh-box__title mh-heading mh-heading--style-3\">\r\n\t\t\t\t\t\t\t\tKola\u0161in\t\t\t\t\t\t\t<\/h3>\r\n\t\t\t\t\t\t<\/div>\r\n\t\t\t\t\t<\/a>\r\n\t\t\t\t<\/div>\r\n\t\t\t<\/div>\r\n\t\t\t\t\t<div class=\"item\">\r\n\t\t\t\t<div class=\"mh-box__content\">\r\n\t\t\t\t\t<a href=\"https:\/\/turizamnekretnine.me\/nekretnine\/city\/mojkovac\/\"\r\n\t\t\t\t\t   title=\"Mojkovac\"\r\n\t\t\t\t\t   class=\"mh-box\">\r\n                        <span class=\"mh-box__img-wrapper\">\r\n                            \t\t<img\r\n\t\t\t\t\t\t\tdata-srcset=\"https:\/\/turizamnekretnine.me\/nekretnine\/wp-content\/uploads\/2026\/03\/Nekretnine-Mojkovac-120x75.jpg 120w, https:\/\/turizamnekretnine.me\/nekretnine\/wp-content\/uploads\/2026\/03\/Nekretnine-Mojkovac-848x530.jpg 848w, https:\/\/turizamnekretnine.me\/nekretnine\/wp-content\/uploads\/2026\/03\/Nekretnine-Mojkovac-600x375.jpg 600w, https:\/\/turizamnekretnine.me\/nekretnine\/wp-content\/uploads\/2026\/03\/Nekretnine-Mojkovac-400x250.jpg 400w, https:\/\/turizamnekretnine.me\/nekretnine\/wp-content\/uploads\/2026\/03\/Nekretnine-Mojkovac-224x140.jpg 224w\"\r\n\t\t\t\tclass=\"lazyload \"\r\n\t\t\t\tdata-sizes=\"auto\"\r\n\t\t\t\t\t\talt=\"Mojkovac\"\r\n\t\t>\r\n\t\t                        <\/span>\r\n\t\t\t\t\t\t<div class=\"mh-box__middle\">\r\n\t\t\t\t\t\t\t<h3 class=\"mh-box__title mh-heading mh-heading--style-3\">\r\n\t\t\t\t\t\t\t\tMojkovac\t\t\t\t\t\t\t<\/h3>\r\n\t\t\t\t\t\t<\/div>\r\n\t\t\t\t\t<\/a>\r\n\t\t\t\t<\/div>\r\n\t\t\t<\/div>\r\n\t\t\t\t\t<div class=\"item\">\r\n\t\t\t\t<div class=\"mh-box__content\">\r\n\t\t\t\t\t<a href=\"https:\/\/turizamnekretnine.me\/nekretnine\/city\/bijelo-polje\/\"\r\n\t\t\t\t\t   title=\"Bijelo Polje\"\r\n\t\t\t\t\t   class=\"mh-box\">\r\n                        <span class=\"mh-box__img-wrapper\">\r\n                            \t\t<img\r\n\t\t\t\t\t\t\tdata-srcset=\"https:\/\/turizamnekretnine.me\/nekretnine\/wp-content\/uploads\/2026\/03\/Nekretnine-Bijelo-Polje-120x75.jpg 120w, https:\/\/turizamnekretnine.me\/nekretnine\/wp-content\/uploads\/2026\/03\/Nekretnine-Bijelo-Polje-848x530.jpg 848w, https:\/\/turizamnekretnine.me\/nekretnine\/wp-content\/uploads\/2026\/03\/Nekretnine-Bijelo-Polje-600x375.jpg 600w, https:\/\/turizamnekretnine.me\/nekretnine\/wp-content\/uploads\/2026\/03\/Nekretnine-Bijelo-Polje-400x250.jpg 400w, https:\/\/turizamnekretnine.me\/nekretnine\/wp-content\/uploads\/2026\/03\/Nekretnine-Bijelo-Polje-224x140.jpg 224w\"\r\n\t\t\t\tclass=\"lazyload \"\r\n\t\t\t\tdata-sizes=\"auto\"\r\n\t\t\t\t\t\talt=\"Bijelo Polje\"\r\n\t\t>\r\n\t\t                        <\/span>\r\n\t\t\t\t\t\t<div class=\"mh-box__middle\">\r\n\t\t\t\t\t\t\t<h3 class=\"mh-box__title mh-heading mh-heading--style-3\">\r\n\t\t\t\t\t\t\t\tBijelo Polje\t\t\t\t\t\t\t<\/h3>\r\n\t\t\t\t\t\t<\/div>\r\n\t\t\t\t\t<\/a>\r\n\t\t\t\t<\/div>\r\n\t\t\t<\/div>\r\n\t\t\t\t\t<div class=\"item\">\r\n\t\t\t\t<div class=\"mh-box__content\">\r\n\t\t\t\t\t<a href=\"https:\/\/turizamnekretnine.me\/nekretnine\/city\/andrijevica\/\"\r\n\t\t\t\t\t   title=\"Andrijevica\"\r\n\t\t\t\t\t   class=\"mh-box\">\r\n                        <span class=\"mh-box__img-wrapper\">\r\n                            \t\t<img\r\n\t\t\t\t\t\t\tdata-srcset=\"https:\/\/turizamnekretnine.me\/nekretnine\/wp-content\/uploads\/2026\/03\/Nekretnine-Andrijevica-120x75.jpg 120w, https:\/\/turizamnekretnine.me\/nekretnine\/wp-content\/uploads\/2026\/03\/Nekretnine-Andrijevica-848x530.jpg 848w, https:\/\/turizamnekretnine.me\/nekretnine\/wp-content\/uploads\/2026\/03\/Nekretnine-Andrijevica-600x375.jpg 600w, https:\/\/turizamnekretnine.me\/nekretnine\/wp-content\/uploads\/2026\/03\/Nekretnine-Andrijevica-400x250.jpg 400w, https:\/\/turizamnekretnine.me\/nekretnine\/wp-content\/uploads\/2026\/03\/Nekretnine-Andrijevica-224x140.jpg 224w\"\r\n\t\t\t\tclass=\"lazyload \"\r\n\t\t\t\tdata-sizes=\"auto\"\r\n\t\t\t\t\t\talt=\"Andrijevica\"\r\n\t\t>\r\n\t\t                        <\/span>\r\n\t\t\t\t\t\t<div class=\"mh-box__middle\">\r\n\t\t\t\t\t\t\t<h3 class=\"mh-box__title mh-heading mh-heading--style-3\">\r\n\t\t\t\t\t\t\t\tAndrijevica\t\t\t\t\t\t\t<\/h3>\r\n\t\t\t\t\t\t<\/div>\r\n\t\t\t\t\t<\/a>\r\n\t\t\t\t<\/div>\r\n\t\t\t<\/div>\r\n\t\t\t\t\t<div class=\"item\">\r\n\t\t\t\t<div class=\"mh-box__content\">\r\n\t\t\t\t\t<a href=\"https:\/\/turizamnekretnine.me\/nekretnine\/city\/berane\/\"\r\n\t\t\t\t\t   title=\"Berane\"\r\n\t\t\t\t\t   class=\"mh-box\">\r\n                        <span class=\"mh-box__img-wrapper\">\r\n                            \t\t<img\r\n\t\t\t\t\t\t\tdata-srcset=\"https:\/\/turizamnekretnine.me\/nekretnine\/wp-content\/uploads\/2026\/03\/Nekretnine-Berane-120x75.jpg 120w, https:\/\/turizamnekretnine.me\/nekretnine\/wp-content\/uploads\/2026\/03\/Nekretnine-Berane-848x530.jpg 848w, https:\/\/turizamnekretnine.me\/nekretnine\/wp-content\/uploads\/2026\/03\/Nekretnine-Berane-600x375.jpg 600w, https:\/\/turizamnekretnine.me\/nekretnine\/wp-content\/uploads\/2026\/03\/Nekretnine-Berane-400x250.jpg 400w, https:\/\/turizamnekretnine.me\/nekretnine\/wp-content\/uploads\/2026\/03\/Nekretnine-Berane-224x140.jpg 224w\"\r\n\t\t\t\tclass=\"lazyload \"\r\n\t\t\t\tdata-sizes=\"auto\"\r\n\t\t\t\t\t\talt=\"Berane\"\r\n\t\t>\r\n\t\t                        <\/span>\r\n\t\t\t\t\t\t<div class=\"mh-box__middle\">\r\n\t\t\t\t\t\t\t<h3 class=\"mh-box__title mh-heading mh-heading--style-3\">\r\n\t\t\t\t\t\t\t\tBerane\t\t\t\t\t\t\t<\/h3>\r\n\t\t\t\t\t\t<\/div>\r\n\t\t\t\t\t<\/a>\r\n\t\t\t\t<\/div>\r\n\t\t\t<\/div>\r\n\t\t\t\t\t<div class=\"item\">\r\n\t\t\t\t<div class=\"mh-box__content\">\r\n\t\t\t\t\t<a href=\"https:\/\/turizamnekretnine.me\/nekretnine\/city\/kotor\/\"\r\n\t\t\t\t\t   title=\"Kotor\"\r\n\t\t\t\t\t   class=\"mh-box\">\r\n                        <span class=\"mh-box__img-wrapper\">\r\n                                                    <\/span>\r\n\t\t\t\t\t\t<div class=\"mh-box__middle\">\r\n\t\t\t\t\t\t\t<h3 class=\"mh-box__title mh-heading mh-heading--style-3\">\r\n\t\t\t\t\t\t\t\tKotor\t\t\t\t\t\t\t<\/h3>\r\n\t\t\t\t\t\t<\/div>\r\n\t\t\t\t\t<\/a>\r\n\t\t\t\t<\/div>\r\n\t\t\t<\/div>\r\n\t\t\t<\/div>\r\n\t[\/vc_column][\/vc_row][vc_row][vc_column]\t\t<listing-grid\r\n\t\t\tid=\"myhome-listing-grid\"\r\n\t\t\tclass=\"\"\r\n\t\t\tconfig-key='MyHomeListing1776958872'\r\n\t\t>\r\n\t\t\t\t\t<\/listing-grid>\r\n\t\t[\/vc_column][\/vc_row]<\/p>\n<\/section>","protected":false},"excerpt":{"rendered":"<p>Agencija Kola\u0161in Property nudi prodaju i zakup nekretnina prete\u017eno na sjeveru Crne Gore. Na\u0161a misija je da spojimo prirodnu ljepotu i autenti\u010dnost sa savremenim na\u010dinom \u017eivota i poslovanja. Otkrijte dom ili investiciju po svojoj mjeri.<\/p>\n","protected":false},"author":1,"featured_media":5377,"parent":0,"menu_order":0,"comment_status":"closed","ping_status":"closed","template":"page_full-width.php","meta":{"om_disable_all_campaigns":false,"_monsterinsights_skip_tracking":false,"_monsterinsights_sitenote_active":false,"_monsterinsights_sitenote_note":"","_monsterinsights_sitenote_category":0,"_uf_show_specific_survey":0,"_uf_disable_surveys":false,"footnotes":""},"class_list":["post-156","page","type-page","status-publish","has-post-thumbnail","hentry"],"acf":[],"yoast_head":"<!-- This site is optimized with the Yoast SEO Premium plugin v26.4 (Yoast SEO v27.4) - https:\/\/yoast.com\/product\/yoast-seo-premium-wordpress\/ -->\n<title>Nekretnine u Kola\u0161inu i Crnoj Gori | Kola\u0161in Property<\/title>\n<meta name=\"description\" content=\"Prodaja stanova, ku\u0107a i placeva u Kola\u0161inu i u Crnoj Gori. Urbanizovani placevi, investicione parcele i nekretnine u ski zoni\" \/>\n<meta name=\"robots\" content=\"index, follow, max-snippet:-1, max-image-preview:large, max-video-preview:-1\" \/>\n<link rel=\"canonical\" href=\"https:\/\/turizamnekretnine.me\/nekretnine\/\" \/>\n<meta property=\"og:locale\" content=\"sr_RS\" \/>\n<meta property=\"og:type\" content=\"article\" \/>\n<meta property=\"og:title\" content=\"Nekretnine u Kola\u0161inu i Crnoj Gori\" \/>\n<meta property=\"og:description\" content=\"Prodaja stanova, ku\u0107a i placeva u Kola\u0161inu i u Crnoj Gori. Urbanizovani placevi, investicione parcele i nekretnine u ski zoni\" \/>\n<meta property=\"og:url\" content=\"https:\/\/turizamnekretnine.me\/nekretnine\/\" \/>\n<meta property=\"og:site_name\" content=\"Kola\u0161in Property\" \/>\n<meta property=\"article:publisher\" content=\"https:\/\/www.facebook.com\/nekretnine.kl\/\" \/>\n<meta property=\"article:modified_time\" content=\"2026-04-01T07:14:49+00:00\" \/>\n<meta property=\"og:image\" content=\"https:\/\/turizamnekretnine.me\/nekretnine\/wp-content\/uploads\/2026\/04\/Kolasin-Property-Montenegro.jpg\" \/>\n\t<meta property=\"og:image:width\" content=\"1600\" \/>\n\t<meta property=\"og:image:height\" content=\"1067\" \/>\n\t<meta property=\"og:image:type\" content=\"image\/jpeg\" \/>\n<meta name=\"twitter:card\" content=\"summary_large_image\" \/>\n<meta name=\"twitter:title\" content=\"Agencija za nekretnine\" \/>\n<meta name=\"twitter:label1\" content=\"\u041f\u0440\u043e\u0446\u0435\u045a\u0435\u043d\u043e \u0432\u0440\u0435\u043c\u0435 \u0447\u0438\u0442\u0430\u045a\u0430\" \/>\n\t<meta name=\"twitter:data1\" content=\"1 \u043c\u0438\u043d\u0443\u0442\" \/>\n<script type=\"application\/ld+json\" class=\"yoast-schema-graph\">{\"@context\":\"https:\\\/\\\/schema.org\",\"@graph\":[{\"@type\":\"WebPage\",\"@id\":\"https:\\\/\\\/turizamnekretnine.me\\\/nekretnine\\\/\",\"url\":\"https:\\\/\\\/turizamnekretnine.me\\\/nekretnine\\\/\",\"name\":\"Nekretnine u Kola\u0161inu i Crnoj Gori | Kola\u0161in Property\",\"isPartOf\":{\"@id\":\"https:\\\/\\\/turizamnekretnine.me\\\/nekretnine\\\/#website\"},\"primaryImageOfPage\":{\"@id\":\"https:\\\/\\\/turizamnekretnine.me\\\/nekretnine\\\/#primaryimage\"},\"image\":{\"@id\":\"https:\\\/\\\/turizamnekretnine.me\\\/nekretnine\\\/#primaryimage\"},\"thumbnailUrl\":\"https:\\\/\\\/turizamnekretnine.me\\\/nekretnine\\\/wp-content\\\/uploads\\\/2026\\\/04\\\/Kolasin-Property-Montenegro.jpg\",\"datePublished\":\"2019-03-25T07:24:22+00:00\",\"dateModified\":\"2026-04-01T07:14:49+00:00\",\"description\":\"Prodaja stanova, ku\u0107a i placeva u Kola\u0161inu i u Crnoj Gori. Urbanizovani placevi, investicione parcele i nekretnine u ski zoni\",\"breadcrumb\":{\"@id\":\"https:\\\/\\\/turizamnekretnine.me\\\/nekretnine\\\/#breadcrumb\"},\"inLanguage\":\"sr-RS\",\"potentialAction\":[{\"@type\":\"ReadAction\",\"target\":[\"https:\\\/\\\/turizamnekretnine.me\\\/nekretnine\\\/\"]}]},{\"@type\":\"ImageObject\",\"inLanguage\":\"sr-RS\",\"@id\":\"https:\\\/\\\/turizamnekretnine.me\\\/nekretnine\\\/#primaryimage\",\"url\":\"https:\\\/\\\/turizamnekretnine.me\\\/nekretnine\\\/wp-content\\\/uploads\\\/2026\\\/04\\\/Kolasin-Property-Montenegro.jpg\",\"contentUrl\":\"https:\\\/\\\/turizamnekretnine.me\\\/nekretnine\\\/wp-content\\\/uploads\\\/2026\\\/04\\\/Kolasin-Property-Montenegro.jpg\",\"width\":1600,\"height\":1067},{\"@type\":\"BreadcrumbList\",\"@id\":\"https:\\\/\\\/turizamnekretnine.me\\\/nekretnine\\\/#breadcrumb\",\"itemListElement\":[{\"@type\":\"ListItem\",\"position\":1,\"name\":\"\u041f\u043e\u0447\u0435\u0442\u043d\u0430\",\"item\":\"https:\\\/\\\/turizamnekretnine.me\\\/nekretnine\\\/\"},{\"@type\":\"ListItem\",\"position\":2,\"name\":\"Agencija za nekretnine\"}]},{\"@type\":\"WebSite\",\"@id\":\"https:\\\/\\\/turizamnekretnine.me\\\/nekretnine\\\/#website\",\"url\":\"https:\\\/\\\/turizamnekretnine.me\\\/nekretnine\\\/\",\"name\":\"Kola\u0161in Property\",\"description\":\"Real Estate in Kolasin &amp; Northern Montenegro\",\"publisher\":{\"@id\":\"https:\\\/\\\/turizamnekretnine.me\\\/nekretnine\\\/#organization\"},\"alternateName\":\"Nekretnine Kola\u0161in\",\"potentialAction\":[{\"@type\":\"SearchAction\",\"target\":{\"@type\":\"EntryPoint\",\"urlTemplate\":\"https:\\\/\\\/turizamnekretnine.me\\\/nekretnine\\\/?s={search_term_string}\"},\"query-input\":{\"@type\":\"PropertyValueSpecification\",\"valueRequired\":true,\"valueName\":\"search_term_string\"}}],\"inLanguage\":\"sr-RS\"},{\"@type\":\"Organization\",\"@id\":\"https:\\\/\\\/turizamnekretnine.me\\\/nekretnine\\\/#organization\",\"name\":\"KUBURA-PROMET\",\"url\":\"https:\\\/\\\/turizamnekretnine.me\\\/nekretnine\\\/\",\"logo\":{\"@type\":\"ImageObject\",\"inLanguage\":\"sr-RS\",\"@id\":\"https:\\\/\\\/turizamnekretnine.me\\\/nekretnine\\\/#\\\/schema\\\/logo\\\/image\\\/\",\"url\":\"https:\\\/\\\/turizamnekretnine.me\\\/nekretnine\\\/wp-content\\\/uploads\\\/2024\\\/10\\\/Logo-firma-short-1.png\",\"contentUrl\":\"https:\\\/\\\/turizamnekretnine.me\\\/nekretnine\\\/wp-content\\\/uploads\\\/2024\\\/10\\\/Logo-firma-short-1.png\",\"width\":696,\"height\":696,\"caption\":\"KUBURA-PROMET\"},\"image\":{\"@id\":\"https:\\\/\\\/turizamnekretnine.me\\\/nekretnine\\\/#\\\/schema\\\/logo\\\/image\\\/\"},\"sameAs\":[\"https:\\\/\\\/www.facebook.com\\\/nekretnine.kl\\\/\",\"https:\\\/\\\/www.facebook.com\\\/ecotravel.me\"]}]}<\/script>\n<!-- \/ Yoast SEO Premium plugin. -->","yoast_head_json":{"title":"Nekretnine u Kola\u0161inu i Crnoj Gori | Kola\u0161in Property","description":"Prodaja stanova, ku\u0107a i placeva u Kola\u0161inu i u Crnoj Gori. Urbanizovani placevi, investicione parcele i nekretnine u ski zoni","robots":{"index":"index","follow":"follow","max-snippet":"max-snippet:-1","max-image-preview":"max-image-preview:large","max-video-preview":"max-video-preview:-1"},"canonical":"https:\/\/turizamnekretnine.me\/nekretnine\/","og_locale":"sr_RS","og_type":"article","og_title":"Nekretnine u Kola\u0161inu i Crnoj Gori","og_description":"Prodaja stanova, ku\u0107a i placeva u Kola\u0161inu i u Crnoj Gori. Urbanizovani placevi, investicione parcele i nekretnine u ski zoni","og_url":"https:\/\/turizamnekretnine.me\/nekretnine\/","og_site_name":"Kola\u0161in Property","article_publisher":"https:\/\/www.facebook.com\/nekretnine.kl\/","article_modified_time":"2026-04-01T07:14:49+00:00","og_image":[{"width":1600,"height":1067,"url":"https:\/\/turizamnekretnine.me\/nekretnine\/wp-content\/uploads\/2026\/04\/Kolasin-Property-Montenegro.jpg","type":"image\/jpeg"}],"twitter_card":"summary_large_image","twitter_title":"Agencija za nekretnine","twitter_misc":{"\u041f\u0440\u043e\u0446\u0435\u045a\u0435\u043d\u043e \u0432\u0440\u0435\u043c\u0435 \u0447\u0438\u0442\u0430\u045a\u0430":"1 \u043c\u0438\u043d\u0443\u0442"},"schema":{"@context":"https:\/\/schema.org","@graph":[{"@type":"WebPage","@id":"https:\/\/turizamnekretnine.me\/nekretnine\/","url":"https:\/\/turizamnekretnine.me\/nekretnine\/","name":"Nekretnine u Kola\u0161inu i Crnoj Gori | Kola\u0161in Property","isPartOf":{"@id":"https:\/\/turizamnekretnine.me\/nekretnine\/#website"},"primaryImageOfPage":{"@id":"https:\/\/turizamnekretnine.me\/nekretnine\/#primaryimage"},"image":{"@id":"https:\/\/turizamnekretnine.me\/nekretnine\/#primaryimage"},"thumbnailUrl":"https:\/\/turizamnekretnine.me\/nekretnine\/wp-content\/uploads\/2026\/04\/Kolasin-Property-Montenegro.jpg","datePublished":"2019-03-25T07:24:22+00:00","dateModified":"2026-04-01T07:14:49+00:00","description":"Prodaja stanova, ku\u0107a i placeva u Kola\u0161inu i u Crnoj Gori. Urbanizovani placevi, investicione parcele i nekretnine u ski zoni","breadcrumb":{"@id":"https:\/\/turizamnekretnine.me\/nekretnine\/#breadcrumb"},"inLanguage":"sr-RS","potentialAction":[{"@type":"ReadAction","target":["https:\/\/turizamnekretnine.me\/nekretnine\/"]}]},{"@type":"ImageObject","inLanguage":"sr-RS","@id":"https:\/\/turizamnekretnine.me\/nekretnine\/#primaryimage","url":"https:\/\/turizamnekretnine.me\/nekretnine\/wp-content\/uploads\/2026\/04\/Kolasin-Property-Montenegro.jpg","contentUrl":"https:\/\/turizamnekretnine.me\/nekretnine\/wp-content\/uploads\/2026\/04\/Kolasin-Property-Montenegro.jpg","width":1600,"height":1067},{"@type":"BreadcrumbList","@id":"https:\/\/turizamnekretnine.me\/nekretnine\/#breadcrumb","itemListElement":[{"@type":"ListItem","position":1,"name":"\u041f\u043e\u0447\u0435\u0442\u043d\u0430","item":"https:\/\/turizamnekretnine.me\/nekretnine\/"},{"@type":"ListItem","position":2,"name":"Agencija za nekretnine"}]},{"@type":"WebSite","@id":"https:\/\/turizamnekretnine.me\/nekretnine\/#website","url":"https:\/\/turizamnekretnine.me\/nekretnine\/","name":"Kola\u0161in Property","description":"Real Estate in Kolasin &amp; Northern Montenegro","publisher":{"@id":"https:\/\/turizamnekretnine.me\/nekretnine\/#organization"},"alternateName":"Nekretnine Kola\u0161in","potentialAction":[{"@type":"SearchAction","target":{"@type":"EntryPoint","urlTemplate":"https:\/\/turizamnekretnine.me\/nekretnine\/?s={search_term_string}"},"query-input":{"@type":"PropertyValueSpecification","valueRequired":true,"valueName":"search_term_string"}}],"inLanguage":"sr-RS"},{"@type":"Organization","@id":"https:\/\/turizamnekretnine.me\/nekretnine\/#organization","name":"KUBURA-PROMET","url":"https:\/\/turizamnekretnine.me\/nekretnine\/","logo":{"@type":"ImageObject","inLanguage":"sr-RS","@id":"https:\/\/turizamnekretnine.me\/nekretnine\/#\/schema\/logo\/image\/","url":"https:\/\/turizamnekretnine.me\/nekretnine\/wp-content\/uploads\/2024\/10\/Logo-firma-short-1.png","contentUrl":"https:\/\/turizamnekretnine.me\/nekretnine\/wp-content\/uploads\/2024\/10\/Logo-firma-short-1.png","width":696,"height":696,"caption":"KUBURA-PROMET"},"image":{"@id":"https:\/\/turizamnekretnine.me\/nekretnine\/#\/schema\/logo\/image\/"},"sameAs":["https:\/\/www.facebook.com\/nekretnine.kl\/","https:\/\/www.facebook.com\/ecotravel.me"]}]}},"_links":{"self":[{"href":"https:\/\/turizamnekretnine.me\/nekretnine\/wp-json\/wp\/v2\/pages\/156","targetHints":{"allow":["GET"]}}],"collection":[{"href":"https:\/\/turizamnekretnine.me\/nekretnine\/wp-json\/wp\/v2\/pages"}],"about":[{"href":"https:\/\/turizamnekretnine.me\/nekretnine\/wp-json\/wp\/v2\/types\/page"}],"author":[{"embeddable":true,"href":"https:\/\/turizamnekretnine.me\/nekretnine\/wp-json\/wp\/v2\/users\/1"}],"replies":[{"embeddable":true,"href":"https:\/\/turizamnekretnine.me\/nekretnine\/wp-json\/wp\/v2\/comments?post=156"}],"version-history":[{"count":74,"href":"https:\/\/turizamnekretnine.me\/nekretnine\/wp-json\/wp\/v2\/pages\/156\/revisions"}],"predecessor-version":[{"id":5069,"href":"https:\/\/turizamnekretnine.me\/nekretnine\/wp-json\/wp\/v2\/pages\/156\/revisions\/5069"}],"wp:featuredmedia":[{"embeddable":true,"href":"https:\/\/turizamnekretnine.me\/nekretnine\/wp-json\/wp\/v2\/media\/5377"}],"wp:attachment":[{"href":"https:\/\/turizamnekretnine.me\/nekretnine\/wp-json\/wp\/v2\/media?parent=156"}],"curies":[{"name":"wp","href":"https:\/\/api.w.org\/{rel}","templated":true}]}}