{"id":10852,"date":"2025-08-22T12:55:31","date_gmt":"2025-08-22T10:55:31","guid":{"rendered":"https:\/\/turizamnekretnine.me\/turizam\/?page_id=10852"},"modified":"2026-01-21T14:38:30","modified_gmt":"2026-01-21T13:38:30","slug":"kanjoning-kolasin-crna-gora","status":"publish","type":"page","link":"https:\/\/turizamnekretnine.me\/turizam\/kanjoning-kolasin-crna-gora\/","title":{"rendered":"Kanjoning ture Kola\u0161in Crna Gora"},"content":{"rendered":"<section class=\"wpb-content-wrapper\"><h4 style=\"text-align: center;\">Kanjoning ture u Kola\u0161inu \u2013 Najbolje avanture u srcu Crne Gore<\/h4>\n<p style=\"text-align: center; max-width: 900px; margin: auto;\">Kanjoning u Kola\u0161inu je jedno od najuzbudljivijih iskustava koje Crna Gora mo\u017ee da ponudi. Uz stru\u010dno vo\u0111enje, bezbjednu opremu i autenti\u010dne prirodne pejza\u017ee, do\u017eivje\u0107ete spu\u0161tanje niz vodopade, plivanje kroz kristalno \u010diste rijeke i istra\u017eivanje skrivenih kanjona.<\/p>\n<p style=\"text-align: center;\">Na raspolaganju su vam tri atraktivne ture: Vi\u0161anjska rijeka, Izvor Mora\u010de i Bogutovski potok \u2013 svaka od njih pru\u017ea jedinstvenu kombinaciju adrenalina, netaknute prirode i nezaboravnih uspomena.<\/p>\n<p style=\"text-align: center;\">Rezervi\u0161ite va\u0161u avanturu ve\u0107 danas i otkrijte za\u0161to je Kola\u0161in jedna od najtra\u017eenijih destinacija za aktivni turizam u Crnoj Gori.<\/p>\n<h5 style=\"text-align: center; margin-bottom: 5px !important; padding-bottom: 0px !important;\"><a class=\"language-switch-btn\" href=\"https:\/\/turizamnekretnine.me\/turizam\/en\/canyoning-kolasin-montenegro\/\">\ud83c\uddec\ud83c\udde7 English<\/a><\/h5>\n<p>[vc_row css=&#8221;.vc_custom_canyoning_row{margin-top:0px !important; padding-top:0px !important;}&#8221;]<\/p>\n<p>[vc_column width=&#8221;1\/3&#8243; css=&#8221;.vc_custom_1724320000000{ text-align: center !important; margin-top:0px !important; padding-top:0px !important;}&#8221;]<br \/>\n<a href=\"https:\/\/turizamnekretnine.me\/turizam\/tour\/kanjon-visanjska-rijeka\/\" target=\"_self\" rel=\"noopener\"><br \/>\n[vc_single_image image=&#8221;10829&#8243; img_size=&#8221;medium&#8221; alignment=&#8221;center&#8221; css=&#8221;.vc_custom_visanj_margin{margin-bottom:3px !important; margin-top:0px !important;}&#8221;]<br \/>\n<\/a><\/p>\n<h5 style=\"margin-top: 0px !important; margin-bottom: 3px !important;\"><a href=\"https:\/\/turizamnekretnine.me\/turizam\/tour\/kanjon-visanjska-rijeka\/\" target=\"_self\" rel=\"noopener\">Vi\u0161anjska rijeka<\/a><\/h5>\n<p>\u23f1 Trajanje: oko 4h<br \/>\n\ud83d\udcb6 Cijena: od 120\u20ac po osobi<br \/>\n[\/vc_column]<\/p>\n<p>[vc_column width=&#8221;1\/3&#8243; css=&#8221;.vc_custom_1724320000001{ text-align: center !important; margin-top:0px !important; padding-top:0px !important;}&#8221;]<br \/>\n<a href=\"https:\/\/turizamnekretnine.me\/turizam\/tour\/kanjon-izvor-morace\/\" target=\"_self\" rel=\"noopener\"><br \/>\n[vc_single_image image=&#8221;10830&#8243; img_size=&#8221;medium&#8221; alignment=&#8221;center&#8221; css=&#8221;.vc_custom_moraca_margin{margin-bottom:3px !important; margin-top:0px !important;}&#8221;]<br \/>\n<\/a><\/p>\n<h5 style=\"margin-top: 0px !important; margin-bottom: 3px !important;\"><a href=\"https:\/\/turizamnekretnine.me\/turizam\/tour\/kanjon-izvor-morace\/\" target=\"_self\" rel=\"noopener\">Izvor Mora\u010de<\/a><\/h5>\n<p>\u23f1 Trajanje: 5\u20136h<br \/>\n\ud83d\udcb6 Cijena: od 140\u20ac po osobi<br \/>\n[\/vc_column]<\/p>\n<p>[vc_column width=&#8221;1\/3&#8243; css=&#8221;.vc_custom_1724320000002{ text-align: center !important; margin-top:0px !important; padding-top:0px !important;}&#8221;]<br \/>\n<a href=\"https:\/\/turizamnekretnine.me\/turizam\/tour\/kanjon-bogutovski-potok\/\" target=\"_self\" rel=\"noopener\"><br \/>\n[vc_single_image image=&#8221;10831&#8243; img_size=&#8221;medium&#8221; alignment=&#8221;center&#8221; css=&#8221;.vc_custom_bogut_margin{margin-bottom:3px !important; margin-top:0px !important;}&#8221;]<br \/>\n<\/a><\/p>\n<h5 style=\"margin-top: 0px !important; margin-bottom: 3px !important;\"><a href=\"https:\/\/turizamnekretnine.me\/turizam\/tour\/kanjon-bogutovski-potok\/\" target=\"_self\" rel=\"noopener\">Bogutovski potok<\/a><\/h5>\n<p>\u23f1 Trajanje: oko 4h<br \/>\n\ud83d\udcb6 Cijena: od 120\u20ac po osobi<br \/>\n[\/vc_column]<\/p>\n<p>[\/vc_row]<\/p>\n<\/section>","protected":false},"excerpt":{"rendered":"<p>Kanjoning ture u Kola\u0161inu \u2013 Najbolje avanture u srcu Crne Gore Kanjoning u Kola\u0161inu je jedno od najuzbudljivijih iskustava koje Crna Gora mo\u017ee da ponudi. Uz stru\u010dno vo\u0111enje, bezbjednu opremu i autenti\u010dne prirodne pejza\u017ee, do\u017eivje\u0107ete spu\u0161tanje niz vodopade, plivanje kroz kristalno \u010diste rijeke i istra\u017eivanje skrivenih kanjona. Na raspolaganju su vam tri atraktivne ture: Vi\u0161anjska [&hellip;]<\/p>\n","protected":false},"author":15,"featured_media":10859,"parent":0,"menu_order":0,"comment_status":"closed","ping_status":"closed","template":"","meta":{"footnotes":""},"class_list":["post-10852","page","type-page","status-publish","has-post-thumbnail","hentry"],"yoast_head":"<!-- This site is optimized with the Yoast SEO Premium plugin v27.2 (Yoast SEO v27.2) - https:\/\/yoast.com\/product\/yoast-seo-premium-wordpress\/ -->\n<title>Kanjoning Kola\u0161in Crna Gora \u2013 Vi\u0161anjski, Bogutovski, Izvor Mora\u010de<\/title>\n<meta name=\"description\" content=\"Iskusite nezaboravan kanjoning u Kola\u0161inu! Ture Vi\u0161anjska rijeka, Izvor Mora\u010de i Bogutovski potok pru\u017eaju adrenalin i prirodne ljepote\" \/>\n<meta name=\"robots\" content=\"index, follow, max-snippet:-1, max-image-preview:large, max-video-preview:-1\" \/>\n<link rel=\"canonical\" href=\"https:\/\/turizamnekretnine.me\/turizam\/kanjoning-kolasin-crna-gora\/\" \/>\n<meta property=\"og:locale\" content=\"en_US\" \/>\n<meta property=\"og:type\" content=\"article\" \/>\n<meta property=\"og:title\" content=\"Kanjoning ture Kola\u0161in Crna Gora \u2013 Vi\u0161anjski, Bogutovski, Izvor Mora\u010de\" \/>\n<meta property=\"og:description\" content=\"Iskusite nezaboravan kanjoning u Kola\u0161inu! Ture Vi\u0161anjska rijeka, Izvor Mora\u010de i Bogutovski potok pru\u017eaju adrenalin i prirodne ljepote\" \/>\n<meta property=\"og:url\" content=\"https:\/\/turizamnekretnine.me\/turizam\/kanjoning-kolasin-crna-gora\/\" \/>\n<meta property=\"og:site_name\" content=\"Kola\u0161in Eco Travel\" \/>\n<meta property=\"article:publisher\" content=\"https:\/\/www.facebook.com\/ecotravel.me\" \/>\n<meta property=\"article:modified_time\" content=\"2026-01-21T13:38:30+00:00\" \/>\n<meta property=\"og:image\" content=\"https:\/\/turizamnekretnine.me\/turizam\/wp-content\/uploads\/2025\/08\/Kanjon-Visanjska-rijeka-1.jpg\" \/>\n\t<meta property=\"og:image:width\" content=\"2560\" \/>\n\t<meta property=\"og:image:height\" content=\"1708\" \/>\n\t<meta property=\"og:image:type\" content=\"image\/jpeg\" \/>\n<meta name=\"twitter:card\" content=\"summary_large_image\" \/>\n<meta name=\"twitter:title\" content=\"Kanjoning ture Kola\u0161in Crna Gora\" \/>\n<meta name=\"twitter:label1\" content=\"Est. reading time\" \/>\n\t<meta name=\"twitter:data1\" content=\"2 minutes\" \/>\n<script type=\"application\/ld+json\" class=\"yoast-schema-graph\">{\"@context\":\"https:\/\/schema.org\",\"@graph\":[{\"@type\":\"WebPage\",\"@id\":\"https:\/\/turizamnekretnine.me\/turizam\/kanjoning-kolasin-crna-gora\/\",\"url\":\"https:\/\/turizamnekretnine.me\/turizam\/kanjoning-kolasin-crna-gora\/\",\"name\":\"Kanjoning Kola\u0161in Crna Gora \u2013 Vi\u0161anjski, Bogutovski, Izvor Mora\u010de\",\"isPartOf\":{\"@id\":\"https:\/\/turizamnekretnine.me\/turizam\/#website\"},\"primaryImageOfPage\":{\"@id\":\"https:\/\/turizamnekretnine.me\/turizam\/kanjoning-kolasin-crna-gora\/#primaryimage\"},\"image\":{\"@id\":\"https:\/\/turizamnekretnine.me\/turizam\/kanjoning-kolasin-crna-gora\/#primaryimage\"},\"thumbnailUrl\":\"https:\/\/turizamnekretnine.me\/turizam\/wp-content\/uploads\/2025\/08\/Kanjon-Visanjska-rijeka-3.jpg\",\"datePublished\":\"2025-08-22T10:55:31+00:00\",\"dateModified\":\"2026-01-21T13:38:30+00:00\",\"description\":\"Iskusite nezaboravan kanjoning u Kola\u0161inu! Ture Vi\u0161anjska rijeka, Izvor Mora\u010de i Bogutovski potok pru\u017eaju adrenalin i prirodne ljepote\",\"breadcrumb\":{\"@id\":\"https:\/\/turizamnekretnine.me\/turizam\/kanjoning-kolasin-crna-gora\/#breadcrumb\"},\"inLanguage\":\"en-US\",\"potentialAction\":[{\"@type\":\"ReadAction\",\"target\":[\"https:\/\/turizamnekretnine.me\/turizam\/kanjoning-kolasin-crna-gora\/\"]}]},{\"@type\":\"ImageObject\",\"inLanguage\":\"en-US\",\"@id\":\"https:\/\/turizamnekretnine.me\/turizam\/kanjoning-kolasin-crna-gora\/#primaryimage\",\"url\":\"https:\/\/turizamnekretnine.me\/turizam\/wp-content\/uploads\/2025\/08\/Kanjon-Visanjska-rijeka-3.jpg\",\"contentUrl\":\"https:\/\/turizamnekretnine.me\/turizam\/wp-content\/uploads\/2025\/08\/Kanjon-Visanjska-rijeka-3.jpg\",\"width\":2560,\"height\":1708},{\"@type\":\"BreadcrumbList\",\"@id\":\"https:\/\/turizamnekretnine.me\/turizam\/kanjoning-kolasin-crna-gora\/#breadcrumb\",\"itemListElement\":[{\"@type\":\"ListItem\",\"position\":1,\"name\":\"Home\",\"item\":\"https:\/\/turizamnekretnine.me\/turizam\/\"},{\"@type\":\"ListItem\",\"position\":2,\"name\":\"Kanjoning ture Kola\u0161in Crna Gora\"}]},{\"@type\":\"WebSite\",\"@id\":\"https:\/\/turizamnekretnine.me\/turizam\/#website\",\"url\":\"https:\/\/turizamnekretnine.me\/turizam\/\",\"name\":\"Kola\u0161in Eco Travel Montenegro\",\"description\":\"Travel Agency\",\"publisher\":{\"@id\":\"https:\/\/turizamnekretnine.me\/turizam\/#organization\"},\"potentialAction\":[{\"@type\":\"SearchAction\",\"target\":{\"@type\":\"EntryPoint\",\"urlTemplate\":\"https:\/\/turizamnekretnine.me\/turizam\/?s={search_term_string}\"},\"query-input\":{\"@type\":\"PropertyValueSpecification\",\"valueRequired\":true,\"valueName\":\"search_term_string\"}}],\"inLanguage\":\"en-US\"},{\"@type\":\"Organization\",\"@id\":\"https:\/\/turizamnekretnine.me\/turizam\/#organization\",\"name\":\"Kola\u0161in Eco Travel\",\"url\":\"https:\/\/turizamnekretnine.me\/turizam\/\",\"logo\":{\"@type\":\"ImageObject\",\"inLanguage\":\"en-US\",\"@id\":\"https:\/\/turizamnekretnine.me\/turizam\/#\/schema\/logo\/image\/\",\"url\":\"https:\/\/turizamnekretnine.me\/turizam\/wp-content\/uploads\/2025\/11\/cropped-Logo-Social-media.png\",\"contentUrl\":\"https:\/\/turizamnekretnine.me\/turizam\/wp-content\/uploads\/2025\/11\/cropped-Logo-Social-media.png\",\"width\":512,\"height\":512,\"caption\":\"Kola\u0161in Eco Travel\"},\"image\":{\"@id\":\"https:\/\/turizamnekretnine.me\/turizam\/#\/schema\/logo\/image\/\"},\"sameAs\":[\"https:\/\/www.facebook.com\/ecotravel.me\",\"https:\/\/www.instagram.com\/kolasin_ecotravel\",\"https:\/\/www.youtube.com\/@KolasinEcoTravelME\"]}]}<\/script>\n<!-- \/ Yoast SEO Premium plugin. -->","yoast_head_json":{"title":"Kanjoning Kola\u0161in Crna Gora \u2013 Vi\u0161anjski, Bogutovski, Izvor Mora\u010de","description":"Iskusite nezaboravan kanjoning u Kola\u0161inu! Ture Vi\u0161anjska rijeka, Izvor Mora\u010de i Bogutovski potok pru\u017eaju adrenalin i prirodne ljepote","robots":{"index":"index","follow":"follow","max-snippet":"max-snippet:-1","max-image-preview":"max-image-preview:large","max-video-preview":"max-video-preview:-1"},"canonical":"https:\/\/turizamnekretnine.me\/turizam\/kanjoning-kolasin-crna-gora\/","og_locale":"en_US","og_type":"article","og_title":"Kanjoning ture Kola\u0161in Crna Gora \u2013 Vi\u0161anjski, Bogutovski, Izvor Mora\u010de","og_description":"Iskusite nezaboravan kanjoning u Kola\u0161inu! Ture Vi\u0161anjska rijeka, Izvor Mora\u010de i Bogutovski potok pru\u017eaju adrenalin i prirodne ljepote","og_url":"https:\/\/turizamnekretnine.me\/turizam\/kanjoning-kolasin-crna-gora\/","og_site_name":"Kola\u0161in Eco Travel","article_publisher":"https:\/\/www.facebook.com\/ecotravel.me","article_modified_time":"2026-01-21T13:38:30+00:00","og_image":[{"width":2560,"height":1708,"url":"https:\/\/turizamnekretnine.me\/turizam\/wp-content\/uploads\/2025\/08\/Kanjon-Visanjska-rijeka-1.jpg","type":"image\/jpeg"}],"twitter_card":"summary_large_image","twitter_title":"Kanjoning ture Kola\u0161in Crna Gora","twitter_misc":{"Est. reading time":"2 minutes"},"schema":{"@context":"https:\/\/schema.org","@graph":[{"@type":"WebPage","@id":"https:\/\/turizamnekretnine.me\/turizam\/kanjoning-kolasin-crna-gora\/","url":"https:\/\/turizamnekretnine.me\/turizam\/kanjoning-kolasin-crna-gora\/","name":"Kanjoning Kola\u0161in Crna Gora \u2013 Vi\u0161anjski, Bogutovski, Izvor Mora\u010de","isPartOf":{"@id":"https:\/\/turizamnekretnine.me\/turizam\/#website"},"primaryImageOfPage":{"@id":"https:\/\/turizamnekretnine.me\/turizam\/kanjoning-kolasin-crna-gora\/#primaryimage"},"image":{"@id":"https:\/\/turizamnekretnine.me\/turizam\/kanjoning-kolasin-crna-gora\/#primaryimage"},"thumbnailUrl":"https:\/\/turizamnekretnine.me\/turizam\/wp-content\/uploads\/2025\/08\/Kanjon-Visanjska-rijeka-3.jpg","datePublished":"2025-08-22T10:55:31+00:00","dateModified":"2026-01-21T13:38:30+00:00","description":"Iskusite nezaboravan kanjoning u Kola\u0161inu! Ture Vi\u0161anjska rijeka, Izvor Mora\u010de i Bogutovski potok pru\u017eaju adrenalin i prirodne ljepote","breadcrumb":{"@id":"https:\/\/turizamnekretnine.me\/turizam\/kanjoning-kolasin-crna-gora\/#breadcrumb"},"inLanguage":"en-US","potentialAction":[{"@type":"ReadAction","target":["https:\/\/turizamnekretnine.me\/turizam\/kanjoning-kolasin-crna-gora\/"]}]},{"@type":"ImageObject","inLanguage":"en-US","@id":"https:\/\/turizamnekretnine.me\/turizam\/kanjoning-kolasin-crna-gora\/#primaryimage","url":"https:\/\/turizamnekretnine.me\/turizam\/wp-content\/uploads\/2025\/08\/Kanjon-Visanjska-rijeka-3.jpg","contentUrl":"https:\/\/turizamnekretnine.me\/turizam\/wp-content\/uploads\/2025\/08\/Kanjon-Visanjska-rijeka-3.jpg","width":2560,"height":1708},{"@type":"BreadcrumbList","@id":"https:\/\/turizamnekretnine.me\/turizam\/kanjoning-kolasin-crna-gora\/#breadcrumb","itemListElement":[{"@type":"ListItem","position":1,"name":"Home","item":"https:\/\/turizamnekretnine.me\/turizam\/"},{"@type":"ListItem","position":2,"name":"Kanjoning ture Kola\u0161in Crna Gora"}]},{"@type":"WebSite","@id":"https:\/\/turizamnekretnine.me\/turizam\/#website","url":"https:\/\/turizamnekretnine.me\/turizam\/","name":"Kola\u0161in Eco Travel Montenegro","description":"Travel Agency","publisher":{"@id":"https:\/\/turizamnekretnine.me\/turizam\/#organization"},"potentialAction":[{"@type":"SearchAction","target":{"@type":"EntryPoint","urlTemplate":"https:\/\/turizamnekretnine.me\/turizam\/?s={search_term_string}"},"query-input":{"@type":"PropertyValueSpecification","valueRequired":true,"valueName":"search_term_string"}}],"inLanguage":"en-US"},{"@type":"Organization","@id":"https:\/\/turizamnekretnine.me\/turizam\/#organization","name":"Kola\u0161in Eco Travel","url":"https:\/\/turizamnekretnine.me\/turizam\/","logo":{"@type":"ImageObject","inLanguage":"en-US","@id":"https:\/\/turizamnekretnine.me\/turizam\/#\/schema\/logo\/image\/","url":"https:\/\/turizamnekretnine.me\/turizam\/wp-content\/uploads\/2025\/11\/cropped-Logo-Social-media.png","contentUrl":"https:\/\/turizamnekretnine.me\/turizam\/wp-content\/uploads\/2025\/11\/cropped-Logo-Social-media.png","width":512,"height":512,"caption":"Kola\u0161in Eco Travel"},"image":{"@id":"https:\/\/turizamnekretnine.me\/turizam\/#\/schema\/logo\/image\/"},"sameAs":["https:\/\/www.facebook.com\/ecotravel.me","https:\/\/www.instagram.com\/kolasin_ecotravel","https:\/\/www.youtube.com\/@KolasinEcoTravelME"]}]}},"_links":{"self":[{"href":"https:\/\/turizamnekretnine.me\/turizam\/wp-json\/wp\/v2\/pages\/10852","targetHints":{"allow":["GET"]}}],"collection":[{"href":"https:\/\/turizamnekretnine.me\/turizam\/wp-json\/wp\/v2\/pages"}],"about":[{"href":"https:\/\/turizamnekretnine.me\/turizam\/wp-json\/wp\/v2\/types\/page"}],"author":[{"embeddable":true,"href":"https:\/\/turizamnekretnine.me\/turizam\/wp-json\/wp\/v2\/users\/15"}],"replies":[{"embeddable":true,"href":"https:\/\/turizamnekretnine.me\/turizam\/wp-json\/wp\/v2\/comments?post=10852"}],"version-history":[{"count":5,"href":"https:\/\/turizamnekretnine.me\/turizam\/wp-json\/wp\/v2\/pages\/10852\/revisions"}],"predecessor-version":[{"id":11641,"href":"https:\/\/turizamnekretnine.me\/turizam\/wp-json\/wp\/v2\/pages\/10852\/revisions\/11641"}],"wp:featuredmedia":[{"embeddable":true,"href":"https:\/\/turizamnekretnine.me\/turizam\/wp-json\/wp\/v2\/media\/10859"}],"wp:attachment":[{"href":"https:\/\/turizamnekretnine.me\/turizam\/wp-json\/wp\/v2\/media?parent=10852"}],"curies":[{"name":"wp","href":"https:\/\/api.w.org\/{rel}","templated":true}]}}