{"id":11001,"date":"2025-08-22T18:23:22","date_gmt":"2025-08-22T16:23:22","guid":{"rendered":"https:\/\/turizamnekretnine.me\/turizam\/?page_id=11001"},"modified":"2025-11-08T18:48:42","modified_gmt":"2025-11-08T17:48:42","slug":"off-road-safari-kolasin-cg","status":"publish","type":"page","link":"https:\/\/turizamnekretnine.me\/turizam\/off-road-safari-kolasin-cg\/","title":{"rendered":"Off-Road Safari Kola\u0161in"},"content":{"rendered":"<section class=\"wpb-content-wrapper\"><h5 style=\"text-align: center;\"><strong>Jeep, ATV &amp; Buggy Safari u Kola\u0161inu \u2013 Off-Road avantura u srcu Crne Gore<\/strong><\/h5>\n<p style=\"text-align: center;\">Do\u017eivite pravu planinsku avanturu uz <strong>off-road safari u Kola\u0161inu<\/strong>! Izaberite <strong>jeep<\/strong> za udobnu vo\u017enju, <strong>buggy<\/strong> za dozu adrenalina ili <strong>ATV (quad)<\/strong> za najbli\u017ei kontakt s prirodom. Svaka tura nudi spektakularne pejza\u017ee, sigurnu vo\u017enju i nezaboravna iskustva.<\/p>\n<p style=\"text-align: center;\">Izaberite va\u0161u turu:<\/p>\n<h5 style=\"text-align: center; margin-bottom: 5px !important; padding-bottom: 0px !important;\"><a class=\"language-switch-btn\" href=\"https:\/\/turizamnekretnine.me\/turizam\/en\/off-road-safari-kolasin\/\">\ud83c\uddec\ud83c\udde7 English<\/a><\/h5>\n<p>[vc_row css=&#8221;.vc_custom_offroad_row{margin-top:0px !important; padding-top:0px !important;}&#8221;]<\/p>\n<p>[vc_column width=&#8221;1\/3&#8243; css=&#8221;.vc_custom_1724320001000{ text-align: center !important; margin-top:0px !important; padding-top:0px !important;}&#8221;]<\/p>\n<p>[vc_single_image image=&#8221;10840&#8243; img_size=&#8221;medium&#8221; alignment=&#8221;center&#8221; css=&#8221;.vc_custom_jeep_margin{margin-bottom:3px !important; margin-top:0px !important;}&#8221;]<\/p>\n<h5><strong>Jeep Safari<\/strong><\/h5>\n<p>\u23f1 Trajanje: oko 4\u20135h<br \/>\n\ud83d\udcb6 Cijena: od 60\u20ac po osobi<br \/>\n[\/vc_column]<\/p>\n<p>[vc_column width=&#8221;1\/3&#8243; css=&#8221;.vc_custom_1724320001001{ text-align: center !important; margin-top:0px !important; padding-top:0px !important;}&#8221;]<\/p>\n<p><a href=\"https:\/\/turizamnekretnine.me\/turizam\/tour\/buggy-ture-kolasin\/\">[vc_single_image image=&#8221;11226&#8243; img_size=&#8221;medium&#8221; alignment=&#8221;center&#8221; css=&#8221;.vc_custom_buggy_margin{margin-bottom:3px !important; margin-top:0px !important;}&#8221;]<\/a><\/p>\n<h5><a href=\"https:\/\/turizamnekretnine.me\/turizam\/tour\/buggy-ture-kolasin\/\"><strong>Buggy Ture<\/strong><\/a><\/h5>\n<p>\u23f1 Trajanje: oko 2\u20133h<br \/>\n\ud83d\udcb6 Cijena: od 150\u20ac po buggyju (2 osobe)<br \/>\n[\/vc_column]<\/p>\n<p>[vc_column width=&#8221;1\/3&#8243; css=&#8221;.vc_custom_1724320001002{ text-align: center !important; margin-top:0px !important; padding-top:0px !important;}&#8221;]<\/p>\n<p><a href=\"https:\/\/turizamnekretnine.me\/turizam\/tour\/quad-ture-kolasin\/\">[vc_single_image image=&#8221;11386&#8243; img_size=&#8221;medium&#8221; alignment=&#8221;center&#8221; css=&#8221;.vc_custom_atv_margin{margin-bottom:3px !important; margin-top:0px !important;}&#8221;]<\/a><\/p>\n<h5><a href=\"https:\/\/turizamnekretnine.me\/turizam\/tour\/quad-ture-kolasin\/\"><strong>ATV Quad Avantura<\/strong><\/a><\/h5>\n<p>\u23f1 Trajanje: oko 1\u20132h<br \/>\n\ud83d\udcb6 Cijena: od 70\u20ac po quadu (2 osobe)<br \/>\n[\/vc_column]<\/p>\n<p>[\/vc_row]<\/p>\n<\/section>","protected":false},"excerpt":{"rendered":"<p>Jeep, ATV &amp; Buggy Safari u Kola\u0161inu \u2013 Off-Road avantura u srcu Crne Gore Do\u017eivite pravu planinsku avanturu uz off-road safari u Kola\u0161inu! Izaberite jeep za udobnu vo\u017enju, buggy za dozu adrenalina ili ATV (quad) za najbli\u017ei kontakt s prirodom. Svaka tura nudi spektakularne pejza\u017ee, sigurnu vo\u017enju i nezaboravna iskustva. Izaberite va\u0161u turu: \ud83c\uddec\ud83c\udde7 English [&hellip;]<\/p>\n","protected":false},"author":15,"featured_media":11224,"parent":0,"menu_order":0,"comment_status":"closed","ping_status":"closed","template":"","meta":{"footnotes":""},"class_list":["post-11001","page","type-page","status-publish","has-post-thumbnail","hentry"],"yoast_head":"<!-- This site is optimized with the Yoast SEO Premium plugin v27.2 (Yoast SEO v27.2) - https:\/\/yoast.com\/product\/yoast-seo-premium-wordpress\/ -->\n<title>Off-Road Safari Kola\u0161in | Jeep, Buggy &amp; ATV Montenegro<\/title>\n<meta name=\"description\" content=\"Do\u017eivite off-road avanturu u Kola\u0161inu! Jeep safari, buggy i ATV ture kroz netaknutu prirodu Bjelasice. Rezervi\u0161ite svoju avanturu ve\u0107 danas!\" \/>\n<meta name=\"robots\" content=\"index, follow, max-snippet:-1, max-image-preview:large, max-video-preview:-1\" \/>\n<link rel=\"canonical\" href=\"https:\/\/turizamnekretnine.me\/turizam\/off-road-safari-kolasin-cg\/\" \/>\n<meta property=\"og:locale\" content=\"en_US\" \/>\n<meta property=\"og:type\" content=\"article\" \/>\n<meta property=\"og:title\" content=\"Off-Road Safari Kola\u0161in\" \/>\n<meta property=\"og:description\" content=\"Do\u017eivite off-road avanturu u Kola\u0161inu! Jeep safari, buggy i ATV ture kroz netaknutu prirodu Bjelasice. Rezervi\u0161ite svoju avanturu ve\u0107 danas!\" \/>\n<meta property=\"og:url\" content=\"https:\/\/turizamnekretnine.me\/turizam\/off-road-safari-kolasin-cg\/\" \/>\n<meta property=\"og:site_name\" content=\"Kola\u0161in Eco Travel\" \/>\n<meta property=\"article:publisher\" content=\"https:\/\/www.facebook.com\/ecotravel.me\" \/>\n<meta property=\"article:modified_time\" content=\"2025-11-08T17:48:42+00:00\" \/>\n<meta property=\"og:image\" content=\"https:\/\/turizamnekretnine.me\/turizam\/wp-content\/uploads\/2025\/08\/Off-Road-Safari-Kolasin-1024x683.png\" \/>\n\t<meta property=\"og:image:width\" content=\"1024\" \/>\n\t<meta property=\"og:image:height\" content=\"683\" \/>\n\t<meta property=\"og:image:type\" content=\"image\/png\" \/>\n<meta name=\"twitter:card\" content=\"summary_large_image\" \/>\n<meta name=\"twitter:label1\" content=\"Est. reading time\" \/>\n\t<meta name=\"twitter:data1\" content=\"1 minute\" \/>\n<script type=\"application\/ld+json\" class=\"yoast-schema-graph\">{\"@context\":\"https:\/\/schema.org\",\"@graph\":[{\"@type\":\"WebPage\",\"@id\":\"https:\/\/turizamnekretnine.me\/turizam\/off-road-safari-kolasin-cg\/\",\"url\":\"https:\/\/turizamnekretnine.me\/turizam\/off-road-safari-kolasin-cg\/\",\"name\":\"Off-Road Safari Kola\u0161in | Jeep, Buggy & ATV Montenegro\",\"isPartOf\":{\"@id\":\"https:\/\/turizamnekretnine.me\/turizam\/#website\"},\"primaryImageOfPage\":{\"@id\":\"https:\/\/turizamnekretnine.me\/turizam\/off-road-safari-kolasin-cg\/#primaryimage\"},\"image\":{\"@id\":\"https:\/\/turizamnekretnine.me\/turizam\/off-road-safari-kolasin-cg\/#primaryimage\"},\"thumbnailUrl\":\"https:\/\/turizamnekretnine.me\/turizam\/wp-content\/uploads\/2025\/08\/Off-Road-Safari-Kolasin.png\",\"datePublished\":\"2025-08-22T16:23:22+00:00\",\"dateModified\":\"2025-11-08T17:48:42+00:00\",\"description\":\"Do\u017eivite off-road avanturu u Kola\u0161inu! Jeep safari, buggy i ATV ture kroz netaknutu prirodu Bjelasice. Rezervi\u0161ite svoju avanturu ve\u0107 danas!\",\"breadcrumb\":{\"@id\":\"https:\/\/turizamnekretnine.me\/turizam\/off-road-safari-kolasin-cg\/#breadcrumb\"},\"inLanguage\":\"en-US\",\"potentialAction\":[{\"@type\":\"ReadAction\",\"target\":[\"https:\/\/turizamnekretnine.me\/turizam\/off-road-safari-kolasin-cg\/\"]}]},{\"@type\":\"ImageObject\",\"inLanguage\":\"en-US\",\"@id\":\"https:\/\/turizamnekretnine.me\/turizam\/off-road-safari-kolasin-cg\/#primaryimage\",\"url\":\"https:\/\/turizamnekretnine.me\/turizam\/wp-content\/uploads\/2025\/08\/Off-Road-Safari-Kolasin.png\",\"contentUrl\":\"https:\/\/turizamnekretnine.me\/turizam\/wp-content\/uploads\/2025\/08\/Off-Road-Safari-Kolasin.png\",\"width\":1536,\"height\":1024},{\"@type\":\"BreadcrumbList\",\"@id\":\"https:\/\/turizamnekretnine.me\/turizam\/off-road-safari-kolasin-cg\/#breadcrumb\",\"itemListElement\":[{\"@type\":\"ListItem\",\"position\":1,\"name\":\"Home\",\"item\":\"https:\/\/turizamnekretnine.me\/turizam\/\"},{\"@type\":\"ListItem\",\"position\":2,\"name\":\"Off-Road Safari Kola\u0161in\"}]},{\"@type\":\"WebSite\",\"@id\":\"https:\/\/turizamnekretnine.me\/turizam\/#website\",\"url\":\"https:\/\/turizamnekretnine.me\/turizam\/\",\"name\":\"Kola\u0161in Eco Travel Montenegro\",\"description\":\"Travel Agency\",\"publisher\":{\"@id\":\"https:\/\/turizamnekretnine.me\/turizam\/#organization\"},\"potentialAction\":[{\"@type\":\"SearchAction\",\"target\":{\"@type\":\"EntryPoint\",\"urlTemplate\":\"https:\/\/turizamnekretnine.me\/turizam\/?s={search_term_string}\"},\"query-input\":{\"@type\":\"PropertyValueSpecification\",\"valueRequired\":true,\"valueName\":\"search_term_string\"}}],\"inLanguage\":\"en-US\"},{\"@type\":\"Organization\",\"@id\":\"https:\/\/turizamnekretnine.me\/turizam\/#organization\",\"name\":\"Kola\u0161in Eco Travel\",\"url\":\"https:\/\/turizamnekretnine.me\/turizam\/\",\"logo\":{\"@type\":\"ImageObject\",\"inLanguage\":\"en-US\",\"@id\":\"https:\/\/turizamnekretnine.me\/turizam\/#\/schema\/logo\/image\/\",\"url\":\"https:\/\/turizamnekretnine.me\/turizam\/wp-content\/uploads\/2025\/11\/cropped-Logo-Social-media.png\",\"contentUrl\":\"https:\/\/turizamnekretnine.me\/turizam\/wp-content\/uploads\/2025\/11\/cropped-Logo-Social-media.png\",\"width\":512,\"height\":512,\"caption\":\"Kola\u0161in Eco Travel\"},\"image\":{\"@id\":\"https:\/\/turizamnekretnine.me\/turizam\/#\/schema\/logo\/image\/\"},\"sameAs\":[\"https:\/\/www.facebook.com\/ecotravel.me\",\"https:\/\/www.instagram.com\/kolasin_ecotravel\",\"https:\/\/www.youtube.com\/@KolasinEcoTravelME\"]}]}<\/script>\n<!-- \/ Yoast SEO Premium plugin. -->","yoast_head_json":{"title":"Off-Road Safari Kola\u0161in | Jeep, Buggy & ATV Montenegro","description":"Do\u017eivite off-road avanturu u Kola\u0161inu! Jeep safari, buggy i ATV ture kroz netaknutu prirodu Bjelasice. Rezervi\u0161ite svoju avanturu ve\u0107 danas!","robots":{"index":"index","follow":"follow","max-snippet":"max-snippet:-1","max-image-preview":"max-image-preview:large","max-video-preview":"max-video-preview:-1"},"canonical":"https:\/\/turizamnekretnine.me\/turizam\/off-road-safari-kolasin-cg\/","og_locale":"en_US","og_type":"article","og_title":"Off-Road Safari Kola\u0161in","og_description":"Do\u017eivite off-road avanturu u Kola\u0161inu! Jeep safari, buggy i ATV ture kroz netaknutu prirodu Bjelasice. Rezervi\u0161ite svoju avanturu ve\u0107 danas!","og_url":"https:\/\/turizamnekretnine.me\/turizam\/off-road-safari-kolasin-cg\/","og_site_name":"Kola\u0161in Eco Travel","article_publisher":"https:\/\/www.facebook.com\/ecotravel.me","article_modified_time":"2025-11-08T17:48:42+00:00","og_image":[{"width":1024,"height":683,"url":"https:\/\/turizamnekretnine.me\/turizam\/wp-content\/uploads\/2025\/08\/Off-Road-Safari-Kolasin-1024x683.png","type":"image\/png"}],"twitter_card":"summary_large_image","twitter_misc":{"Est. reading time":"1 minute"},"schema":{"@context":"https:\/\/schema.org","@graph":[{"@type":"WebPage","@id":"https:\/\/turizamnekretnine.me\/turizam\/off-road-safari-kolasin-cg\/","url":"https:\/\/turizamnekretnine.me\/turizam\/off-road-safari-kolasin-cg\/","name":"Off-Road Safari Kola\u0161in | Jeep, Buggy & ATV Montenegro","isPartOf":{"@id":"https:\/\/turizamnekretnine.me\/turizam\/#website"},"primaryImageOfPage":{"@id":"https:\/\/turizamnekretnine.me\/turizam\/off-road-safari-kolasin-cg\/#primaryimage"},"image":{"@id":"https:\/\/turizamnekretnine.me\/turizam\/off-road-safari-kolasin-cg\/#primaryimage"},"thumbnailUrl":"https:\/\/turizamnekretnine.me\/turizam\/wp-content\/uploads\/2025\/08\/Off-Road-Safari-Kolasin.png","datePublished":"2025-08-22T16:23:22+00:00","dateModified":"2025-11-08T17:48:42+00:00","description":"Do\u017eivite off-road avanturu u Kola\u0161inu! Jeep safari, buggy i ATV ture kroz netaknutu prirodu Bjelasice. Rezervi\u0161ite svoju avanturu ve\u0107 danas!","breadcrumb":{"@id":"https:\/\/turizamnekretnine.me\/turizam\/off-road-safari-kolasin-cg\/#breadcrumb"},"inLanguage":"en-US","potentialAction":[{"@type":"ReadAction","target":["https:\/\/turizamnekretnine.me\/turizam\/off-road-safari-kolasin-cg\/"]}]},{"@type":"ImageObject","inLanguage":"en-US","@id":"https:\/\/turizamnekretnine.me\/turizam\/off-road-safari-kolasin-cg\/#primaryimage","url":"https:\/\/turizamnekretnine.me\/turizam\/wp-content\/uploads\/2025\/08\/Off-Road-Safari-Kolasin.png","contentUrl":"https:\/\/turizamnekretnine.me\/turizam\/wp-content\/uploads\/2025\/08\/Off-Road-Safari-Kolasin.png","width":1536,"height":1024},{"@type":"BreadcrumbList","@id":"https:\/\/turizamnekretnine.me\/turizam\/off-road-safari-kolasin-cg\/#breadcrumb","itemListElement":[{"@type":"ListItem","position":1,"name":"Home","item":"https:\/\/turizamnekretnine.me\/turizam\/"},{"@type":"ListItem","position":2,"name":"Off-Road Safari Kola\u0161in"}]},{"@type":"WebSite","@id":"https:\/\/turizamnekretnine.me\/turizam\/#website","url":"https:\/\/turizamnekretnine.me\/turizam\/","name":"Kola\u0161in Eco Travel Montenegro","description":"Travel Agency","publisher":{"@id":"https:\/\/turizamnekretnine.me\/turizam\/#organization"},"potentialAction":[{"@type":"SearchAction","target":{"@type":"EntryPoint","urlTemplate":"https:\/\/turizamnekretnine.me\/turizam\/?s={search_term_string}"},"query-input":{"@type":"PropertyValueSpecification","valueRequired":true,"valueName":"search_term_string"}}],"inLanguage":"en-US"},{"@type":"Organization","@id":"https:\/\/turizamnekretnine.me\/turizam\/#organization","name":"Kola\u0161in Eco Travel","url":"https:\/\/turizamnekretnine.me\/turizam\/","logo":{"@type":"ImageObject","inLanguage":"en-US","@id":"https:\/\/turizamnekretnine.me\/turizam\/#\/schema\/logo\/image\/","url":"https:\/\/turizamnekretnine.me\/turizam\/wp-content\/uploads\/2025\/11\/cropped-Logo-Social-media.png","contentUrl":"https:\/\/turizamnekretnine.me\/turizam\/wp-content\/uploads\/2025\/11\/cropped-Logo-Social-media.png","width":512,"height":512,"caption":"Kola\u0161in Eco Travel"},"image":{"@id":"https:\/\/turizamnekretnine.me\/turizam\/#\/schema\/logo\/image\/"},"sameAs":["https:\/\/www.facebook.com\/ecotravel.me","https:\/\/www.instagram.com\/kolasin_ecotravel","https:\/\/www.youtube.com\/@KolasinEcoTravelME"]}]}},"_links":{"self":[{"href":"https:\/\/turizamnekretnine.me\/turizam\/wp-json\/wp\/v2\/pages\/11001","targetHints":{"allow":["GET"]}}],"collection":[{"href":"https:\/\/turizamnekretnine.me\/turizam\/wp-json\/wp\/v2\/pages"}],"about":[{"href":"https:\/\/turizamnekretnine.me\/turizam\/wp-json\/wp\/v2\/types\/page"}],"author":[{"embeddable":true,"href":"https:\/\/turizamnekretnine.me\/turizam\/wp-json\/wp\/v2\/users\/15"}],"replies":[{"embeddable":true,"href":"https:\/\/turizamnekretnine.me\/turizam\/wp-json\/wp\/v2\/comments?post=11001"}],"version-history":[{"count":5,"href":"https:\/\/turizamnekretnine.me\/turizam\/wp-json\/wp\/v2\/pages\/11001\/revisions"}],"predecessor-version":[{"id":11398,"href":"https:\/\/turizamnekretnine.me\/turizam\/wp-json\/wp\/v2\/pages\/11001\/revisions\/11398"}],"wp:featuredmedia":[{"embeddable":true,"href":"https:\/\/turizamnekretnine.me\/turizam\/wp-json\/wp\/v2\/media\/11224"}],"wp:attachment":[{"href":"https:\/\/turizamnekretnine.me\/turizam\/wp-json\/wp\/v2\/media?parent=11001"}],"curies":[{"name":"wp","href":"https:\/\/api.w.org\/{rel}","templated":true}]}}