{"id":4860,"date":"2017-01-25T06:52:02","date_gmt":"2017-01-25T06:52:02","guid":{"rendered":"http:\/\/demo.goodlayers.com\/traveltour\/?page_id=4860"},"modified":"2025-12-03T11:12:58","modified_gmt":"2025-12-03T10:12:58","slug":"smjestaj-kolasin","status":"publish","type":"page","link":"https:\/\/turizamnekretnine.me\/turizam\/smjestaj-kolasin\/","title":{"rendered":"Smje\u0161taj u Kola\u0161inu"},"content":{"rendered":"<h4 style=\"text-align: center;\" data-start=\"443\" data-end=\"495\"><span style=\"color: #000080;\">SMJE\u0160TAJ KOLA\u0160IN<\/span><\/h4>\n<h4 style=\"text-align: center;\"><a href=\"https:\/\/turizamnekretnine.me\/turizam\/hoteli-u-kolasinu\/\">\ud83c\udfe8 <strong data-start=\"446\" data-end=\"456\">Hoteli<\/strong><\/a><\/h4>\n<pre style=\"text-align: center;\" data-start=\"443\" data-end=\"495\">za udoban boravak sa punom uslugom\r\n\r\n<\/pre>\n<h4 style=\"text-align: center;\" data-start=\"498\" data-end=\"559\"><a href=\"https:\/\/turizamnekretnine.me\/turizam\/apartmani-u-kolasinu\/\">\ud83c\udfe0 <strong data-start=\"501\" data-end=\"514\">Apartmani<\/strong><\/a><\/h4>\n<pre style=\"text-align: center;\" data-start=\"498\" data-end=\"559\">moderno opremljeni stanovi blizu centra\r\n\r\n<\/pre>\n<h4 style=\"text-align: center;\" data-start=\"498\" data-end=\"559\"><a href=\"https:\/\/turizamnekretnine.me\/turizam\/planinski-resorti-kolasin\/\"><strong data-start=\"335\" data-end=\"369\">\ud83c\udf32 Planinski resorti<\/strong><\/a><\/h4>\n<pre style=\"text-align: center;\" data-start=\"498\" data-end=\"559\">kompleksi za odmor u prirodi, idealni za grupe i porodice\r\n\r\n<\/pre>\n<h4 style=\"text-align: center;\" data-start=\"562\" data-end=\"627\"><a href=\"https:\/\/turizamnekretnine.me\/turizam\/eko-katuni-kolasin\/\">\ud83c\udfd4\ufe0f <strong data-start=\"269\" data-end=\"283\">Eko katuni<\/strong><\/a><\/h4>\n<pre style=\"text-align: center;\" data-start=\"562\" data-end=\"627\">autenti\u010dan planinski do\u017eivljaj u prirodi\r\n\r\n<\/pre>\n<h4 style=\"text-align: center;\" data-start=\"498\" data-end=\"559\"><a href=\"https:\/\/turizamnekretnine.me\/turizam\/pansioni-u-kolasinu\/\">\ud83c\udfe1 <strong data-start=\"335\" data-end=\"369\">Pansioni<\/strong><\/a><\/h4>\n<pre style=\"text-align: center;\">udoban smje\u0161taj sa toplinom doma\u0107inske atmosfere\r\n\r\n<\/pre>\n","protected":false},"excerpt":{"rendered":"<p>SMJE\u0160TAJ KOLA\u0160IN \ud83c\udfe8 Hoteli za udoban boravak sa punom uslugom \ud83c\udfe0 Apartmani moderno opremljeni stanovi blizu centra \ud83c\udf32 Planinski resorti kompleksi za odmor u prirodi, idealni za grupe i porodice \ud83c\udfd4\ufe0f Eko katuni autenti\u010dan planinski do\u017eivljaj u prirodi \ud83c\udfe1 Pansioni udoban smje\u0161taj sa toplinom doma\u0107inske atmosfere<\/p>\n","protected":false},"author":1,"featured_media":10121,"parent":0,"menu_order":0,"comment_status":"closed","ping_status":"closed","template":"","meta":{"footnotes":""},"class_list":["post-4860","page","type-page","status-publish","has-post-thumbnail","hentry"],"yoast_head":"<!-- This site is optimized with the Yoast SEO Premium plugin v27.2 (Yoast SEO v27.2) - https:\/\/yoast.com\/product\/yoast-seo-premium-wordpress\/ -->\n<title>Smjestaj Kolasin - Apartmani, Hoteli, Eko Katuni<\/title>\n<meta name=\"description\" content=\"Rezervisite smjestaj u Kolasinu brzo i jednostavno \u2013 apartmani, sobe, vikendice po najpovoljnijim cijenama.\" \/>\n<meta name=\"robots\" content=\"index, follow, max-snippet:-1, max-image-preview:large, max-video-preview:-1\" \/>\n<link rel=\"canonical\" href=\"https:\/\/turizamnekretnine.me\/turizam\/smjestaj-kolasin\/\" \/>\n<meta property=\"og:locale\" content=\"en_US\" \/>\n<meta property=\"og:type\" content=\"article\" \/>\n<meta property=\"og:title\" content=\"Brza i jednostavna rezervacija smje\u0161taja u Kola\u0161inu \u2013 va\u0161 odmor po\u010dinje ovdje\" \/>\n<meta property=\"og:description\" content=\"Rezervi\u0161ite smje\u0161taj u Kola\u0161inu brzo i jednostavno \u2013 apartmani, sobe i vikendice po najpovoljnijim cijenama.\" \/>\n<meta property=\"og:url\" content=\"https:\/\/turizamnekretnine.me\/turizam\/smjestaj-kolasin\/\" \/>\n<meta property=\"og:site_name\" content=\"Kola\u0161in Eco Travel\" \/>\n<meta property=\"article:publisher\" content=\"https:\/\/www.facebook.com\/ecotravel.me\" \/>\n<meta property=\"article:modified_time\" content=\"2025-12-03T10:12:58+00:00\" \/>\n<meta property=\"og:image\" content=\"https:\/\/turizamnekretnine.me\/turizam\/wp-content\/uploads\/2025\/07\/KOLASIN-scaled.jpg\" \/>\n\t<meta property=\"og:image:width\" content=\"2560\" \/>\n\t<meta property=\"og:image:height\" content=\"1707\" \/>\n\t<meta property=\"og:image:type\" content=\"image\/jpeg\" \/>\n<meta name=\"twitter:card\" content=\"summary_large_image\" \/>\n<meta name=\"twitter:title\" content=\"Smje\u0161taj u Kola\u0161inu\" \/>\n<meta name=\"twitter:label1\" content=\"Est. reading time\" \/>\n\t<meta name=\"twitter:data1\" content=\"1 minute\" \/>\n<script type=\"application\/ld+json\" class=\"yoast-schema-graph\">{\"@context\":\"https:\/\/schema.org\",\"@graph\":[{\"@type\":\"WebPage\",\"@id\":\"https:\/\/turizamnekretnine.me\/turizam\/smjestaj-kolasin\/\",\"url\":\"https:\/\/turizamnekretnine.me\/turizam\/smjestaj-kolasin\/\",\"name\":\"Smjestaj Kolasin - Apartmani, Hoteli, Eko Katuni\",\"isPartOf\":{\"@id\":\"https:\/\/turizamnekretnine.me\/turizam\/#website\"},\"primaryImageOfPage\":{\"@id\":\"https:\/\/turizamnekretnine.me\/turizam\/smjestaj-kolasin\/#primaryimage\"},\"image\":{\"@id\":\"https:\/\/turizamnekretnine.me\/turizam\/smjestaj-kolasin\/#primaryimage\"},\"thumbnailUrl\":\"https:\/\/turizamnekretnine.me\/turizam\/wp-content\/uploads\/2025\/07\/KOLASIN-scaled.jpg\",\"datePublished\":\"2017-01-25T06:52:02+00:00\",\"dateModified\":\"2025-12-03T10:12:58+00:00\",\"description\":\"Rezervisite smjestaj u Kolasinu brzo i jednostavno \u2013 apartmani, sobe, vikendice po najpovoljnijim cijenama.\",\"breadcrumb\":{\"@id\":\"https:\/\/turizamnekretnine.me\/turizam\/smjestaj-kolasin\/#breadcrumb\"},\"inLanguage\":\"en-US\",\"potentialAction\":[{\"@type\":\"ReadAction\",\"target\":[\"https:\/\/turizamnekretnine.me\/turizam\/smjestaj-kolasin\/\"]}]},{\"@type\":\"ImageObject\",\"inLanguage\":\"en-US\",\"@id\":\"https:\/\/turizamnekretnine.me\/turizam\/smjestaj-kolasin\/#primaryimage\",\"url\":\"https:\/\/turizamnekretnine.me\/turizam\/wp-content\/uploads\/2025\/07\/KOLASIN-scaled.jpg\",\"contentUrl\":\"https:\/\/turizamnekretnine.me\/turizam\/wp-content\/uploads\/2025\/07\/KOLASIN-scaled.jpg\",\"width\":2560,\"height\":1707,\"caption\":\"Turizam Smjestaj u Kola\u0161inu\"},{\"@type\":\"BreadcrumbList\",\"@id\":\"https:\/\/turizamnekretnine.me\/turizam\/smjestaj-kolasin\/#breadcrumb\",\"itemListElement\":[{\"@type\":\"ListItem\",\"position\":1,\"name\":\"Home\",\"item\":\"https:\/\/turizamnekretnine.me\/turizam\/\"},{\"@type\":\"ListItem\",\"position\":2,\"name\":\"Smje\u0161taj u Kola\u0161inu\"}]},{\"@type\":\"WebSite\",\"@id\":\"https:\/\/turizamnekretnine.me\/turizam\/#website\",\"url\":\"https:\/\/turizamnekretnine.me\/turizam\/\",\"name\":\"Kola\u0161in Eco Travel Montenegro\",\"description\":\"Travel Agency\",\"publisher\":{\"@id\":\"https:\/\/turizamnekretnine.me\/turizam\/#organization\"},\"potentialAction\":[{\"@type\":\"SearchAction\",\"target\":{\"@type\":\"EntryPoint\",\"urlTemplate\":\"https:\/\/turizamnekretnine.me\/turizam\/?s={search_term_string}\"},\"query-input\":{\"@type\":\"PropertyValueSpecification\",\"valueRequired\":true,\"valueName\":\"search_term_string\"}}],\"inLanguage\":\"en-US\"},{\"@type\":\"Organization\",\"@id\":\"https:\/\/turizamnekretnine.me\/turizam\/#organization\",\"name\":\"Kola\u0161in Eco Travel\",\"url\":\"https:\/\/turizamnekretnine.me\/turizam\/\",\"logo\":{\"@type\":\"ImageObject\",\"inLanguage\":\"en-US\",\"@id\":\"https:\/\/turizamnekretnine.me\/turizam\/#\/schema\/logo\/image\/\",\"url\":\"https:\/\/turizamnekretnine.me\/turizam\/wp-content\/uploads\/2025\/11\/cropped-Logo-Social-media.png\",\"contentUrl\":\"https:\/\/turizamnekretnine.me\/turizam\/wp-content\/uploads\/2025\/11\/cropped-Logo-Social-media.png\",\"width\":512,\"height\":512,\"caption\":\"Kola\u0161in Eco Travel\"},\"image\":{\"@id\":\"https:\/\/turizamnekretnine.me\/turizam\/#\/schema\/logo\/image\/\"},\"sameAs\":[\"https:\/\/www.facebook.com\/ecotravel.me\",\"https:\/\/www.instagram.com\/kolasin_ecotravel\",\"https:\/\/www.youtube.com\/@KolasinEcoTravelME\"]}]}<\/script>\n<!-- \/ Yoast SEO Premium plugin. -->","yoast_head_json":{"title":"Smjestaj Kolasin - Apartmani, Hoteli, Eko Katuni","description":"Rezervisite smjestaj u Kolasinu brzo i jednostavno \u2013 apartmani, sobe, vikendice po najpovoljnijim cijenama.","robots":{"index":"index","follow":"follow","max-snippet":"max-snippet:-1","max-image-preview":"max-image-preview:large","max-video-preview":"max-video-preview:-1"},"canonical":"https:\/\/turizamnekretnine.me\/turizam\/smjestaj-kolasin\/","og_locale":"en_US","og_type":"article","og_title":"Brza i jednostavna rezervacija smje\u0161taja u Kola\u0161inu \u2013 va\u0161 odmor po\u010dinje ovdje","og_description":"Rezervi\u0161ite smje\u0161taj u Kola\u0161inu brzo i jednostavno \u2013 apartmani, sobe i vikendice po najpovoljnijim cijenama.","og_url":"https:\/\/turizamnekretnine.me\/turizam\/smjestaj-kolasin\/","og_site_name":"Kola\u0161in Eco Travel","article_publisher":"https:\/\/www.facebook.com\/ecotravel.me","article_modified_time":"2025-12-03T10:12:58+00:00","og_image":[{"width":2560,"height":1707,"url":"https:\/\/turizamnekretnine.me\/turizam\/wp-content\/uploads\/2025\/07\/KOLASIN-scaled.jpg","type":"image\/jpeg"}],"twitter_card":"summary_large_image","twitter_title":"Smje\u0161taj u Kola\u0161inu","twitter_misc":{"Est. reading time":"1 minute"},"schema":{"@context":"https:\/\/schema.org","@graph":[{"@type":"WebPage","@id":"https:\/\/turizamnekretnine.me\/turizam\/smjestaj-kolasin\/","url":"https:\/\/turizamnekretnine.me\/turizam\/smjestaj-kolasin\/","name":"Smjestaj Kolasin - Apartmani, Hoteli, Eko Katuni","isPartOf":{"@id":"https:\/\/turizamnekretnine.me\/turizam\/#website"},"primaryImageOfPage":{"@id":"https:\/\/turizamnekretnine.me\/turizam\/smjestaj-kolasin\/#primaryimage"},"image":{"@id":"https:\/\/turizamnekretnine.me\/turizam\/smjestaj-kolasin\/#primaryimage"},"thumbnailUrl":"https:\/\/turizamnekretnine.me\/turizam\/wp-content\/uploads\/2025\/07\/KOLASIN-scaled.jpg","datePublished":"2017-01-25T06:52:02+00:00","dateModified":"2025-12-03T10:12:58+00:00","description":"Rezervisite smjestaj u Kolasinu brzo i jednostavno \u2013 apartmani, sobe, vikendice po najpovoljnijim cijenama.","breadcrumb":{"@id":"https:\/\/turizamnekretnine.me\/turizam\/smjestaj-kolasin\/#breadcrumb"},"inLanguage":"en-US","potentialAction":[{"@type":"ReadAction","target":["https:\/\/turizamnekretnine.me\/turizam\/smjestaj-kolasin\/"]}]},{"@type":"ImageObject","inLanguage":"en-US","@id":"https:\/\/turizamnekretnine.me\/turizam\/smjestaj-kolasin\/#primaryimage","url":"https:\/\/turizamnekretnine.me\/turizam\/wp-content\/uploads\/2025\/07\/KOLASIN-scaled.jpg","contentUrl":"https:\/\/turizamnekretnine.me\/turizam\/wp-content\/uploads\/2025\/07\/KOLASIN-scaled.jpg","width":2560,"height":1707,"caption":"Turizam Smjestaj u Kola\u0161inu"},{"@type":"BreadcrumbList","@id":"https:\/\/turizamnekretnine.me\/turizam\/smjestaj-kolasin\/#breadcrumb","itemListElement":[{"@type":"ListItem","position":1,"name":"Home","item":"https:\/\/turizamnekretnine.me\/turizam\/"},{"@type":"ListItem","position":2,"name":"Smje\u0161taj u Kola\u0161inu"}]},{"@type":"WebSite","@id":"https:\/\/turizamnekretnine.me\/turizam\/#website","url":"https:\/\/turizamnekretnine.me\/turizam\/","name":"Kola\u0161in Eco Travel Montenegro","description":"Travel Agency","publisher":{"@id":"https:\/\/turizamnekretnine.me\/turizam\/#organization"},"potentialAction":[{"@type":"SearchAction","target":{"@type":"EntryPoint","urlTemplate":"https:\/\/turizamnekretnine.me\/turizam\/?s={search_term_string}"},"query-input":{"@type":"PropertyValueSpecification","valueRequired":true,"valueName":"search_term_string"}}],"inLanguage":"en-US"},{"@type":"Organization","@id":"https:\/\/turizamnekretnine.me\/turizam\/#organization","name":"Kola\u0161in Eco Travel","url":"https:\/\/turizamnekretnine.me\/turizam\/","logo":{"@type":"ImageObject","inLanguage":"en-US","@id":"https:\/\/turizamnekretnine.me\/turizam\/#\/schema\/logo\/image\/","url":"https:\/\/turizamnekretnine.me\/turizam\/wp-content\/uploads\/2025\/11\/cropped-Logo-Social-media.png","contentUrl":"https:\/\/turizamnekretnine.me\/turizam\/wp-content\/uploads\/2025\/11\/cropped-Logo-Social-media.png","width":512,"height":512,"caption":"Kola\u0161in Eco Travel"},"image":{"@id":"https:\/\/turizamnekretnine.me\/turizam\/#\/schema\/logo\/image\/"},"sameAs":["https:\/\/www.facebook.com\/ecotravel.me","https:\/\/www.instagram.com\/kolasin_ecotravel","https:\/\/www.youtube.com\/@KolasinEcoTravelME"]}]}},"_links":{"self":[{"href":"https:\/\/turizamnekretnine.me\/turizam\/wp-json\/wp\/v2\/pages\/4860","targetHints":{"allow":["GET"]}}],"collection":[{"href":"https:\/\/turizamnekretnine.me\/turizam\/wp-json\/wp\/v2\/pages"}],"about":[{"href":"https:\/\/turizamnekretnine.me\/turizam\/wp-json\/wp\/v2\/types\/page"}],"author":[{"embeddable":true,"href":"https:\/\/turizamnekretnine.me\/turizam\/wp-json\/wp\/v2\/users\/1"}],"replies":[{"embeddable":true,"href":"https:\/\/turizamnekretnine.me\/turizam\/wp-json\/wp\/v2\/comments?post=4860"}],"version-history":[{"count":5,"href":"https:\/\/turizamnekretnine.me\/turizam\/wp-json\/wp\/v2\/pages\/4860\/revisions"}],"predecessor-version":[{"id":11499,"href":"https:\/\/turizamnekretnine.me\/turizam\/wp-json\/wp\/v2\/pages\/4860\/revisions\/11499"}],"wp:featuredmedia":[{"embeddable":true,"href":"https:\/\/turizamnekretnine.me\/turizam\/wp-json\/wp\/v2\/media\/10121"}],"wp:attachment":[{"href":"https:\/\/turizamnekretnine.me\/turizam\/wp-json\/wp\/v2\/media?parent=4860"}],"curies":[{"name":"wp","href":"https:\/\/api.w.org\/{rel}","templated":true}]}}