{"id":5801,"date":"2019-03-27T09:05:29","date_gmt":"2019-03-27T08:05:29","guid":{"rendered":"http:\/\/turizamnekretnine.me\/turizam\/?page_id=5801"},"modified":"2026-02-24T20:56:53","modified_gmt":"2026-02-24T19:56:53","slug":"izleti-i-ture","status":"publish","type":"page","link":"https:\/\/turizamnekretnine.me\/turizam\/izleti-i-ture\/","title":{"rendered":"Izleti i Ture"},"content":{"rendered":"<section class=\"wpb-content-wrapper\"><p>[vc_row]<br \/>\n[vc_column width=&#8221;1\/2&#8243;]<br \/>\n<strong>Pje\u0161a\u010denje Kola\u0161in<\/strong><br \/>\n[vc_single_image image=&#8221;5767&#8243; img_size=&#8221;large&#8221; style=&#8221;vc_box_rounded&#8221; css_animation=&#8221;fadeInDown&#8221; onclick=&#8221;custom_link&#8221; link=&#8221;https:\/\/turizamnekretnine.me\/turizam\/pjesacenje\/&#8221;]<br \/>\n[\/vc_column]<\/p>\n<p>[vc_column width=&#8221;1\/2&#8243;]<br \/>\n<strong>Jahanje konja Kola\u0161in<\/strong><br \/>\n[vc_single_image image=&#8221;5773&#8243; img_size=&#8221;large&#8221; style=&#8221;vc_box_rounded&#8221; css_animation=&#8221;fadeInDown&#8221; onclick=&#8221;custom_link&#8221; link=&#8221;https:\/\/turizamnekretnine.me\/turizam\/jahanje-konja-kolasin\/&#8221;]<br \/>\n[\/vc_column]<br \/>\n[\/vc_row]<\/p>\n<p>[vc_row]<br \/>\n[vc_column width=&#8221;1\/2&#8243;]<br \/>\n<strong>Rafting Kola\u0161in<\/strong><br \/>\n[vc_single_image image=&#8221;5768&#8243; img_size=&#8221;large&#8221; style=&#8221;vc_box_rounded&#8221; css_animation=&#8221;fadeInDown&#8221; onclick=&#8221;custom_link&#8221; link=&#8221;https:\/\/turizamnekretnine.me\/turizam\/tour\/rafting-tara-kolasin\/&#8221;]<br \/>\n[\/vc_column]<\/p>\n<p>[vc_column width=&#8221;1\/2&#8243;]<br \/>\n<strong>Kanjoning Kola\u0161in<\/strong><br \/>\n[vc_single_image image=&#8221;10831&#8243; img_size=&#8221;large&#8221; style=&#8221;vc_box_rounded&#8221; css_animation=&#8221;fadeInDown&#8221; onclick=&#8221;custom_link&#8221; link=&#8221;https:\/\/turizamnekretnine.me\/turizam\/kanjoning-kolasin-crna-gora\/&#8221;]<br \/>\n[\/vc_column]<br \/>\n[\/vc_row]<\/p>\n<p>[vc_row]<br \/>\n[vc_column width=&#8221;1\/2&#8243;]<br \/>\n<strong>Off-Road Safari Kola\u0161in<\/strong><br \/>\n[vc_single_image image=&#8221;5771&#8243; img_size=&#8221;large&#8221; style=&#8221;vc_box_rounded&#8221; css_animation=&#8221;fadeInDown&#8221; onclick=&#8221;custom_link&#8221; link=&#8221;https:\/\/turizamnekretnine.me\/turizam\/off-road-safari-kolasin-cg\/&#8221;]<br \/>\n[\/vc_column]<\/p>\n<p>[vc_column width=&#8221;1\/2&#8243;]<br \/>\n<strong>Zimske aktivnosti Kola\u0161in<\/strong><br \/>\n[vc_single_image image=&#8221;9283&#8243; img_size=&#8221;large&#8221; style=&#8221;vc_box_rounded&#8221; css_animation=&#8221;fadeInDown&#8221; onclick=&#8221;custom_link&#8221; link=&#8221;https:\/\/turizamnekretnine.me\/turizam\/tour\/zimske-aktivnosti\/&#8221;]<br \/>\n[\/vc_column]<br \/>\n[\/vc_row]<\/p>\n<\/section>","protected":false},"excerpt":{"rendered":"<p>[vc_row] [vc_column width=&#8221;1\/2&#8243;] Pje\u0161a\u010denje Kola\u0161in [vc_single_image image=&#8221;5767&#8243; img_size=&#8221;large&#8221; style=&#8221;vc_box_rounded&#8221; css_animation=&#8221;fadeInDown&#8221; onclick=&#8221;custom_link&#8221; link=&#8221;https:\/\/turizamnekretnine.me\/turizam\/pjesacenje\/&#8221;] [\/vc_column] [vc_column width=&#8221;1\/2&#8243;] Jahanje konja Kola\u0161in [vc_single_image image=&#8221;5773&#8243; img_size=&#8221;large&#8221; style=&#8221;vc_box_rounded&#8221; css_animation=&#8221;fadeInDown&#8221; onclick=&#8221;custom_link&#8221; link=&#8221;https:\/\/turizamnekretnine.me\/turizam\/jahanje-konja-kolasin\/&#8221;] [\/vc_column] [\/vc_row] [vc_row] [vc_column width=&#8221;1\/2&#8243;] Rafting Kola\u0161in [vc_single_image image=&#8221;5768&#8243; img_size=&#8221;large&#8221; style=&#8221;vc_box_rounded&#8221; css_animation=&#8221;fadeInDown&#8221; onclick=&#8221;custom_link&#8221; link=&#8221;https:\/\/turizamnekretnine.me\/turizam\/tour\/rafting-tara-kolasin\/&#8221;] [\/vc_column] [vc_column width=&#8221;1\/2&#8243;] Kanjoning Kola\u0161in [vc_single_image image=&#8221;10831&#8243; img_size=&#8221;large&#8221; style=&#8221;vc_box_rounded&#8221; css_animation=&#8221;fadeInDown&#8221; onclick=&#8221;custom_link&#8221; link=&#8221;https:\/\/turizamnekretnine.me\/turizam\/kanjoning-kolasin-crna-gora\/&#8221;] [\/vc_column] [\/vc_row] [vc_row] [vc_column [&hellip;]<\/p>\n","protected":false},"author":15,"featured_media":10996,"parent":0,"menu_order":0,"comment_status":"closed","ping_status":"closed","template":"","meta":{"footnotes":""},"class_list":["post-5801","page","type-page","status-publish","has-post-thumbnail","hentry"],"yoast_head":"<!-- This site is optimized with the Yoast SEO Premium plugin v27.2 (Yoast SEO v27.2) - https:\/\/yoast.com\/product\/yoast-seo-premium-wordpress\/ -->\n<title>Izleti i ture Kola\u0161in Crna Gora | Planinske avanture i priroda<\/title>\n<meta name=\"description\" content=\"Otkrijte najbolje izlete i ture u Kola\u0161inu, Crna Gora \u2013 planinarenje, rafting, kanjoning, biciklizam... Iskusite netaknutu prirodu\" \/>\n<meta name=\"robots\" content=\"index, follow, max-snippet:-1, max-image-preview:large, max-video-preview:-1\" \/>\n<link rel=\"canonical\" href=\"https:\/\/turizamnekretnine.me\/turizam\/izleti-i-ture\/\" \/>\n<meta property=\"og:locale\" content=\"en_US\" \/>\n<meta property=\"og:type\" content=\"article\" \/>\n<meta property=\"og:title\" content=\"Izleti i ture Kola\u0161in Crna Gora | Planinske avanture i priroda\" \/>\n<meta property=\"og:description\" content=\"Otkrijte najbolje izlete i ture u Kola\u0161inu, Crna Gora \u2013 planinarenje, rafting, kanjoning, biciklizam... Iskusite netaknutu prirodu\" \/>\n<meta property=\"og:url\" content=\"https:\/\/turizamnekretnine.me\/turizam\/izleti-i-ture\/\" \/>\n<meta property=\"og:site_name\" content=\"Kola\u0161in Eco Travel\" \/>\n<meta property=\"article:publisher\" content=\"https:\/\/www.facebook.com\/ecotravel.me\" \/>\n<meta property=\"article:modified_time\" content=\"2026-02-24T19:56:53+00:00\" \/>\n<meta property=\"og:image\" content=\"https:\/\/turizamnekretnine.me\/turizam\/wp-content\/uploads\/2025\/07\/Biogradsko-jezero-Kolasin-proljece.jpg\" \/>\n\t<meta property=\"og:image:width\" content=\"2000\" \/>\n\t<meta property=\"og:image:height\" content=\"1333\" \/>\n\t<meta property=\"og:image:type\" content=\"image\/jpeg\" \/>\n<meta name=\"twitter:card\" content=\"summary_large_image\" \/>\n<meta name=\"twitter:title\" content=\"Izleti i Ture\" \/>\n<meta name=\"twitter:label1\" content=\"Est. reading time\" \/>\n\t<meta name=\"twitter:data1\" content=\"1 minute\" \/>\n<script type=\"application\/ld+json\" class=\"yoast-schema-graph\">{\"@context\":\"https:\/\/schema.org\",\"@graph\":[{\"@type\":\"WebPage\",\"@id\":\"https:\/\/turizamnekretnine.me\/turizam\/izleti-i-ture\/\",\"url\":\"https:\/\/turizamnekretnine.me\/turizam\/izleti-i-ture\/\",\"name\":\"Izleti i ture Kola\u0161in Crna Gora | Planinske avanture i priroda\",\"isPartOf\":{\"@id\":\"https:\/\/turizamnekretnine.me\/turizam\/#website\"},\"primaryImageOfPage\":{\"@id\":\"https:\/\/turizamnekretnine.me\/turizam\/izleti-i-ture\/#primaryimage\"},\"image\":{\"@id\":\"https:\/\/turizamnekretnine.me\/turizam\/izleti-i-ture\/#primaryimage\"},\"thumbnailUrl\":\"https:\/\/turizamnekretnine.me\/turizam\/wp-content\/uploads\/2025\/08\/Izleti-i-ture-Kolasin.jpg\",\"datePublished\":\"2019-03-27T08:05:29+00:00\",\"dateModified\":\"2026-02-24T19:56:53+00:00\",\"description\":\"Otkrijte najbolje izlete i ture u Kola\u0161inu, Crna Gora \u2013 planinarenje, rafting, kanjoning, biciklizam... Iskusite netaknutu prirodu\",\"breadcrumb\":{\"@id\":\"https:\/\/turizamnekretnine.me\/turizam\/izleti-i-ture\/#breadcrumb\"},\"inLanguage\":\"en-US\",\"potentialAction\":[{\"@type\":\"ReadAction\",\"target\":[\"https:\/\/turizamnekretnine.me\/turizam\/izleti-i-ture\/\"]}]},{\"@type\":\"ImageObject\",\"inLanguage\":\"en-US\",\"@id\":\"https:\/\/turizamnekretnine.me\/turizam\/izleti-i-ture\/#primaryimage\",\"url\":\"https:\/\/turizamnekretnine.me\/turizam\/wp-content\/uploads\/2025\/08\/Izleti-i-ture-Kolasin.jpg\",\"contentUrl\":\"https:\/\/turizamnekretnine.me\/turizam\/wp-content\/uploads\/2025\/08\/Izleti-i-ture-Kolasin.jpg\",\"width\":2560,\"height\":1708},{\"@type\":\"BreadcrumbList\",\"@id\":\"https:\/\/turizamnekretnine.me\/turizam\/izleti-i-ture\/#breadcrumb\",\"itemListElement\":[{\"@type\":\"ListItem\",\"position\":1,\"name\":\"Home\",\"item\":\"https:\/\/turizamnekretnine.me\/turizam\/\"},{\"@type\":\"ListItem\",\"position\":2,\"name\":\"Izleti i Ture\"}]},{\"@type\":\"WebSite\",\"@id\":\"https:\/\/turizamnekretnine.me\/turizam\/#website\",\"url\":\"https:\/\/turizamnekretnine.me\/turizam\/\",\"name\":\"Kola\u0161in Eco Travel Montenegro\",\"description\":\"Travel Agency\",\"publisher\":{\"@id\":\"https:\/\/turizamnekretnine.me\/turizam\/#organization\"},\"potentialAction\":[{\"@type\":\"SearchAction\",\"target\":{\"@type\":\"EntryPoint\",\"urlTemplate\":\"https:\/\/turizamnekretnine.me\/turizam\/?s={search_term_string}\"},\"query-input\":{\"@type\":\"PropertyValueSpecification\",\"valueRequired\":true,\"valueName\":\"search_term_string\"}}],\"inLanguage\":\"en-US\"},{\"@type\":\"Organization\",\"@id\":\"https:\/\/turizamnekretnine.me\/turizam\/#organization\",\"name\":\"Kola\u0161in Eco Travel\",\"url\":\"https:\/\/turizamnekretnine.me\/turizam\/\",\"logo\":{\"@type\":\"ImageObject\",\"inLanguage\":\"en-US\",\"@id\":\"https:\/\/turizamnekretnine.me\/turizam\/#\/schema\/logo\/image\/\",\"url\":\"https:\/\/turizamnekretnine.me\/turizam\/wp-content\/uploads\/2025\/11\/cropped-Logo-Social-media.png\",\"contentUrl\":\"https:\/\/turizamnekretnine.me\/turizam\/wp-content\/uploads\/2025\/11\/cropped-Logo-Social-media.png\",\"width\":512,\"height\":512,\"caption\":\"Kola\u0161in Eco Travel\"},\"image\":{\"@id\":\"https:\/\/turizamnekretnine.me\/turizam\/#\/schema\/logo\/image\/\"},\"sameAs\":[\"https:\/\/www.facebook.com\/ecotravel.me\",\"https:\/\/www.instagram.com\/kolasin_ecotravel\",\"https:\/\/www.youtube.com\/@KolasinEcoTravelME\"]}]}<\/script>\n<!-- \/ Yoast SEO Premium plugin. -->","yoast_head_json":{"title":"Izleti i ture Kola\u0161in Crna Gora | Planinske avanture i priroda","description":"Otkrijte najbolje izlete i ture u Kola\u0161inu, Crna Gora \u2013 planinarenje, rafting, kanjoning, biciklizam... Iskusite netaknutu prirodu","robots":{"index":"index","follow":"follow","max-snippet":"max-snippet:-1","max-image-preview":"max-image-preview:large","max-video-preview":"max-video-preview:-1"},"canonical":"https:\/\/turizamnekretnine.me\/turizam\/izleti-i-ture\/","og_locale":"en_US","og_type":"article","og_title":"Izleti i ture Kola\u0161in Crna Gora | Planinske avanture i priroda","og_description":"Otkrijte najbolje izlete i ture u Kola\u0161inu, Crna Gora \u2013 planinarenje, rafting, kanjoning, biciklizam... Iskusite netaknutu prirodu","og_url":"https:\/\/turizamnekretnine.me\/turizam\/izleti-i-ture\/","og_site_name":"Kola\u0161in Eco Travel","article_publisher":"https:\/\/www.facebook.com\/ecotravel.me","article_modified_time":"2026-02-24T19:56:53+00:00","og_image":[{"width":2000,"height":1333,"url":"https:\/\/turizamnekretnine.me\/turizam\/wp-content\/uploads\/2025\/07\/Biogradsko-jezero-Kolasin-proljece.jpg","type":"image\/jpeg"}],"twitter_card":"summary_large_image","twitter_title":"Izleti i Ture","twitter_misc":{"Est. reading time":"1 minute"},"schema":{"@context":"https:\/\/schema.org","@graph":[{"@type":"WebPage","@id":"https:\/\/turizamnekretnine.me\/turizam\/izleti-i-ture\/","url":"https:\/\/turizamnekretnine.me\/turizam\/izleti-i-ture\/","name":"Izleti i ture Kola\u0161in Crna Gora | Planinske avanture i priroda","isPartOf":{"@id":"https:\/\/turizamnekretnine.me\/turizam\/#website"},"primaryImageOfPage":{"@id":"https:\/\/turizamnekretnine.me\/turizam\/izleti-i-ture\/#primaryimage"},"image":{"@id":"https:\/\/turizamnekretnine.me\/turizam\/izleti-i-ture\/#primaryimage"},"thumbnailUrl":"https:\/\/turizamnekretnine.me\/turizam\/wp-content\/uploads\/2025\/08\/Izleti-i-ture-Kolasin.jpg","datePublished":"2019-03-27T08:05:29+00:00","dateModified":"2026-02-24T19:56:53+00:00","description":"Otkrijte najbolje izlete i ture u Kola\u0161inu, Crna Gora \u2013 planinarenje, rafting, kanjoning, biciklizam... Iskusite netaknutu prirodu","breadcrumb":{"@id":"https:\/\/turizamnekretnine.me\/turizam\/izleti-i-ture\/#breadcrumb"},"inLanguage":"en-US","potentialAction":[{"@type":"ReadAction","target":["https:\/\/turizamnekretnine.me\/turizam\/izleti-i-ture\/"]}]},{"@type":"ImageObject","inLanguage":"en-US","@id":"https:\/\/turizamnekretnine.me\/turizam\/izleti-i-ture\/#primaryimage","url":"https:\/\/turizamnekretnine.me\/turizam\/wp-content\/uploads\/2025\/08\/Izleti-i-ture-Kolasin.jpg","contentUrl":"https:\/\/turizamnekretnine.me\/turizam\/wp-content\/uploads\/2025\/08\/Izleti-i-ture-Kolasin.jpg","width":2560,"height":1708},{"@type":"BreadcrumbList","@id":"https:\/\/turizamnekretnine.me\/turizam\/izleti-i-ture\/#breadcrumb","itemListElement":[{"@type":"ListItem","position":1,"name":"Home","item":"https:\/\/turizamnekretnine.me\/turizam\/"},{"@type":"ListItem","position":2,"name":"Izleti i Ture"}]},{"@type":"WebSite","@id":"https:\/\/turizamnekretnine.me\/turizam\/#website","url":"https:\/\/turizamnekretnine.me\/turizam\/","name":"Kola\u0161in Eco Travel Montenegro","description":"Travel Agency","publisher":{"@id":"https:\/\/turizamnekretnine.me\/turizam\/#organization"},"potentialAction":[{"@type":"SearchAction","target":{"@type":"EntryPoint","urlTemplate":"https:\/\/turizamnekretnine.me\/turizam\/?s={search_term_string}"},"query-input":{"@type":"PropertyValueSpecification","valueRequired":true,"valueName":"search_term_string"}}],"inLanguage":"en-US"},{"@type":"Organization","@id":"https:\/\/turizamnekretnine.me\/turizam\/#organization","name":"Kola\u0161in Eco Travel","url":"https:\/\/turizamnekretnine.me\/turizam\/","logo":{"@type":"ImageObject","inLanguage":"en-US","@id":"https:\/\/turizamnekretnine.me\/turizam\/#\/schema\/logo\/image\/","url":"https:\/\/turizamnekretnine.me\/turizam\/wp-content\/uploads\/2025\/11\/cropped-Logo-Social-media.png","contentUrl":"https:\/\/turizamnekretnine.me\/turizam\/wp-content\/uploads\/2025\/11\/cropped-Logo-Social-media.png","width":512,"height":512,"caption":"Kola\u0161in Eco Travel"},"image":{"@id":"https:\/\/turizamnekretnine.me\/turizam\/#\/schema\/logo\/image\/"},"sameAs":["https:\/\/www.facebook.com\/ecotravel.me","https:\/\/www.instagram.com\/kolasin_ecotravel","https:\/\/www.youtube.com\/@KolasinEcoTravelME"]}]}},"_links":{"self":[{"href":"https:\/\/turizamnekretnine.me\/turizam\/wp-json\/wp\/v2\/pages\/5801","targetHints":{"allow":["GET"]}}],"collection":[{"href":"https:\/\/turizamnekretnine.me\/turizam\/wp-json\/wp\/v2\/pages"}],"about":[{"href":"https:\/\/turizamnekretnine.me\/turizam\/wp-json\/wp\/v2\/types\/page"}],"author":[{"embeddable":true,"href":"https:\/\/turizamnekretnine.me\/turizam\/wp-json\/wp\/v2\/users\/15"}],"replies":[{"embeddable":true,"href":"https:\/\/turizamnekretnine.me\/turizam\/wp-json\/wp\/v2\/comments?post=5801"}],"version-history":[{"count":6,"href":"https:\/\/turizamnekretnine.me\/turizam\/wp-json\/wp\/v2\/pages\/5801\/revisions"}],"predecessor-version":[{"id":11664,"href":"https:\/\/turizamnekretnine.me\/turizam\/wp-json\/wp\/v2\/pages\/5801\/revisions\/11664"}],"wp:featuredmedia":[{"embeddable":true,"href":"https:\/\/turizamnekretnine.me\/turizam\/wp-json\/wp\/v2\/media\/10996"}],"wp:attachment":[{"href":"https:\/\/turizamnekretnine.me\/turizam\/wp-json\/wp\/v2\/media?parent=5801"}],"curies":[{"name":"wp","href":"https:\/\/api.w.org\/{rel}","templated":true}]}}