{"id":5823,"date":"2019-03-27T09:12:29","date_gmt":"2019-03-27T08:12:29","guid":{"rendered":"http:\/\/turizamnekretnine.me\/turizam\/?page_id=5823"},"modified":"2025-07-21T21:34:33","modified_gmt":"2025-07-21T19:34:33","slug":"misija-i-ciljevi-kolasin-eco-travel","status":"publish","type":"page","link":"https:\/\/turizamnekretnine.me\/turizam\/misija-i-ciljevi-kolasin-eco-travel\/","title":{"rendered":"Misija i ciljevi"},"content":{"rendered":"<section class=\"wpb-content-wrapper\"><p>[vc_row][vc_column][vc_column_text]<\/p>\n<p style=\"text-align: center;\"><span style=\"font-size: 18pt;\"><strong>MISIJA<\/strong><\/span><\/p>\n<p style=\"text-align: center;\"><span style=\"font-size: 14pt;\">Na\u0161a misija u &#8220;Kola\u0161in Eco-Travel&#8221; je pru\u017eanje jedinstvenih i nezaboravnih turisti\u010dkih iskustava koja promovi\u0161u odr\u017eivost i po\u0161tovanje prema prirodi. Vjerujemo u harmoniju sa prirodom i radimo na tome da na\u0161i posjetioci do\u017eive autenti\u010dne avanture koje odra\u017eavaju prirodno i kulturno bogatstvo Kola\u0161ina i Crne Gore.<\/span><\/p>\n<p style=\"text-align: center;\"><span style=\"font-size: 18pt;\"><strong>CILJEVI<\/strong><\/span><\/p>\n<ul>\n<li style=\"text-align: left;\"><span style=\"font-size: 14pt;\">Razvoj katuna Rupe re\u010dinske kao glavnog odredi\u0161ta, sa pro\u0161irenjem ponude na seosko doma\u0107instvo i eko katun.<\/span><\/li>\n<li style=\"text-align: left;\"><span style=\"font-size: 14pt;\">Promovisanje ekoturizma i odr\u017eivih turisti\u010dkih praksi. <\/span><\/li>\n<li style=\"text-align: left;\"><span style=\"font-size: 14pt;\">Pru\u017eanje visokokvalitetnih turisti\u010dkih usluga koje zadovoljavaju potrebe i o\u010dekivanja na\u0161ih turista. <\/span><\/li>\n<li style=\"text-align: left;\"><span style=\"font-size: 14pt;\">O\u010duvanje i za\u0161tita prirodne i kulturne ba\u0161tine. <\/span><\/li>\n<li style=\"text-align: left;\"><span style=\"font-size: 14pt;\">Stvaranje pozitivnog uticaja na lokalnu zajednicu kroz razvoj turizma i poljoprivrede.<\/span><\/li>\n<\/ul>\n<p>[\/vc_column_text][\/vc_column][\/vc_row]<\/p>\n<\/section>","protected":false},"excerpt":{"rendered":"<p>[vc_row][vc_column][vc_column_text] MISIJA Na\u0161a misija u &#8220;Kola\u0161in Eco-Travel&#8221; je pru\u017eanje jedinstvenih i nezaboravnih turisti\u010dkih iskustava koja promovi\u0161u odr\u017eivost i po\u0161tovanje prema prirodi. Vjerujemo u harmoniju sa prirodom i radimo na tome da na\u0161i posjetioci do\u017eive autenti\u010dne avanture koje odra\u017eavaju prirodno i kulturno bogatstvo Kola\u0161ina i Crne Gore. CILJEVI Razvoj katuna Rupe re\u010dinske kao glavnog odredi\u0161ta, sa [&hellip;]<\/p>\n","protected":false},"author":1,"featured_media":0,"parent":0,"menu_order":0,"comment_status":"closed","ping_status":"closed","template":"","meta":{"footnotes":""},"class_list":["post-5823","page","type-page","status-publish","hentry"],"yoast_head":"<!-- This site is optimized with the Yoast SEO Premium plugin v27.2 (Yoast SEO v27.2) - https:\/\/yoast.com\/product\/yoast-seo-premium-wordpress\/ -->\n<title>Na\u0161a misija i ciljevi \u2013 Kola\u0161in Eco Travel Crna Gora<\/title>\n<meta name=\"description\" content=\"Otkrijte misiju i ciljeve Kola\u0161in Eco Travel. Promovi\u0161emo odr\u017eivi turizam i \u010duvamo prirodno i kulturno naslje\u0111e Crne Gore.\" \/>\n<meta name=\"robots\" content=\"index, follow, max-snippet:-1, max-image-preview:large, max-video-preview:-1\" \/>\n<link rel=\"canonical\" href=\"https:\/\/turizamnekretnine.me\/turizam\/misija-i-ciljevi-kolasin-eco-travel\/\" \/>\n<meta property=\"og:locale\" content=\"en_US\" \/>\n<meta property=\"og:type\" content=\"article\" \/>\n<meta property=\"og:title\" content=\"Misija i ciljevi\" \/>\n<meta property=\"og:description\" content=\"Otkrijte misiju i ciljeve Kola\u0161in Eco Travel. Promovi\u0161emo odr\u017eivi turizam i \u010duvamo prirodno i kulturno naslje\u0111e Crne Gore.\" \/>\n<meta property=\"og:url\" content=\"https:\/\/turizamnekretnine.me\/turizam\/misija-i-ciljevi-kolasin-eco-travel\/\" \/>\n<meta property=\"og:site_name\" content=\"Kola\u0161in Eco Travel\" \/>\n<meta property=\"article:publisher\" content=\"https:\/\/www.facebook.com\/ecotravel.me\" \/>\n<meta property=\"article:modified_time\" content=\"2025-07-21T19:34:33+00:00\" \/>\n<meta name=\"twitter:card\" content=\"summary_large_image\" \/>\n<meta name=\"twitter:label1\" content=\"Est. reading time\" \/>\n\t<meta name=\"twitter:data1\" content=\"1 minute\" \/>\n<script type=\"application\/ld+json\" class=\"yoast-schema-graph\">{\"@context\":\"https:\/\/schema.org\",\"@graph\":[{\"@type\":\"WebPage\",\"@id\":\"https:\/\/turizamnekretnine.me\/turizam\/misija-i-ciljevi-kolasin-eco-travel\/\",\"url\":\"https:\/\/turizamnekretnine.me\/turizam\/misija-i-ciljevi-kolasin-eco-travel\/\",\"name\":\"Na\u0161a misija i ciljevi \u2013 Kola\u0161in Eco Travel Crna Gora\",\"isPartOf\":{\"@id\":\"https:\/\/turizamnekretnine.me\/turizam\/#website\"},\"datePublished\":\"2019-03-27T08:12:29+00:00\",\"dateModified\":\"2025-07-21T19:34:33+00:00\",\"description\":\"Otkrijte misiju i ciljeve Kola\u0161in Eco Travel. Promovi\u0161emo odr\u017eivi turizam i \u010duvamo prirodno i kulturno naslje\u0111e Crne Gore.\",\"breadcrumb\":{\"@id\":\"https:\/\/turizamnekretnine.me\/turizam\/misija-i-ciljevi-kolasin-eco-travel\/#breadcrumb\"},\"inLanguage\":\"en-US\",\"potentialAction\":[{\"@type\":\"ReadAction\",\"target\":[\"https:\/\/turizamnekretnine.me\/turizam\/misija-i-ciljevi-kolasin-eco-travel\/\"]}]},{\"@type\":\"BreadcrumbList\",\"@id\":\"https:\/\/turizamnekretnine.me\/turizam\/misija-i-ciljevi-kolasin-eco-travel\/#breadcrumb\",\"itemListElement\":[{\"@type\":\"ListItem\",\"position\":1,\"name\":\"Home\",\"item\":\"https:\/\/turizamnekretnine.me\/turizam\/\"},{\"@type\":\"ListItem\",\"position\":2,\"name\":\"Misija i ciljevi\"}]},{\"@type\":\"WebSite\",\"@id\":\"https:\/\/turizamnekretnine.me\/turizam\/#website\",\"url\":\"https:\/\/turizamnekretnine.me\/turizam\/\",\"name\":\"Kola\u0161in Eco Travel Montenegro\",\"description\":\"Travel Agency\",\"publisher\":{\"@id\":\"https:\/\/turizamnekretnine.me\/turizam\/#organization\"},\"potentialAction\":[{\"@type\":\"SearchAction\",\"target\":{\"@type\":\"EntryPoint\",\"urlTemplate\":\"https:\/\/turizamnekretnine.me\/turizam\/?s={search_term_string}\"},\"query-input\":{\"@type\":\"PropertyValueSpecification\",\"valueRequired\":true,\"valueName\":\"search_term_string\"}}],\"inLanguage\":\"en-US\"},{\"@type\":\"Organization\",\"@id\":\"https:\/\/turizamnekretnine.me\/turizam\/#organization\",\"name\":\"Kola\u0161in Eco Travel\",\"url\":\"https:\/\/turizamnekretnine.me\/turizam\/\",\"logo\":{\"@type\":\"ImageObject\",\"inLanguage\":\"en-US\",\"@id\":\"https:\/\/turizamnekretnine.me\/turizam\/#\/schema\/logo\/image\/\",\"url\":\"https:\/\/turizamnekretnine.me\/turizam\/wp-content\/uploads\/2025\/11\/cropped-Logo-Social-media.png\",\"contentUrl\":\"https:\/\/turizamnekretnine.me\/turizam\/wp-content\/uploads\/2025\/11\/cropped-Logo-Social-media.png\",\"width\":512,\"height\":512,\"caption\":\"Kola\u0161in Eco Travel\"},\"image\":{\"@id\":\"https:\/\/turizamnekretnine.me\/turizam\/#\/schema\/logo\/image\/\"},\"sameAs\":[\"https:\/\/www.facebook.com\/ecotravel.me\",\"https:\/\/www.instagram.com\/kolasin_ecotravel\",\"https:\/\/www.youtube.com\/@KolasinEcoTravelME\"]}]}<\/script>\n<!-- \/ Yoast SEO Premium plugin. -->","yoast_head_json":{"title":"Na\u0161a misija i ciljevi \u2013 Kola\u0161in Eco Travel Crna Gora","description":"Otkrijte misiju i ciljeve Kola\u0161in Eco Travel. Promovi\u0161emo odr\u017eivi turizam i \u010duvamo prirodno i kulturno naslje\u0111e Crne Gore.","robots":{"index":"index","follow":"follow","max-snippet":"max-snippet:-1","max-image-preview":"max-image-preview:large","max-video-preview":"max-video-preview:-1"},"canonical":"https:\/\/turizamnekretnine.me\/turizam\/misija-i-ciljevi-kolasin-eco-travel\/","og_locale":"en_US","og_type":"article","og_title":"Misija i ciljevi","og_description":"Otkrijte misiju i ciljeve Kola\u0161in Eco Travel. Promovi\u0161emo odr\u017eivi turizam i \u010duvamo prirodno i kulturno naslje\u0111e Crne Gore.","og_url":"https:\/\/turizamnekretnine.me\/turizam\/misija-i-ciljevi-kolasin-eco-travel\/","og_site_name":"Kola\u0161in Eco Travel","article_publisher":"https:\/\/www.facebook.com\/ecotravel.me","article_modified_time":"2025-07-21T19:34:33+00:00","twitter_card":"summary_large_image","twitter_misc":{"Est. reading time":"1 minute"},"schema":{"@context":"https:\/\/schema.org","@graph":[{"@type":"WebPage","@id":"https:\/\/turizamnekretnine.me\/turizam\/misija-i-ciljevi-kolasin-eco-travel\/","url":"https:\/\/turizamnekretnine.me\/turizam\/misija-i-ciljevi-kolasin-eco-travel\/","name":"Na\u0161a misija i ciljevi \u2013 Kola\u0161in Eco Travel Crna Gora","isPartOf":{"@id":"https:\/\/turizamnekretnine.me\/turizam\/#website"},"datePublished":"2019-03-27T08:12:29+00:00","dateModified":"2025-07-21T19:34:33+00:00","description":"Otkrijte misiju i ciljeve Kola\u0161in Eco Travel. Promovi\u0161emo odr\u017eivi turizam i \u010duvamo prirodno i kulturno naslje\u0111e Crne Gore.","breadcrumb":{"@id":"https:\/\/turizamnekretnine.me\/turizam\/misija-i-ciljevi-kolasin-eco-travel\/#breadcrumb"},"inLanguage":"en-US","potentialAction":[{"@type":"ReadAction","target":["https:\/\/turizamnekretnine.me\/turizam\/misija-i-ciljevi-kolasin-eco-travel\/"]}]},{"@type":"BreadcrumbList","@id":"https:\/\/turizamnekretnine.me\/turizam\/misija-i-ciljevi-kolasin-eco-travel\/#breadcrumb","itemListElement":[{"@type":"ListItem","position":1,"name":"Home","item":"https:\/\/turizamnekretnine.me\/turizam\/"},{"@type":"ListItem","position":2,"name":"Misija i ciljevi"}]},{"@type":"WebSite","@id":"https:\/\/turizamnekretnine.me\/turizam\/#website","url":"https:\/\/turizamnekretnine.me\/turizam\/","name":"Kola\u0161in Eco Travel Montenegro","description":"Travel Agency","publisher":{"@id":"https:\/\/turizamnekretnine.me\/turizam\/#organization"},"potentialAction":[{"@type":"SearchAction","target":{"@type":"EntryPoint","urlTemplate":"https:\/\/turizamnekretnine.me\/turizam\/?s={search_term_string}"},"query-input":{"@type":"PropertyValueSpecification","valueRequired":true,"valueName":"search_term_string"}}],"inLanguage":"en-US"},{"@type":"Organization","@id":"https:\/\/turizamnekretnine.me\/turizam\/#organization","name":"Kola\u0161in Eco Travel","url":"https:\/\/turizamnekretnine.me\/turizam\/","logo":{"@type":"ImageObject","inLanguage":"en-US","@id":"https:\/\/turizamnekretnine.me\/turizam\/#\/schema\/logo\/image\/","url":"https:\/\/turizamnekretnine.me\/turizam\/wp-content\/uploads\/2025\/11\/cropped-Logo-Social-media.png","contentUrl":"https:\/\/turizamnekretnine.me\/turizam\/wp-content\/uploads\/2025\/11\/cropped-Logo-Social-media.png","width":512,"height":512,"caption":"Kola\u0161in Eco Travel"},"image":{"@id":"https:\/\/turizamnekretnine.me\/turizam\/#\/schema\/logo\/image\/"},"sameAs":["https:\/\/www.facebook.com\/ecotravel.me","https:\/\/www.instagram.com\/kolasin_ecotravel","https:\/\/www.youtube.com\/@KolasinEcoTravelME"]}]}},"_links":{"self":[{"href":"https:\/\/turizamnekretnine.me\/turizam\/wp-json\/wp\/v2\/pages\/5823","targetHints":{"allow":["GET"]}}],"collection":[{"href":"https:\/\/turizamnekretnine.me\/turizam\/wp-json\/wp\/v2\/pages"}],"about":[{"href":"https:\/\/turizamnekretnine.me\/turizam\/wp-json\/wp\/v2\/types\/page"}],"author":[{"embeddable":true,"href":"https:\/\/turizamnekretnine.me\/turizam\/wp-json\/wp\/v2\/users\/1"}],"replies":[{"embeddable":true,"href":"https:\/\/turizamnekretnine.me\/turizam\/wp-json\/wp\/v2\/comments?post=5823"}],"version-history":[{"count":5,"href":"https:\/\/turizamnekretnine.me\/turizam\/wp-json\/wp\/v2\/pages\/5823\/revisions"}],"predecessor-version":[{"id":10291,"href":"https:\/\/turizamnekretnine.me\/turizam\/wp-json\/wp\/v2\/pages\/5823\/revisions\/10291"}],"wp:attachment":[{"href":"https:\/\/turizamnekretnine.me\/turizam\/wp-json\/wp\/v2\/media?parent=5823"}],"curies":[{"name":"wp","href":"https:\/\/api.w.org\/{rel}","templated":true}]}}