{"id":5835,"date":"2019-03-27T09:15:36","date_gmt":"2019-03-27T08:15:36","guid":{"rendered":"http:\/\/turizamnekretnine.me\/turizam\/?page_id=5835"},"modified":"2025-07-15T16:44:24","modified_gmt":"2025-07-15T14:44:24","slug":"organizacija-menadzment-ecotravel","status":"publish","type":"page","link":"https:\/\/turizamnekretnine.me\/turizam\/organizacija-menadzment-ecotravel\/","title":{"rendered":"Organizacija"},"content":{"rendered":"<section class=\"wpb-content-wrapper\"><p>[vc_row][vc_column][vc_column_text]<\/p>\n<p style=\"text-align: center;\"><span style=\"font-size: 18pt;\"><strong>ORGANIZACIJA<\/strong><\/span><\/p>\n<p style=\"text-align: center;\"><span style=\"font-family: georgia, palatino, serif; font-size: 14pt;\">&#8220;Kola\u0161in Eco-Travel&#8221; je dio preduze\u0107a DOO &#8220;Kubura-promet&#8221;, \u010dija je prete\u017ena djelatnost gajenje \u0161uma i ostale \u0161umarske djelatnosti a uz to se dodatno bavi turizmom, poljoprivredom i nekretninama. <\/span><\/p>\n<p style=\"text-align: center;\"><span style=\"font-family: georgia, palatino, serif; font-size: 14pt;\">Na\u0161a agencija je osnovana 16. januara 2019. godine i od tada kontinuirano radimo na unapre\u0111enju na\u0161ih usluga i ponuda.<\/span><\/p>\n<p style=\"text-align: center;\"><span style=\"font-size: 18pt;\"><strong> STRUKTURA<\/strong><\/span><\/p>\n<p style=\"text-align: center;\"><span style=\"font-size: 14pt;\"><strong>Izvr\u0161ni direktor<\/strong><\/span><\/p>\n<p style=\"text-align: center;\"><span style=\"font-size: 14pt;\">Ljubi\u0161a Kuburovi\u0107,<\/span><\/p>\n<p style=\"text-align: center;\"><span style=\"font-size: 14pt;\">zadu\u017een je za strate\u0161ko upravljanje i razvoj poslovanja.<\/span><\/p>\n<p style=\"text-align: center;\"><span style=\"font-size: 14pt;\"><strong>Menad\u017eer turisti\u010dke agencije<br \/>\nKola\u0161in Eco travel<\/strong><\/span><\/p>\n<p style=\"text-align: center;\"><span style=\"font-size: 14pt;\">spec. man. of tourism Bojan Kuburovi\u0107, <\/span><\/p>\n<p style=\"text-align: center;\"><span style=\"font-size: 14pt;\">odgovoran je za operativno vo\u0111enje turisti\u010dkih aktivnosti i organizaciju tura.<\/span><\/p>\n<p style=\"text-align: center;\"><span style=\"font-size: 14pt;\"><strong>Rukovodilac poljoprivrednog gazdinstva<\/strong><\/span><\/p>\n<p style=\"text-align: center;\"><span style=\"font-size: 14pt;\">dipl. kriminalista Boris Kuburovi\u0107<\/span><\/p>\n<p style=\"text-align: center;\"><span style=\"font-size: 14pt;\">odgovoran je za upravljanje poljoprivrednim gazdinstvom, sa posebnim fokusom na odr\u017eivu sto\u010darsku proizvodnju, brigu o \u017eivotinjama i o\u010duvanje tradicionalnog na\u010dina \u017eivota na katunu. Ujedno je zadu\u017een za pripremu i logistiku terenskog pristupa.<\/span><\/p>\n<p>[\/vc_column_text][\/vc_column][\/vc_row]<\/p>\n<\/section>","protected":false},"excerpt":{"rendered":"<p>[vc_row][vc_column][vc_column_text] ORGANIZACIJA &#8220;Kola\u0161in Eco-Travel&#8221; je dio preduze\u0107a DOO &#8220;Kubura-promet&#8221;, \u010dija je prete\u017ena djelatnost gajenje \u0161uma i ostale \u0161umarske djelatnosti a uz to se dodatno bavi turizmom, poljoprivredom i nekretninama. Na\u0161a agencija je osnovana 16. januara 2019. godine i od tada kontinuirano radimo na unapre\u0111enju na\u0161ih usluga i ponuda. STRUKTURA Izvr\u0161ni direktor Ljubi\u0161a Kuburovi\u0107, zadu\u017een je [&hellip;]<\/p>\n","protected":false},"author":1,"featured_media":0,"parent":0,"menu_order":0,"comment_status":"closed","ping_status":"closed","template":"","meta":{"footnotes":""},"class_list":["post-5835","page","type-page","status-publish","hentry"],"yoast_head":"<!-- This site is optimized with the Yoast SEO Premium plugin v27.2 (Yoast SEO v27.2) - https:\/\/yoast.com\/product\/yoast-seo-premium-wordpress\/ -->\n<title>Organizacija i tim \u2013 Kola\u0161in Eco Travel Crna Gora<\/title>\n<meta name=\"description\" content=\"Upoznajte rukovodstvo Kola\u0161in Eco Travel \u2013 Ljubi\u0161u, Borisa i Bojana Kuburovi\u0107a. Otkrijte njihovu viziju odr\u017eivog turizma u Crnoj Gori.\" \/>\n<meta name=\"robots\" content=\"index, follow, max-snippet:-1, max-image-preview:large, max-video-preview:-1\" \/>\n<link rel=\"canonical\" href=\"https:\/\/turizamnekretnine.me\/turizam\/organizacija-menadzment-ecotravel\/\" \/>\n<meta property=\"og:locale\" content=\"en_US\" \/>\n<meta property=\"og:type\" content=\"article\" \/>\n<meta property=\"og:title\" content=\"Organizacija\" \/>\n<meta property=\"og:description\" content=\"Upoznajte rukovodstvo Kola\u0161in Eco Travel \u2013 Ljubi\u0161u, Borisa i Bojana Kuburovi\u0107a. Otkrijte njihovu viziju odr\u017eivog turizma u Crnoj Gori.\" \/>\n<meta property=\"og:url\" content=\"https:\/\/turizamnekretnine.me\/turizam\/organizacija-menadzment-ecotravel\/\" \/>\n<meta property=\"og:site_name\" content=\"Kola\u0161in Eco Travel\" \/>\n<meta property=\"article:publisher\" content=\"https:\/\/www.facebook.com\/ecotravel.me\" \/>\n<meta property=\"article:modified_time\" content=\"2025-07-15T14:44:24+00:00\" \/>\n<meta name=\"twitter:card\" content=\"summary_large_image\" \/>\n<meta name=\"twitter:label1\" content=\"Est. reading time\" \/>\n\t<meta name=\"twitter:data1\" content=\"1 minute\" \/>\n<script type=\"application\/ld+json\" class=\"yoast-schema-graph\">{\"@context\":\"https:\/\/schema.org\",\"@graph\":[{\"@type\":\"WebPage\",\"@id\":\"https:\/\/turizamnekretnine.me\/turizam\/organizacija-menadzment-ecotravel\/\",\"url\":\"https:\/\/turizamnekretnine.me\/turizam\/organizacija-menadzment-ecotravel\/\",\"name\":\"Organizacija i tim \u2013 Kola\u0161in Eco Travel Crna Gora\",\"isPartOf\":{\"@id\":\"https:\/\/turizamnekretnine.me\/turizam\/#website\"},\"datePublished\":\"2019-03-27T08:15:36+00:00\",\"dateModified\":\"2025-07-15T14:44:24+00:00\",\"description\":\"Upoznajte rukovodstvo Kola\u0161in Eco Travel \u2013 Ljubi\u0161u, Borisa i Bojana Kuburovi\u0107a. Otkrijte njihovu viziju odr\u017eivog turizma u Crnoj Gori.\",\"breadcrumb\":{\"@id\":\"https:\/\/turizamnekretnine.me\/turizam\/organizacija-menadzment-ecotravel\/#breadcrumb\"},\"inLanguage\":\"en-US\",\"potentialAction\":[{\"@type\":\"ReadAction\",\"target\":[\"https:\/\/turizamnekretnine.me\/turizam\/organizacija-menadzment-ecotravel\/\"]}]},{\"@type\":\"BreadcrumbList\",\"@id\":\"https:\/\/turizamnekretnine.me\/turizam\/organizacija-menadzment-ecotravel\/#breadcrumb\",\"itemListElement\":[{\"@type\":\"ListItem\",\"position\":1,\"name\":\"Home\",\"item\":\"https:\/\/turizamnekretnine.me\/turizam\/\"},{\"@type\":\"ListItem\",\"position\":2,\"name\":\"Organizacija\"}]},{\"@type\":\"WebSite\",\"@id\":\"https:\/\/turizamnekretnine.me\/turizam\/#website\",\"url\":\"https:\/\/turizamnekretnine.me\/turizam\/\",\"name\":\"Kola\u0161in Eco Travel Montenegro\",\"description\":\"Travel Agency\",\"publisher\":{\"@id\":\"https:\/\/turizamnekretnine.me\/turizam\/#organization\"},\"potentialAction\":[{\"@type\":\"SearchAction\",\"target\":{\"@type\":\"EntryPoint\",\"urlTemplate\":\"https:\/\/turizamnekretnine.me\/turizam\/?s={search_term_string}\"},\"query-input\":{\"@type\":\"PropertyValueSpecification\",\"valueRequired\":true,\"valueName\":\"search_term_string\"}}],\"inLanguage\":\"en-US\"},{\"@type\":\"Organization\",\"@id\":\"https:\/\/turizamnekretnine.me\/turizam\/#organization\",\"name\":\"Kola\u0161in Eco Travel\",\"url\":\"https:\/\/turizamnekretnine.me\/turizam\/\",\"logo\":{\"@type\":\"ImageObject\",\"inLanguage\":\"en-US\",\"@id\":\"https:\/\/turizamnekretnine.me\/turizam\/#\/schema\/logo\/image\/\",\"url\":\"https:\/\/turizamnekretnine.me\/turizam\/wp-content\/uploads\/2025\/11\/cropped-Logo-Social-media.png\",\"contentUrl\":\"https:\/\/turizamnekretnine.me\/turizam\/wp-content\/uploads\/2025\/11\/cropped-Logo-Social-media.png\",\"width\":512,\"height\":512,\"caption\":\"Kola\u0161in Eco Travel\"},\"image\":{\"@id\":\"https:\/\/turizamnekretnine.me\/turizam\/#\/schema\/logo\/image\/\"},\"sameAs\":[\"https:\/\/www.facebook.com\/ecotravel.me\",\"https:\/\/www.instagram.com\/kolasin_ecotravel\",\"https:\/\/www.youtube.com\/@KolasinEcoTravelME\"]}]}<\/script>\n<!-- \/ Yoast SEO Premium plugin. -->","yoast_head_json":{"title":"Organizacija i tim \u2013 Kola\u0161in Eco Travel Crna Gora","description":"Upoznajte rukovodstvo Kola\u0161in Eco Travel \u2013 Ljubi\u0161u, Borisa i Bojana Kuburovi\u0107a. Otkrijte njihovu viziju odr\u017eivog turizma u Crnoj Gori.","robots":{"index":"index","follow":"follow","max-snippet":"max-snippet:-1","max-image-preview":"max-image-preview:large","max-video-preview":"max-video-preview:-1"},"canonical":"https:\/\/turizamnekretnine.me\/turizam\/organizacija-menadzment-ecotravel\/","og_locale":"en_US","og_type":"article","og_title":"Organizacija","og_description":"Upoznajte rukovodstvo Kola\u0161in Eco Travel \u2013 Ljubi\u0161u, Borisa i Bojana Kuburovi\u0107a. Otkrijte njihovu viziju odr\u017eivog turizma u Crnoj Gori.","og_url":"https:\/\/turizamnekretnine.me\/turizam\/organizacija-menadzment-ecotravel\/","og_site_name":"Kola\u0161in Eco Travel","article_publisher":"https:\/\/www.facebook.com\/ecotravel.me","article_modified_time":"2025-07-15T14:44:24+00:00","twitter_card":"summary_large_image","twitter_misc":{"Est. reading time":"1 minute"},"schema":{"@context":"https:\/\/schema.org","@graph":[{"@type":"WebPage","@id":"https:\/\/turizamnekretnine.me\/turizam\/organizacija-menadzment-ecotravel\/","url":"https:\/\/turizamnekretnine.me\/turizam\/organizacija-menadzment-ecotravel\/","name":"Organizacija i tim \u2013 Kola\u0161in Eco Travel Crna Gora","isPartOf":{"@id":"https:\/\/turizamnekretnine.me\/turizam\/#website"},"datePublished":"2019-03-27T08:15:36+00:00","dateModified":"2025-07-15T14:44:24+00:00","description":"Upoznajte rukovodstvo Kola\u0161in Eco Travel \u2013 Ljubi\u0161u, Borisa i Bojana Kuburovi\u0107a. Otkrijte njihovu viziju odr\u017eivog turizma u Crnoj Gori.","breadcrumb":{"@id":"https:\/\/turizamnekretnine.me\/turizam\/organizacija-menadzment-ecotravel\/#breadcrumb"},"inLanguage":"en-US","potentialAction":[{"@type":"ReadAction","target":["https:\/\/turizamnekretnine.me\/turizam\/organizacija-menadzment-ecotravel\/"]}]},{"@type":"BreadcrumbList","@id":"https:\/\/turizamnekretnine.me\/turizam\/organizacija-menadzment-ecotravel\/#breadcrumb","itemListElement":[{"@type":"ListItem","position":1,"name":"Home","item":"https:\/\/turizamnekretnine.me\/turizam\/"},{"@type":"ListItem","position":2,"name":"Organizacija"}]},{"@type":"WebSite","@id":"https:\/\/turizamnekretnine.me\/turizam\/#website","url":"https:\/\/turizamnekretnine.me\/turizam\/","name":"Kola\u0161in Eco Travel Montenegro","description":"Travel Agency","publisher":{"@id":"https:\/\/turizamnekretnine.me\/turizam\/#organization"},"potentialAction":[{"@type":"SearchAction","target":{"@type":"EntryPoint","urlTemplate":"https:\/\/turizamnekretnine.me\/turizam\/?s={search_term_string}"},"query-input":{"@type":"PropertyValueSpecification","valueRequired":true,"valueName":"search_term_string"}}],"inLanguage":"en-US"},{"@type":"Organization","@id":"https:\/\/turizamnekretnine.me\/turizam\/#organization","name":"Kola\u0161in Eco Travel","url":"https:\/\/turizamnekretnine.me\/turizam\/","logo":{"@type":"ImageObject","inLanguage":"en-US","@id":"https:\/\/turizamnekretnine.me\/turizam\/#\/schema\/logo\/image\/","url":"https:\/\/turizamnekretnine.me\/turizam\/wp-content\/uploads\/2025\/11\/cropped-Logo-Social-media.png","contentUrl":"https:\/\/turizamnekretnine.me\/turizam\/wp-content\/uploads\/2025\/11\/cropped-Logo-Social-media.png","width":512,"height":512,"caption":"Kola\u0161in Eco Travel"},"image":{"@id":"https:\/\/turizamnekretnine.me\/turizam\/#\/schema\/logo\/image\/"},"sameAs":["https:\/\/www.facebook.com\/ecotravel.me","https:\/\/www.instagram.com\/kolasin_ecotravel","https:\/\/www.youtube.com\/@KolasinEcoTravelME"]}]}},"_links":{"self":[{"href":"https:\/\/turizamnekretnine.me\/turizam\/wp-json\/wp\/v2\/pages\/5835","targetHints":{"allow":["GET"]}}],"collection":[{"href":"https:\/\/turizamnekretnine.me\/turizam\/wp-json\/wp\/v2\/pages"}],"about":[{"href":"https:\/\/turizamnekretnine.me\/turizam\/wp-json\/wp\/v2\/types\/page"}],"author":[{"embeddable":true,"href":"https:\/\/turizamnekretnine.me\/turizam\/wp-json\/wp\/v2\/users\/1"}],"replies":[{"embeddable":true,"href":"https:\/\/turizamnekretnine.me\/turizam\/wp-json\/wp\/v2\/comments?post=5835"}],"version-history":[{"count":5,"href":"https:\/\/turizamnekretnine.me\/turizam\/wp-json\/wp\/v2\/pages\/5835\/revisions"}],"predecessor-version":[{"id":10117,"href":"https:\/\/turizamnekretnine.me\/turizam\/wp-json\/wp\/v2\/pages\/5835\/revisions\/10117"}],"wp:attachment":[{"href":"https:\/\/turizamnekretnine.me\/turizam\/wp-json\/wp\/v2\/media?parent=5835"}],"curies":[{"name":"wp","href":"https:\/\/api.w.org\/{rel}","templated":true}]}}