{"id":5837,"date":"2019-03-27T09:16:03","date_gmt":"2019-03-27T08:16:03","guid":{"rendered":"http:\/\/turizamnekretnine.me\/turizam\/?page_id=5837"},"modified":"2025-07-21T21:18:02","modified_gmt":"2025-07-21T19:18:02","slug":"pansioni-u-kolasinu","status":"publish","type":"page","link":"https:\/\/turizamnekretnine.me\/turizam\/pansioni-u-kolasinu\/","title":{"rendered":"Pansioni u Kola\u0161inu"},"content":{"rendered":"","protected":false},"excerpt":{"rendered":"","protected":false},"author":1,"featured_media":0,"parent":0,"menu_order":0,"comment_status":"closed","ping_status":"closed","template":"","meta":{"footnotes":""},"class_list":["post-5837","page","type-page","status-publish","hentry"],"yoast_head":"<!-- This site is optimized with the Yoast SEO Premium plugin v27.2 (Yoast SEO v27.2) - https:\/\/yoast.com\/product\/yoast-seo-premium-wordpress\/ -->\n<title>Pansioni u Kola\u0161inu, Smje\u0161taj sa doma\u0107inskom uslugom i ishranom<\/title>\n<meta name=\"description\" content=\"U\u017eivajte u pansionskom smje\u0161taju u Kola\u0161inu uz doru\u010dak i tradicionalnu ve\u010deru. Topla atmosfera i li\u010dni pristup gostima.\" \/>\n<meta name=\"robots\" content=\"index, follow, max-snippet:-1, max-image-preview:large, max-video-preview:-1\" \/>\n<link rel=\"canonical\" href=\"https:\/\/turizamnekretnine.me\/turizam\/pansioni-u-kolasinu\/\" \/>\n<meta property=\"og:locale\" content=\"en_US\" \/>\n<meta property=\"og:type\" content=\"article\" \/>\n<meta property=\"og:title\" content=\"Pansioni u Kola\u0161inu\" \/>\n<meta property=\"og:description\" content=\"U\u017eivajte u pansionskom smje\u0161taju u Kola\u0161inu uz doru\u010dak i tradicionalnu ve\u010deru. Topla atmosfera i li\u010dni pristup gostima.\" \/>\n<meta property=\"og:url\" content=\"https:\/\/turizamnekretnine.me\/turizam\/pansioni-u-kolasinu\/\" \/>\n<meta property=\"og:site_name\" content=\"Kola\u0161in Eco Travel\" \/>\n<meta property=\"article:publisher\" content=\"https:\/\/www.facebook.com\/ecotravel.me\" \/>\n<meta property=\"article:modified_time\" content=\"2025-07-21T19:18:02+00:00\" \/>\n<meta name=\"twitter:card\" content=\"summary_large_image\" \/>\n<script type=\"application\/ld+json\" class=\"yoast-schema-graph\">{\"@context\":\"https:\/\/schema.org\",\"@graph\":[{\"@type\":\"WebPage\",\"@id\":\"https:\/\/turizamnekretnine.me\/turizam\/pansioni-u-kolasinu\/\",\"url\":\"https:\/\/turizamnekretnine.me\/turizam\/pansioni-u-kolasinu\/\",\"name\":\"Pansioni u Kola\u0161inu, Smje\u0161taj sa doma\u0107inskom uslugom i ishranom\",\"isPartOf\":{\"@id\":\"https:\/\/turizamnekretnine.me\/turizam\/#website\"},\"datePublished\":\"2019-03-27T08:16:03+00:00\",\"dateModified\":\"2025-07-21T19:18:02+00:00\",\"description\":\"U\u017eivajte u pansionskom smje\u0161taju u Kola\u0161inu uz doru\u010dak i tradicionalnu ve\u010deru. Topla atmosfera i li\u010dni pristup gostima.\",\"breadcrumb\":{\"@id\":\"https:\/\/turizamnekretnine.me\/turizam\/pansioni-u-kolasinu\/#breadcrumb\"},\"inLanguage\":\"en-US\",\"potentialAction\":[{\"@type\":\"ReadAction\",\"target\":[\"https:\/\/turizamnekretnine.me\/turizam\/pansioni-u-kolasinu\/\"]}]},{\"@type\":\"BreadcrumbList\",\"@id\":\"https:\/\/turizamnekretnine.me\/turizam\/pansioni-u-kolasinu\/#breadcrumb\",\"itemListElement\":[{\"@type\":\"ListItem\",\"position\":1,\"name\":\"Home\",\"item\":\"https:\/\/turizamnekretnine.me\/turizam\/\"},{\"@type\":\"ListItem\",\"position\":2,\"name\":\"Pansioni u Kola\u0161inu\"}]},{\"@type\":\"WebSite\",\"@id\":\"https:\/\/turizamnekretnine.me\/turizam\/#website\",\"url\":\"https:\/\/turizamnekretnine.me\/turizam\/\",\"name\":\"Kola\u0161in Eco Travel Montenegro\",\"description\":\"Travel Agency\",\"publisher\":{\"@id\":\"https:\/\/turizamnekretnine.me\/turizam\/#organization\"},\"potentialAction\":[{\"@type\":\"SearchAction\",\"target\":{\"@type\":\"EntryPoint\",\"urlTemplate\":\"https:\/\/turizamnekretnine.me\/turizam\/?s={search_term_string}\"},\"query-input\":{\"@type\":\"PropertyValueSpecification\",\"valueRequired\":true,\"valueName\":\"search_term_string\"}}],\"inLanguage\":\"en-US\"},{\"@type\":\"Organization\",\"@id\":\"https:\/\/turizamnekretnine.me\/turizam\/#organization\",\"name\":\"Kola\u0161in Eco Travel\",\"url\":\"https:\/\/turizamnekretnine.me\/turizam\/\",\"logo\":{\"@type\":\"ImageObject\",\"inLanguage\":\"en-US\",\"@id\":\"https:\/\/turizamnekretnine.me\/turizam\/#\/schema\/logo\/image\/\",\"url\":\"https:\/\/turizamnekretnine.me\/turizam\/wp-content\/uploads\/2025\/11\/cropped-Logo-Social-media.png\",\"contentUrl\":\"https:\/\/turizamnekretnine.me\/turizam\/wp-content\/uploads\/2025\/11\/cropped-Logo-Social-media.png\",\"width\":512,\"height\":512,\"caption\":\"Kola\u0161in Eco Travel\"},\"image\":{\"@id\":\"https:\/\/turizamnekretnine.me\/turizam\/#\/schema\/logo\/image\/\"},\"sameAs\":[\"https:\/\/www.facebook.com\/ecotravel.me\",\"https:\/\/www.instagram.com\/kolasin_ecotravel\",\"https:\/\/www.youtube.com\/@KolasinEcoTravelME\"]}]}<\/script>\n<!-- \/ Yoast SEO Premium plugin. -->","yoast_head_json":{"title":"Pansioni u Kola\u0161inu, Smje\u0161taj sa doma\u0107inskom uslugom i ishranom","description":"U\u017eivajte u pansionskom smje\u0161taju u Kola\u0161inu uz doru\u010dak i tradicionalnu ve\u010deru. Topla atmosfera i li\u010dni pristup gostima.","robots":{"index":"index","follow":"follow","max-snippet":"max-snippet:-1","max-image-preview":"max-image-preview:large","max-video-preview":"max-video-preview:-1"},"canonical":"https:\/\/turizamnekretnine.me\/turizam\/pansioni-u-kolasinu\/","og_locale":"en_US","og_type":"article","og_title":"Pansioni u Kola\u0161inu","og_description":"U\u017eivajte u pansionskom smje\u0161taju u Kola\u0161inu uz doru\u010dak i tradicionalnu ve\u010deru. Topla atmosfera i li\u010dni pristup gostima.","og_url":"https:\/\/turizamnekretnine.me\/turizam\/pansioni-u-kolasinu\/","og_site_name":"Kola\u0161in Eco Travel","article_publisher":"https:\/\/www.facebook.com\/ecotravel.me","article_modified_time":"2025-07-21T19:18:02+00:00","twitter_card":"summary_large_image","schema":{"@context":"https:\/\/schema.org","@graph":[{"@type":"WebPage","@id":"https:\/\/turizamnekretnine.me\/turizam\/pansioni-u-kolasinu\/","url":"https:\/\/turizamnekretnine.me\/turizam\/pansioni-u-kolasinu\/","name":"Pansioni u Kola\u0161inu, Smje\u0161taj sa doma\u0107inskom uslugom i ishranom","isPartOf":{"@id":"https:\/\/turizamnekretnine.me\/turizam\/#website"},"datePublished":"2019-03-27T08:16:03+00:00","dateModified":"2025-07-21T19:18:02+00:00","description":"U\u017eivajte u pansionskom smje\u0161taju u Kola\u0161inu uz doru\u010dak i tradicionalnu ve\u010deru. Topla atmosfera i li\u010dni pristup gostima.","breadcrumb":{"@id":"https:\/\/turizamnekretnine.me\/turizam\/pansioni-u-kolasinu\/#breadcrumb"},"inLanguage":"en-US","potentialAction":[{"@type":"ReadAction","target":["https:\/\/turizamnekretnine.me\/turizam\/pansioni-u-kolasinu\/"]}]},{"@type":"BreadcrumbList","@id":"https:\/\/turizamnekretnine.me\/turizam\/pansioni-u-kolasinu\/#breadcrumb","itemListElement":[{"@type":"ListItem","position":1,"name":"Home","item":"https:\/\/turizamnekretnine.me\/turizam\/"},{"@type":"ListItem","position":2,"name":"Pansioni u Kola\u0161inu"}]},{"@type":"WebSite","@id":"https:\/\/turizamnekretnine.me\/turizam\/#website","url":"https:\/\/turizamnekretnine.me\/turizam\/","name":"Kola\u0161in Eco Travel Montenegro","description":"Travel Agency","publisher":{"@id":"https:\/\/turizamnekretnine.me\/turizam\/#organization"},"potentialAction":[{"@type":"SearchAction","target":{"@type":"EntryPoint","urlTemplate":"https:\/\/turizamnekretnine.me\/turizam\/?s={search_term_string}"},"query-input":{"@type":"PropertyValueSpecification","valueRequired":true,"valueName":"search_term_string"}}],"inLanguage":"en-US"},{"@type":"Organization","@id":"https:\/\/turizamnekretnine.me\/turizam\/#organization","name":"Kola\u0161in Eco Travel","url":"https:\/\/turizamnekretnine.me\/turizam\/","logo":{"@type":"ImageObject","inLanguage":"en-US","@id":"https:\/\/turizamnekretnine.me\/turizam\/#\/schema\/logo\/image\/","url":"https:\/\/turizamnekretnine.me\/turizam\/wp-content\/uploads\/2025\/11\/cropped-Logo-Social-media.png","contentUrl":"https:\/\/turizamnekretnine.me\/turizam\/wp-content\/uploads\/2025\/11\/cropped-Logo-Social-media.png","width":512,"height":512,"caption":"Kola\u0161in Eco Travel"},"image":{"@id":"https:\/\/turizamnekretnine.me\/turizam\/#\/schema\/logo\/image\/"},"sameAs":["https:\/\/www.facebook.com\/ecotravel.me","https:\/\/www.instagram.com\/kolasin_ecotravel","https:\/\/www.youtube.com\/@KolasinEcoTravelME"]}]}},"_links":{"self":[{"href":"https:\/\/turizamnekretnine.me\/turizam\/wp-json\/wp\/v2\/pages\/5837","targetHints":{"allow":["GET"]}}],"collection":[{"href":"https:\/\/turizamnekretnine.me\/turizam\/wp-json\/wp\/v2\/pages"}],"about":[{"href":"https:\/\/turizamnekretnine.me\/turizam\/wp-json\/wp\/v2\/types\/page"}],"author":[{"embeddable":true,"href":"https:\/\/turizamnekretnine.me\/turizam\/wp-json\/wp\/v2\/users\/1"}],"replies":[{"embeddable":true,"href":"https:\/\/turizamnekretnine.me\/turizam\/wp-json\/wp\/v2\/comments?post=5837"}],"version-history":[{"count":4,"href":"https:\/\/turizamnekretnine.me\/turizam\/wp-json\/wp\/v2\/pages\/5837\/revisions"}],"predecessor-version":[{"id":10275,"href":"https:\/\/turizamnekretnine.me\/turizam\/wp-json\/wp\/v2\/pages\/5837\/revisions\/10275"}],"wp:attachment":[{"href":"https:\/\/turizamnekretnine.me\/turizam\/wp-json\/wp\/v2\/media?parent=5837"}],"curies":[{"name":"wp","href":"https:\/\/api.w.org\/{rel}","templated":true}]}}