{"id":7265,"date":"2019-05-31T11:03:35","date_gmt":"2019-05-31T09:03:35","guid":{"rendered":"http:\/\/turizamnekretnine.me\/turizam\/?page_id=7265"},"modified":"2025-08-23T15:32:49","modified_gmt":"2025-08-23T13:32:49","slug":"rafting","status":"publish","type":"page","link":"https:\/\/turizamnekretnine.me\/turizam\/rafting\/","title":{"rendered":"Rafting"},"content":{"rendered":"<section class=\"wpb-content-wrapper\"><p>[vc_row][vc_column][vc_column_text css=&#8221;.vc_custom_1755955966240{padding-bottom: 0px !important;}&#8221;]<\/p>\n<h5>Rafting na Tari \u2013 Najuzbudljivija avantura iz Kola\u0161ina \u00a0<a class=\"language-switch-btn\" href=\"https:\/\/turizamnekretnine.me\/turizam\/en\/rafting-en\/\">\ud83c\uddec\ud83c\udde7 English<\/a><\/h5>\n<p data-start=\"635\" data-end=\"901\">Rafting na rijeci Tari je jedno od najpoznatijih i najuzbudljivijih iskustava u Crnoj Gori. Kanjon rijeke Tare, poznat i kao \u201eSuza Evrope\u201c, drugi je po dubini u svijetu i pod za\u0161titom UNESCO-a, \u0161to ga \u010dini savr\u0161enom destinacijom za ljubitelje prirode i adrenalina.<\/p>\n<p data-start=\"903\" data-end=\"1232\">Na\u0161 rafting program kre\u0107e iz Kola\u0161ina i pru\u017ea vam jedinstvenu priliku da u dru\u0161tvu licenciranih vodi\u010da u\u017eivate u spustu kroz kristalno \u010distu rijeku, sa sigurnom i modernom opremom. Tokom avanture pro\u0107i \u0107ete kroz prelijepe dionice rijeke koje kombinuju mirne dijelove i brze brzake, idealne i za po\u010detnike i za one sa iskustvom.<\/p>\n<p data-start=\"1234\" data-end=\"1449\">Rafting Tara nije samo adrenalinska avantura &#8211; ovo je prilika da osjetite netaknutu prirodu Nacionalnog parka Durmitor, u\u017eivate u pogledu na mo\u0107ne litice kanjona i stvorite uspomene koje \u0107ete pamtiti cijeli \u017eivot.<\/p>\n<p data-start=\"1451\" data-end=\"1669\">U ponudi su ture prilago\u0111ene grupama, porodicama i pojedincima. Cijena uklju\u010duje licenciranog vodi\u010da, kompletnu opremu (\u010damac, vesla, kacige, prsluke, neoprenska odijela), kao i sigurnosnu obuku prije po\u010detka spusta.<\/p>\n<p style=\"text-align: left;\" data-start=\"1671\" data-end=\"1783\">Rezervi\u0161ite rafting turu na Tari i otkrijte za\u0161to je ovo jedna od najtra\u017eenijih avantura u Crnoj Gori i regionu!<\/p>\n<p>[\/vc_column_text][\/vc_column][\/vc_row]<\/p>\n<\/section>","protected":false},"excerpt":{"rendered":"<p>[vc_row][vc_column][vc_column_text css=&#8221;.vc_custom_1755955966240{padding-bottom: 0px !important;}&#8221;] Rafting na Tari \u2013 Najuzbudljivija avantura iz Kola\u0161ina \u00a0\ud83c\uddec\ud83c\udde7 English Rafting na rijeci Tari je jedno od najpoznatijih i najuzbudljivijih iskustava u Crnoj Gori. Kanjon rijeke Tare, poznat i kao \u201eSuza Evrope\u201c, drugi je po dubini u svijetu i pod za\u0161titom UNESCO-a, \u0161to ga \u010dini savr\u0161enom destinacijom za ljubitelje prirode i [&hellip;]<\/p>\n","protected":false},"author":1,"featured_media":10535,"parent":0,"menu_order":0,"comment_status":"closed","ping_status":"closed","template":"","meta":{"footnotes":""},"class_list":["post-7265","page","type-page","status-publish","has-post-thumbnail","hentry"],"yoast_head":"<!-- This site is optimized with the Yoast SEO Premium plugin v27.2 (Yoast SEO v27.2) - https:\/\/yoast.com\/product\/yoast-seo-premium-wordpress\/ -->\n<title>Rafting Tara Kola\u0161in \u2013 Najbolja Rafting Avantura u Crnoj Gori<\/title>\n<meta name=\"description\" content=\"Do\u017eivite rafting na rijeci Tari \u2013 uz licencirane skipere, sigurnu opremu i nezaboravne pejza\u017ee kanjona Tare, najdubljeg u Evropi. Rezervi\u0161ite\" \/>\n<meta name=\"robots\" content=\"index, follow, max-snippet:-1, max-image-preview:large, max-video-preview:-1\" \/>\n<link rel=\"canonical\" href=\"https:\/\/turizamnekretnine.me\/turizam\/rafting\/\" \/>\n<meta property=\"og:locale\" content=\"en_US\" \/>\n<meta property=\"og:type\" content=\"article\" \/>\n<meta property=\"og:title\" content=\"Rafting Tara Kola\u0161in \u2013 Najbolja Rafting Avantura u Crnoj Gori\" \/>\n<meta property=\"og:description\" content=\"Do\u017eivite rafting na rijeci Tari \u2013 uz licencirane skipere, sigurnu opremu i nezaboravne pejza\u017ee kanjona Tare, najdubljeg u Evropi. Rezervi\u0161ite\" \/>\n<meta property=\"og:url\" content=\"https:\/\/turizamnekretnine.me\/turizam\/rafting\/\" \/>\n<meta property=\"og:site_name\" content=\"Kola\u0161in Eco Travel\" \/>\n<meta property=\"article:publisher\" content=\"https:\/\/www.facebook.com\/ecotravel.me\" \/>\n<meta property=\"article:modified_time\" content=\"2025-08-23T13:32:49+00:00\" \/>\n<meta property=\"og:image\" content=\"https:\/\/turizamnekretnine.me\/turizam\/wp-content\/uploads\/2019\/04\/tara-river-rafting-montenegro-.jpg\" \/>\n\t<meta property=\"og:image:width\" content=\"1300\" \/>\n\t<meta property=\"og:image:height\" content=\"621\" \/>\n\t<meta property=\"og:image:type\" content=\"image\/jpeg\" \/>\n<meta name=\"twitter:card\" content=\"summary_large_image\" \/>\n<meta name=\"twitter:title\" content=\"Rafting\" \/>\n<meta name=\"twitter:label1\" content=\"Est. reading time\" \/>\n\t<meta name=\"twitter:data1\" content=\"2 minutes\" \/>\n<script type=\"application\/ld+json\" class=\"yoast-schema-graph\">{\"@context\":\"https:\/\/schema.org\",\"@graph\":[{\"@type\":\"WebPage\",\"@id\":\"https:\/\/turizamnekretnine.me\/turizam\/rafting\/\",\"url\":\"https:\/\/turizamnekretnine.me\/turizam\/rafting\/\",\"name\":\"Rafting Tara Kola\u0161in \u2013 Najbolja Rafting Avantura u Crnoj Gori\",\"isPartOf\":{\"@id\":\"https:\/\/turizamnekretnine.me\/turizam\/#website\"},\"primaryImageOfPage\":{\"@id\":\"https:\/\/turizamnekretnine.me\/turizam\/rafting\/#primaryimage\"},\"image\":{\"@id\":\"https:\/\/turizamnekretnine.me\/turizam\/rafting\/#primaryimage\"},\"thumbnailUrl\":\"https:\/\/turizamnekretnine.me\/turizam\/wp-content\/uploads\/2019\/04\/tara-river-rafting-montenegro-.jpg\",\"datePublished\":\"2019-05-31T09:03:35+00:00\",\"dateModified\":\"2025-08-23T13:32:49+00:00\",\"description\":\"Do\u017eivite rafting na rijeci Tari \u2013 uz licencirane skipere, sigurnu opremu i nezaboravne pejza\u017ee kanjona Tare, najdubljeg u Evropi. Rezervi\u0161ite\",\"breadcrumb\":{\"@id\":\"https:\/\/turizamnekretnine.me\/turizam\/rafting\/#breadcrumb\"},\"inLanguage\":\"en-US\",\"potentialAction\":[{\"@type\":\"ReadAction\",\"target\":[\"https:\/\/turizamnekretnine.me\/turizam\/rafting\/\"]}]},{\"@type\":\"ImageObject\",\"inLanguage\":\"en-US\",\"@id\":\"https:\/\/turizamnekretnine.me\/turizam\/rafting\/#primaryimage\",\"url\":\"https:\/\/turizamnekretnine.me\/turizam\/wp-content\/uploads\/2019\/04\/tara-river-rafting-montenegro-.jpg\",\"contentUrl\":\"https:\/\/turizamnekretnine.me\/turizam\/wp-content\/uploads\/2019\/04\/tara-river-rafting-montenegro-.jpg\",\"width\":1300,\"height\":621,\"caption\":\"Adrenalinske ture\"},{\"@type\":\"BreadcrumbList\",\"@id\":\"https:\/\/turizamnekretnine.me\/turizam\/rafting\/#breadcrumb\",\"itemListElement\":[{\"@type\":\"ListItem\",\"position\":1,\"name\":\"Home\",\"item\":\"https:\/\/turizamnekretnine.me\/turizam\/\"},{\"@type\":\"ListItem\",\"position\":2,\"name\":\"Rafting\"}]},{\"@type\":\"WebSite\",\"@id\":\"https:\/\/turizamnekretnine.me\/turizam\/#website\",\"url\":\"https:\/\/turizamnekretnine.me\/turizam\/\",\"name\":\"Kola\u0161in Eco Travel Montenegro\",\"description\":\"Travel Agency\",\"publisher\":{\"@id\":\"https:\/\/turizamnekretnine.me\/turizam\/#organization\"},\"potentialAction\":[{\"@type\":\"SearchAction\",\"target\":{\"@type\":\"EntryPoint\",\"urlTemplate\":\"https:\/\/turizamnekretnine.me\/turizam\/?s={search_term_string}\"},\"query-input\":{\"@type\":\"PropertyValueSpecification\",\"valueRequired\":true,\"valueName\":\"search_term_string\"}}],\"inLanguage\":\"en-US\"},{\"@type\":\"Organization\",\"@id\":\"https:\/\/turizamnekretnine.me\/turizam\/#organization\",\"name\":\"Kola\u0161in Eco Travel\",\"url\":\"https:\/\/turizamnekretnine.me\/turizam\/\",\"logo\":{\"@type\":\"ImageObject\",\"inLanguage\":\"en-US\",\"@id\":\"https:\/\/turizamnekretnine.me\/turizam\/#\/schema\/logo\/image\/\",\"url\":\"https:\/\/turizamnekretnine.me\/turizam\/wp-content\/uploads\/2025\/11\/cropped-Logo-Social-media.png\",\"contentUrl\":\"https:\/\/turizamnekretnine.me\/turizam\/wp-content\/uploads\/2025\/11\/cropped-Logo-Social-media.png\",\"width\":512,\"height\":512,\"caption\":\"Kola\u0161in Eco Travel\"},\"image\":{\"@id\":\"https:\/\/turizamnekretnine.me\/turizam\/#\/schema\/logo\/image\/\"},\"sameAs\":[\"https:\/\/www.facebook.com\/ecotravel.me\",\"https:\/\/www.instagram.com\/kolasin_ecotravel\",\"https:\/\/www.youtube.com\/@KolasinEcoTravelME\"]}]}<\/script>\n<!-- \/ Yoast SEO Premium plugin. -->","yoast_head_json":{"title":"Rafting Tara Kola\u0161in \u2013 Najbolja Rafting Avantura u Crnoj Gori","description":"Do\u017eivite rafting na rijeci Tari \u2013 uz licencirane skipere, sigurnu opremu i nezaboravne pejza\u017ee kanjona Tare, najdubljeg u Evropi. Rezervi\u0161ite","robots":{"index":"index","follow":"follow","max-snippet":"max-snippet:-1","max-image-preview":"max-image-preview:large","max-video-preview":"max-video-preview:-1"},"canonical":"https:\/\/turizamnekretnine.me\/turizam\/rafting\/","og_locale":"en_US","og_type":"article","og_title":"Rafting Tara Kola\u0161in \u2013 Najbolja Rafting Avantura u Crnoj Gori","og_description":"Do\u017eivite rafting na rijeci Tari \u2013 uz licencirane skipere, sigurnu opremu i nezaboravne pejza\u017ee kanjona Tare, najdubljeg u Evropi. Rezervi\u0161ite","og_url":"https:\/\/turizamnekretnine.me\/turizam\/rafting\/","og_site_name":"Kola\u0161in Eco Travel","article_publisher":"https:\/\/www.facebook.com\/ecotravel.me","article_modified_time":"2025-08-23T13:32:49+00:00","og_image":[{"width":1300,"height":621,"url":"https:\/\/turizamnekretnine.me\/turizam\/wp-content\/uploads\/2019\/04\/tara-river-rafting-montenegro-.jpg","type":"image\/jpeg"}],"twitter_card":"summary_large_image","twitter_title":"Rafting","twitter_misc":{"Est. reading time":"2 minutes"},"schema":{"@context":"https:\/\/schema.org","@graph":[{"@type":"WebPage","@id":"https:\/\/turizamnekretnine.me\/turizam\/rafting\/","url":"https:\/\/turizamnekretnine.me\/turizam\/rafting\/","name":"Rafting Tara Kola\u0161in \u2013 Najbolja Rafting Avantura u Crnoj Gori","isPartOf":{"@id":"https:\/\/turizamnekretnine.me\/turizam\/#website"},"primaryImageOfPage":{"@id":"https:\/\/turizamnekretnine.me\/turizam\/rafting\/#primaryimage"},"image":{"@id":"https:\/\/turizamnekretnine.me\/turizam\/rafting\/#primaryimage"},"thumbnailUrl":"https:\/\/turizamnekretnine.me\/turizam\/wp-content\/uploads\/2019\/04\/tara-river-rafting-montenegro-.jpg","datePublished":"2019-05-31T09:03:35+00:00","dateModified":"2025-08-23T13:32:49+00:00","description":"Do\u017eivite rafting na rijeci Tari \u2013 uz licencirane skipere, sigurnu opremu i nezaboravne pejza\u017ee kanjona Tare, najdubljeg u Evropi. Rezervi\u0161ite","breadcrumb":{"@id":"https:\/\/turizamnekretnine.me\/turizam\/rafting\/#breadcrumb"},"inLanguage":"en-US","potentialAction":[{"@type":"ReadAction","target":["https:\/\/turizamnekretnine.me\/turizam\/rafting\/"]}]},{"@type":"ImageObject","inLanguage":"en-US","@id":"https:\/\/turizamnekretnine.me\/turizam\/rafting\/#primaryimage","url":"https:\/\/turizamnekretnine.me\/turizam\/wp-content\/uploads\/2019\/04\/tara-river-rafting-montenegro-.jpg","contentUrl":"https:\/\/turizamnekretnine.me\/turizam\/wp-content\/uploads\/2019\/04\/tara-river-rafting-montenegro-.jpg","width":1300,"height":621,"caption":"Adrenalinske ture"},{"@type":"BreadcrumbList","@id":"https:\/\/turizamnekretnine.me\/turizam\/rafting\/#breadcrumb","itemListElement":[{"@type":"ListItem","position":1,"name":"Home","item":"https:\/\/turizamnekretnine.me\/turizam\/"},{"@type":"ListItem","position":2,"name":"Rafting"}]},{"@type":"WebSite","@id":"https:\/\/turizamnekretnine.me\/turizam\/#website","url":"https:\/\/turizamnekretnine.me\/turizam\/","name":"Kola\u0161in Eco Travel Montenegro","description":"Travel Agency","publisher":{"@id":"https:\/\/turizamnekretnine.me\/turizam\/#organization"},"potentialAction":[{"@type":"SearchAction","target":{"@type":"EntryPoint","urlTemplate":"https:\/\/turizamnekretnine.me\/turizam\/?s={search_term_string}"},"query-input":{"@type":"PropertyValueSpecification","valueRequired":true,"valueName":"search_term_string"}}],"inLanguage":"en-US"},{"@type":"Organization","@id":"https:\/\/turizamnekretnine.me\/turizam\/#organization","name":"Kola\u0161in Eco Travel","url":"https:\/\/turizamnekretnine.me\/turizam\/","logo":{"@type":"ImageObject","inLanguage":"en-US","@id":"https:\/\/turizamnekretnine.me\/turizam\/#\/schema\/logo\/image\/","url":"https:\/\/turizamnekretnine.me\/turizam\/wp-content\/uploads\/2025\/11\/cropped-Logo-Social-media.png","contentUrl":"https:\/\/turizamnekretnine.me\/turizam\/wp-content\/uploads\/2025\/11\/cropped-Logo-Social-media.png","width":512,"height":512,"caption":"Kola\u0161in Eco Travel"},"image":{"@id":"https:\/\/turizamnekretnine.me\/turizam\/#\/schema\/logo\/image\/"},"sameAs":["https:\/\/www.facebook.com\/ecotravel.me","https:\/\/www.instagram.com\/kolasin_ecotravel","https:\/\/www.youtube.com\/@KolasinEcoTravelME"]}]}},"_links":{"self":[{"href":"https:\/\/turizamnekretnine.me\/turizam\/wp-json\/wp\/v2\/pages\/7265","targetHints":{"allow":["GET"]}}],"collection":[{"href":"https:\/\/turizamnekretnine.me\/turizam\/wp-json\/wp\/v2\/pages"}],"about":[{"href":"https:\/\/turizamnekretnine.me\/turizam\/wp-json\/wp\/v2\/types\/page"}],"author":[{"embeddable":true,"href":"https:\/\/turizamnekretnine.me\/turizam\/wp-json\/wp\/v2\/users\/1"}],"replies":[{"embeddable":true,"href":"https:\/\/turizamnekretnine.me\/turizam\/wp-json\/wp\/v2\/comments?post=7265"}],"version-history":[{"count":5,"href":"https:\/\/turizamnekretnine.me\/turizam\/wp-json\/wp\/v2\/pages\/7265\/revisions"}],"predecessor-version":[{"id":11184,"href":"https:\/\/turizamnekretnine.me\/turizam\/wp-json\/wp\/v2\/pages\/7265\/revisions\/11184"}],"wp:featuredmedia":[{"embeddable":true,"href":"https:\/\/turizamnekretnine.me\/turizam\/wp-json\/wp\/v2\/media\/10535"}],"wp:attachment":[{"href":"https:\/\/turizamnekretnine.me\/turizam\/wp-json\/wp\/v2\/media?parent=7265"}],"curies":[{"name":"wp","href":"https:\/\/api.w.org\/{rel}","templated":true}]}}