{"id":9695,"date":"2025-07-01T10:19:13","date_gmt":"2025-07-01T08:19:13","guid":{"rendered":"https:\/\/turizamnekretnine.me\/turizam\/?page_id=9695"},"modified":"2025-12-06T20:12:03","modified_gmt":"2025-12-06T19:12:03","slug":"turizam-kolasin-bjelasica","status":"publish","type":"page","link":"https:\/\/turizamnekretnine.me\/turizam\/","title":{"rendered":"Turisti\u010dka Agencija"},"content":{"rendered":"<section class=\"wpb-content-wrapper\"><p>[vc_row full_width=&#8221;stretch_row_content_no_spaces&#8221; content_placement=&#8221;top&#8221; css_animation=&#8221;rollIn&#8221;][vc_column][vc_cta h2=&#8221;Posjetite katun Rupe re\u010dinske&#8221; txt_align=&#8221;center&#8221; style=&#8221;3d&#8221; color=&#8221;green&#8221; el_width=&#8221;lg&#8221; css_animation=&#8221;top-to-bottom&#8221; use_custom_fonts_h2=&#8221;true&#8221; use_custom_fonts_h4=&#8221;true&#8221;]<\/p>\n<p style=\"text-align: center;\"><span style=\"font-size: 14pt;\"><strong>Porodica Kuburovi\u0107 trenutno upravlja poljoprivrednim gazdinstvom i radi na osnivanju eko katuna.<\/strong><\/span><\/p>\n<p style=\"text-align: center;\"><span style=\"font-size: 14pt;\"><strong>\u00a0Boravite u autenti\u010dnom katunskom i seoskom okru\u017eenju i istovremeno doprinosite o\u010duvanju ekolo\u0161ke ravnote\u017ee.<\/strong><\/span><\/p>\n<p><a href=\"https:\/\/turizamnekretnine.me\/turizam\/wp-content\/uploads\/2024\/11\/Baner-Turizam-EcoTravel.jpg\"><img loading=\"lazy\" decoding=\"async\" class=\" wp-image-9339 aligncenter\" src=\"https:\/\/turizamnekretnine.me\/turizam\/wp-content\/uploads\/2024\/11\/Baner-Turizam-EcoTravel-300x200.jpg\" alt=\"\" width=\"365\" height=\"243\" srcset=\"https:\/\/turizamnekretnine.me\/turizam\/wp-content\/uploads\/2024\/11\/Baner-Turizam-EcoTravel-300x200.jpg 300w, https:\/\/turizamnekretnine.me\/turizam\/wp-content\/uploads\/2024\/11\/Baner-Turizam-EcoTravel-1024x683.jpg 1024w, https:\/\/turizamnekretnine.me\/turizam\/wp-content\/uploads\/2024\/11\/Baner-Turizam-EcoTravel-768x512.jpg 768w, https:\/\/turizamnekretnine.me\/turizam\/wp-content\/uploads\/2024\/11\/Baner-Turizam-EcoTravel-1536x1025.jpg 1536w, https:\/\/turizamnekretnine.me\/turizam\/wp-content\/uploads\/2024\/11\/Baner-Turizam-EcoTravel-1500x1000.jpg 1500w, https:\/\/turizamnekretnine.me\/turizam\/wp-content\/uploads\/2024\/11\/Baner-Turizam-EcoTravel.jpg 1790w\" sizes=\"auto, (max-width: 365px) 100vw, 365px\" \/><\/a>[\/vc_cta][\/vc_column][\/vc_row][vc_row][vc_column][vc_column_text]<\/p>\n<h4 style=\"text-align: center;\" data-start=\"443\" data-end=\"495\"><span style=\"color: #000080;\">SMJE\u0160TAJ KOLA\u0160IN<\/span><\/h4>\n<h4 style=\"text-align: center;\"><a href=\"https:\/\/turizamnekretnine.me\/turizam\/hoteli-u-kolasinu\/\">\ud83c\udfe8 <strong data-start=\"446\" data-end=\"456\">Hoteli<\/strong><\/a><\/h4>\n<pre style=\"text-align: center;\" data-start=\"443\" data-end=\"495\">za udoban boravak sa punom uslugom\r\n\r\n<\/pre>\n<h4 style=\"text-align: center;\" data-start=\"498\" data-end=\"559\"><a href=\"https:\/\/turizamnekretnine.me\/turizam\/apartmani-u-kolasinu\/\">\ud83c\udfe0 <strong data-start=\"501\" data-end=\"514\">Apartmani<\/strong><\/a><\/h4>\n<pre style=\"text-align: center;\" data-start=\"498\" data-end=\"559\">moderno opremljeni stanovi blizu centra\r\n\r\n<\/pre>\n<h4 style=\"text-align: center;\" data-start=\"498\" data-end=\"559\"><a href=\"https:\/\/turizamnekretnine.me\/turizam\/planinski-resorti-kolasin\/\"><strong data-start=\"335\" data-end=\"369\">\ud83c\udf32 Planinski resorti<\/strong><\/a><\/h4>\n<pre style=\"text-align: center;\" data-start=\"498\" data-end=\"559\">kompleksi za odmor u prirodi, idealni za grupe i porodice\r\n\r\n<\/pre>\n<h4 style=\"text-align: center;\" data-start=\"562\" data-end=\"627\"><a href=\"https:\/\/turizamnekretnine.me\/turizam\/eko-katuni-kolasin\/\">\ud83c\udfd4\ufe0f <strong data-start=\"269\" data-end=\"283\">Eko katuni<\/strong><\/a><\/h4>\n<pre style=\"text-align: center;\" data-start=\"562\" data-end=\"627\">autenti\u010dan planinski do\u017eivljaj u prirodi\r\n\r\n<\/pre>\n<h4 style=\"text-align: center;\" data-start=\"498\" data-end=\"559\"><a href=\"https:\/\/turizamnekretnine.me\/turizam\/pansioni-u-kolasinu\/\">\ud83c\udfe1 <strong data-start=\"335\" data-end=\"369\">Pansioni<\/strong><\/a><\/h4>\n<pre style=\"text-align: center;\">udoban smje\u0161taj sa toplinom doma\u0107inske atmosfere\r\n\r\n<\/pre>\n<p>[\/vc_column_text][\/vc_column][\/vc_row]<\/p>\n<\/section>","protected":false},"excerpt":{"rendered":"<p>[vc_row full_width=&#8221;stretch_row_content_no_spaces&#8221; content_placement=&#8221;top&#8221; css_animation=&#8221;rollIn&#8221;][vc_column][vc_cta h2=&#8221;Posjetite katun Rupe re\u010dinske&#8221; txt_align=&#8221;center&#8221; style=&#8221;3d&#8221; color=&#8221;green&#8221; el_width=&#8221;lg&#8221; css_animation=&#8221;top-to-bottom&#8221; use_custom_fonts_h2=&#8221;true&#8221; use_custom_fonts_h4=&#8221;true&#8221;] Porodica Kuburovi\u0107 trenutno upravlja poljoprivrednim gazdinstvom i radi na osnivanju eko katuna. \u00a0Boravite u autenti\u010dnom katunskom i seoskom okru\u017eenju i istovremeno doprinosite o\u010duvanju ekolo\u0161ke ravnote\u017ee. [\/vc_cta][\/vc_column][\/vc_row][vc_row][vc_column][vc_column_text] SMJE\u0160TAJ KOLA\u0160IN \ud83c\udfe8 Hoteli za udoban boravak sa punom uslugom \ud83c\udfe0 Apartmani moderno opremljeni [&hellip;]<\/p>\n","protected":false},"author":15,"featured_media":10121,"parent":0,"menu_order":0,"comment_status":"closed","ping_status":"closed","template":"","meta":{"footnotes":""},"class_list":["post-9695","page","type-page","status-publish","has-post-thumbnail","hentry"],"yoast_head":"<!-- This site is optimized with the Yoast SEO Premium plugin v27.2 (Yoast SEO v27.2) - https:\/\/yoast.com\/product\/yoast-seo-premium-wordpress\/ -->\n<title>Turisti\u010dka ponuda, Kola\u0161in Eco Travel \u2013 Crna Gora<\/title>\n<meta name=\"description\" content=\"Do\u017eivite autenti\u010dan planinski turizam u Kola\u0161inu. Planinske ture, smje\u0161taj, panoramske vo\u017enje, fotografisanje, degustacija lokalne hrane\" \/>\n<meta name=\"robots\" content=\"index, follow, max-snippet:-1, max-image-preview:large, max-video-preview:-1\" \/>\n<link rel=\"canonical\" href=\"https:\/\/turizamnekretnine.me\/turizam\/\" \/>\n<meta property=\"og:locale\" content=\"en_US\" \/>\n<meta property=\"og:type\" content=\"article\" \/>\n<meta property=\"og:title\" content=\"Turisti\u010dka ponuda, Kola\u0161in Eco Travel \u2013 Crna Gora\" \/>\n<meta property=\"og:description\" content=\"Do\u017eivite autenti\u010dan planinski turizam u Kola\u0161inu. Planinske ture, smje\u0161taj, panoramske vo\u017enje, fotografisanje, degustacija lokalne hrane\" \/>\n<meta property=\"og:url\" content=\"https:\/\/turizamnekretnine.me\/turizam\/\" \/>\n<meta property=\"og:site_name\" content=\"Kola\u0161in Eco Travel\" \/>\n<meta property=\"article:publisher\" content=\"https:\/\/www.facebook.com\/ecotravel.me\" \/>\n<meta property=\"article:modified_time\" content=\"2025-12-06T19:12:03+00:00\" \/>\n<meta property=\"og:image\" content=\"https:\/\/turizamnekretnine.me\/turizam\/wp-content\/uploads\/2025\/07\/KOLASIN-scaled.jpg\" \/>\n\t<meta property=\"og:image:width\" content=\"2560\" \/>\n\t<meta property=\"og:image:height\" content=\"1707\" \/>\n\t<meta property=\"og:image:type\" content=\"image\/jpeg\" \/>\n<meta name=\"twitter:card\" content=\"summary_large_image\" \/>\n<meta name=\"twitter:title\" content=\"Turisti\u010dka Agencija\" \/>\n<meta name=\"twitter:label1\" content=\"Est. reading time\" \/>\n\t<meta name=\"twitter:data1\" content=\"4 minutes\" \/>\n<script type=\"application\/ld+json\" class=\"yoast-schema-graph\">{\"@context\":\"https:\/\/schema.org\",\"@graph\":[{\"@type\":\"WebPage\",\"@id\":\"https:\/\/turizamnekretnine.me\/turizam\/\",\"url\":\"https:\/\/turizamnekretnine.me\/turizam\/\",\"name\":\"Turisti\u010dka ponuda, Kola\u0161in Eco Travel \u2013 Crna Gora\",\"isPartOf\":{\"@id\":\"https:\/\/turizamnekretnine.me\/turizam\/#website\"},\"primaryImageOfPage\":{\"@id\":\"https:\/\/turizamnekretnine.me\/turizam\/#primaryimage\"},\"image\":{\"@id\":\"https:\/\/turizamnekretnine.me\/turizam\/#primaryimage\"},\"thumbnailUrl\":\"https:\/\/turizamnekretnine.me\/turizam\/wp-content\/uploads\/2025\/07\/KOLASIN-scaled.jpg\",\"datePublished\":\"2025-07-01T08:19:13+00:00\",\"dateModified\":\"2025-12-06T19:12:03+00:00\",\"description\":\"Do\u017eivite autenti\u010dan planinski turizam u Kola\u0161inu. Planinske ture, smje\u0161taj, panoramske vo\u017enje, fotografisanje, degustacija lokalne hrane\",\"breadcrumb\":{\"@id\":\"https:\/\/turizamnekretnine.me\/turizam\/#breadcrumb\"},\"inLanguage\":\"en-US\",\"potentialAction\":[{\"@type\":\"ReadAction\",\"target\":[\"https:\/\/turizamnekretnine.me\/turizam\/\"]}]},{\"@type\":\"ImageObject\",\"inLanguage\":\"en-US\",\"@id\":\"https:\/\/turizamnekretnine.me\/turizam\/#primaryimage\",\"url\":\"https:\/\/turizamnekretnine.me\/turizam\/wp-content\/uploads\/2025\/07\/KOLASIN-scaled.jpg\",\"contentUrl\":\"https:\/\/turizamnekretnine.me\/turizam\/wp-content\/uploads\/2025\/07\/KOLASIN-scaled.jpg\",\"width\":2560,\"height\":1707,\"caption\":\"Turizam Smjestaj u Kola\u0161inu\"},{\"@type\":\"BreadcrumbList\",\"@id\":\"https:\/\/turizamnekretnine.me\/turizam\/#breadcrumb\",\"itemListElement\":[{\"@type\":\"ListItem\",\"position\":1,\"name\":\"Home\",\"item\":\"https:\/\/turizamnekretnine.me\/turizam\/\"},{\"@type\":\"ListItem\",\"position\":2,\"name\":\"Turisti\u010dka Agencija\"}]},{\"@type\":\"WebSite\",\"@id\":\"https:\/\/turizamnekretnine.me\/turizam\/#website\",\"url\":\"https:\/\/turizamnekretnine.me\/turizam\/\",\"name\":\"Kola\u0161in Eco Travel Montenegro\",\"description\":\"Travel Agency\",\"publisher\":{\"@id\":\"https:\/\/turizamnekretnine.me\/turizam\/#organization\"},\"potentialAction\":[{\"@type\":\"SearchAction\",\"target\":{\"@type\":\"EntryPoint\",\"urlTemplate\":\"https:\/\/turizamnekretnine.me\/turizam\/?s={search_term_string}\"},\"query-input\":{\"@type\":\"PropertyValueSpecification\",\"valueRequired\":true,\"valueName\":\"search_term_string\"}}],\"inLanguage\":\"en-US\"},{\"@type\":\"Organization\",\"@id\":\"https:\/\/turizamnekretnine.me\/turizam\/#organization\",\"name\":\"Kola\u0161in Eco Travel\",\"url\":\"https:\/\/turizamnekretnine.me\/turizam\/\",\"logo\":{\"@type\":\"ImageObject\",\"inLanguage\":\"en-US\",\"@id\":\"https:\/\/turizamnekretnine.me\/turizam\/#\/schema\/logo\/image\/\",\"url\":\"https:\/\/turizamnekretnine.me\/turizam\/wp-content\/uploads\/2025\/11\/cropped-Logo-Social-media.png\",\"contentUrl\":\"https:\/\/turizamnekretnine.me\/turizam\/wp-content\/uploads\/2025\/11\/cropped-Logo-Social-media.png\",\"width\":512,\"height\":512,\"caption\":\"Kola\u0161in Eco Travel\"},\"image\":{\"@id\":\"https:\/\/turizamnekretnine.me\/turizam\/#\/schema\/logo\/image\/\"},\"sameAs\":[\"https:\/\/www.facebook.com\/ecotravel.me\",\"https:\/\/www.instagram.com\/kolasin_ecotravel\",\"https:\/\/www.youtube.com\/@KolasinEcoTravelME\"]}]}<\/script>\n<!-- \/ Yoast SEO Premium plugin. -->","yoast_head_json":{"title":"Turisti\u010dka ponuda, Kola\u0161in Eco Travel \u2013 Crna Gora","description":"Do\u017eivite autenti\u010dan planinski turizam u Kola\u0161inu. Planinske ture, smje\u0161taj, panoramske vo\u017enje, fotografisanje, degustacija lokalne hrane","robots":{"index":"index","follow":"follow","max-snippet":"max-snippet:-1","max-image-preview":"max-image-preview:large","max-video-preview":"max-video-preview:-1"},"canonical":"https:\/\/turizamnekretnine.me\/turizam\/","og_locale":"en_US","og_type":"article","og_title":"Turisti\u010dka ponuda, Kola\u0161in Eco Travel \u2013 Crna Gora","og_description":"Do\u017eivite autenti\u010dan planinski turizam u Kola\u0161inu. Planinske ture, smje\u0161taj, panoramske vo\u017enje, fotografisanje, degustacija lokalne hrane","og_url":"https:\/\/turizamnekretnine.me\/turizam\/","og_site_name":"Kola\u0161in Eco Travel","article_publisher":"https:\/\/www.facebook.com\/ecotravel.me","article_modified_time":"2025-12-06T19:12:03+00:00","og_image":[{"width":2560,"height":1707,"url":"https:\/\/turizamnekretnine.me\/turizam\/wp-content\/uploads\/2025\/07\/KOLASIN-scaled.jpg","type":"image\/jpeg"}],"twitter_card":"summary_large_image","twitter_title":"Turisti\u010dka Agencija","twitter_misc":{"Est. reading time":"4 minutes"},"schema":{"@context":"https:\/\/schema.org","@graph":[{"@type":"WebPage","@id":"https:\/\/turizamnekretnine.me\/turizam\/","url":"https:\/\/turizamnekretnine.me\/turizam\/","name":"Turisti\u010dka ponuda, Kola\u0161in Eco Travel \u2013 Crna Gora","isPartOf":{"@id":"https:\/\/turizamnekretnine.me\/turizam\/#website"},"primaryImageOfPage":{"@id":"https:\/\/turizamnekretnine.me\/turizam\/#primaryimage"},"image":{"@id":"https:\/\/turizamnekretnine.me\/turizam\/#primaryimage"},"thumbnailUrl":"https:\/\/turizamnekretnine.me\/turizam\/wp-content\/uploads\/2025\/07\/KOLASIN-scaled.jpg","datePublished":"2025-07-01T08:19:13+00:00","dateModified":"2025-12-06T19:12:03+00:00","description":"Do\u017eivite autenti\u010dan planinski turizam u Kola\u0161inu. Planinske ture, smje\u0161taj, panoramske vo\u017enje, fotografisanje, degustacija lokalne hrane","breadcrumb":{"@id":"https:\/\/turizamnekretnine.me\/turizam\/#breadcrumb"},"inLanguage":"en-US","potentialAction":[{"@type":"ReadAction","target":["https:\/\/turizamnekretnine.me\/turizam\/"]}]},{"@type":"ImageObject","inLanguage":"en-US","@id":"https:\/\/turizamnekretnine.me\/turizam\/#primaryimage","url":"https:\/\/turizamnekretnine.me\/turizam\/wp-content\/uploads\/2025\/07\/KOLASIN-scaled.jpg","contentUrl":"https:\/\/turizamnekretnine.me\/turizam\/wp-content\/uploads\/2025\/07\/KOLASIN-scaled.jpg","width":2560,"height":1707,"caption":"Turizam Smjestaj u Kola\u0161inu"},{"@type":"BreadcrumbList","@id":"https:\/\/turizamnekretnine.me\/turizam\/#breadcrumb","itemListElement":[{"@type":"ListItem","position":1,"name":"Home","item":"https:\/\/turizamnekretnine.me\/turizam\/"},{"@type":"ListItem","position":2,"name":"Turisti\u010dka Agencija"}]},{"@type":"WebSite","@id":"https:\/\/turizamnekretnine.me\/turizam\/#website","url":"https:\/\/turizamnekretnine.me\/turizam\/","name":"Kola\u0161in Eco Travel Montenegro","description":"Travel Agency","publisher":{"@id":"https:\/\/turizamnekretnine.me\/turizam\/#organization"},"potentialAction":[{"@type":"SearchAction","target":{"@type":"EntryPoint","urlTemplate":"https:\/\/turizamnekretnine.me\/turizam\/?s={search_term_string}"},"query-input":{"@type":"PropertyValueSpecification","valueRequired":true,"valueName":"search_term_string"}}],"inLanguage":"en-US"},{"@type":"Organization","@id":"https:\/\/turizamnekretnine.me\/turizam\/#organization","name":"Kola\u0161in Eco Travel","url":"https:\/\/turizamnekretnine.me\/turizam\/","logo":{"@type":"ImageObject","inLanguage":"en-US","@id":"https:\/\/turizamnekretnine.me\/turizam\/#\/schema\/logo\/image\/","url":"https:\/\/turizamnekretnine.me\/turizam\/wp-content\/uploads\/2025\/11\/cropped-Logo-Social-media.png","contentUrl":"https:\/\/turizamnekretnine.me\/turizam\/wp-content\/uploads\/2025\/11\/cropped-Logo-Social-media.png","width":512,"height":512,"caption":"Kola\u0161in Eco Travel"},"image":{"@id":"https:\/\/turizamnekretnine.me\/turizam\/#\/schema\/logo\/image\/"},"sameAs":["https:\/\/www.facebook.com\/ecotravel.me","https:\/\/www.instagram.com\/kolasin_ecotravel","https:\/\/www.youtube.com\/@KolasinEcoTravelME"]}]}},"_links":{"self":[{"href":"https:\/\/turizamnekretnine.me\/turizam\/wp-json\/wp\/v2\/pages\/9695","targetHints":{"allow":["GET"]}}],"collection":[{"href":"https:\/\/turizamnekretnine.me\/turizam\/wp-json\/wp\/v2\/pages"}],"about":[{"href":"https:\/\/turizamnekretnine.me\/turizam\/wp-json\/wp\/v2\/types\/page"}],"author":[{"embeddable":true,"href":"https:\/\/turizamnekretnine.me\/turizam\/wp-json\/wp\/v2\/users\/15"}],"replies":[{"embeddable":true,"href":"https:\/\/turizamnekretnine.me\/turizam\/wp-json\/wp\/v2\/comments?post=9695"}],"version-history":[{"count":4,"href":"https:\/\/turizamnekretnine.me\/turizam\/wp-json\/wp\/v2\/pages\/9695\/revisions"}],"predecessor-version":[{"id":11496,"href":"https:\/\/turizamnekretnine.me\/turizam\/wp-json\/wp\/v2\/pages\/9695\/revisions\/11496"}],"wp:featuredmedia":[{"embeddable":true,"href":"https:\/\/turizamnekretnine.me\/turizam\/wp-json\/wp\/v2\/media\/10121"}],"wp:attachment":[{"href":"https:\/\/turizamnekretnine.me\/turizam\/wp-json\/wp\/v2\/media?parent=9695"}],"curies":[{"name":"wp","href":"https:\/\/api.w.org\/{rel}","templated":true}]}}